{"id":77,"date":"2022-04-30T16:43:44","date_gmt":"2022-04-30T14:43:44","guid":{"rendered":"https:\/\/dual-ethik.fr\/?post_type=product&#038;p=77"},"modified":"2026-03-27T17:17:24","modified_gmt":"2026-03-27T16:17:24","slug":"baume-deodorant-2","status":"publish","type":"product","link":"https:\/\/dual-ethik.fr\/index.php\/produit\/baume-deodorant-2\/","title":{"rendered":"Le Baume D\u00e9odorant n\u00b02"},"content":{"rendered":"\t\t<div data-elementor-type=\"product-post\" data-elementor-id=\"77\" class=\"elementor elementor-77\" data-elementor-post-type=\"product\">\n\t\t\t\t<div class=\"elementor-element elementor-element-e2b9aed e-flex e-con-boxed e-con e-parent\" data-id=\"e2b9aed\" data-element_type=\"container\" data-e-type=\"container\">\n\t\t\t\t\t<div class=\"e-con-inner\">\n\t\t\t\t<div class=\"elementor-element elementor-element-a4d0ce4 elementor-widget elementor-widget-text-editor\" data-id=\"a4d0ce4\" data-element_type=\"widget\" data-e-type=\"widget\" data-widget_type=\"text-editor.default\">\n\t\t\t\t<div class=\"elementor-widget-container\">\n\t\t\t\t\t\t\t\t\t<p>Optez pour une protection d\u00e9odorante avec <strong>le Baume D\u00e9odorant n\u00b02<\/strong> . Ce baume combine des ingr\u00e9dients biologiques et \u00e9quitables tels que le beurre de karit\u00e9 brut et l&rsquo;huile de coco vierge pour nourrir et prot\u00e9ger la peau sensible des aisselles. L&rsquo;ajout d&rsquo;huile essentielle de palmarosa procure une douce senteur florale agr\u00e9able tout en aidant \u00e0 neutraliser les odeurs de transpiration.<\/p><p>Vous pouvez retrouver sa version sans parfum <a href=\"https:\/\/dual-ethik.fr\/index.php\/produit\/le-baume-deodorant-n1\/\">ici<\/a>.<\/p>\t\t\t\t\t\t\t\t<\/div>\n\t\t\t\t<\/div>\n\t\t\t\t<div class=\"elementor-element elementor-element-f6cbba4 elementor-widget elementor-widget-heading\" data-id=\"f6cbba4\" data-element_type=\"widget\" data-e-type=\"widget\" data-widget_type=\"heading.default\">\n\t\t\t\t<div class=\"elementor-widget-container\">\n\t\t\t\t\t<h3 class=\"elementor-heading-title elementor-size-default\">Composition<\/h3>\t\t\t\t<\/div>\n\t\t\t\t<\/div>\n\t\t\t\t<div class=\"elementor-element elementor-element-c152d94 elementor-widget elementor-widget-text-editor\" data-id=\"c152d94\" data-element_type=\"widget\" data-e-type=\"widget\" data-widget_type=\"text-editor.default\">\n\t\t\t\t<div class=\"elementor-widget-container\">\n\t\t\t\t\t\t\t\t\t<ul><li>Beurre de karit\u00e9<\/li><li>Huile de coco<\/li><li>Bicarbonate de soude<\/li><li>Amidon de ma\u00efs<\/li><li>Cire de carnauba<\/li><li>Huile essentielle de palmarosa<\/li><\/ul>\t\t\t\t\t\t\t\t<\/div>\n\t\t\t\t<\/div>\n\t\t\t\t<div class=\"elementor-element elementor-element-546ccc0 elementor-widget elementor-widget-heading\" data-id=\"546ccc0\" data-element_type=\"widget\" data-e-type=\"widget\" data-widget_type=\"heading.default\">\n\t\t\t\t<div class=\"elementor-widget-container\">\n\t\t\t\t\t<h3 class=\"elementor-heading-title elementor-size-default\">Conseil d'utilisation<\/h3>\t\t\t\t<\/div>\n\t\t\t\t<\/div>\n\t\t\t\t<div class=\"elementor-element elementor-element-23307bc elementor-widget elementor-widget-text-editor\" data-id=\"23307bc\" data-element_type=\"widget\" data-e-type=\"widget\" data-widget_type=\"text-editor.default\">\n\t\t\t\t<div class=\"elementor-widget-container\">\n\t\t\t\t\t\t\t\t\t<p>Pr\u00e9levez une petite quantit\u00e9 de baume, chauffez-la entre vos doigts et appliquez d\u00e9licatement sur des aisselles propres et s\u00e8ches.<\/p>\t\t\t\t\t\t\t\t<\/div>\n\t\t\t\t<\/div>\n\t\t\t\t<div class=\"elementor-element elementor-element-d5fed79 elementor-widget elementor-widget-heading\" data-id=\"d5fed79\" data-element_type=\"widget\" data-e-type=\"widget\" data-widget_type=\"heading.default\">\n\t\t\t\t<div class=\"elementor-widget-container\">\n\t\t\t\t\t<h4 class=\"elementor-heading-title elementor-size-default\">Pr\u00e9cautions d'usage<\/h4>\t\t\t\t<\/div>\n\t\t\t\t<\/div>\n\t\t\t\t<div class=\"elementor-element elementor-element-7ca76f2 elementor-widget elementor-widget-text-editor\" data-id=\"7ca76f2\" data-element_type=\"widget\" data-e-type=\"widget\" data-widget_type=\"text-editor.default\">\n\t\t\t\t<div class=\"elementor-widget-container\">\n\t\t\t\t\t\t\t\t\t<p>Ne pas utiliser en cas d&rsquo;allergie \u00e0 l&rsquo;un des composants.<\/p>\t\t\t\t\t\t\t\t<\/div>\n\t\t\t\t<\/div>\n\t\t\t\t\t<\/div>\n\t\t\t\t<\/div>\n\t\t\t\t<\/div>\n\t\t","protected":false},"excerpt":{"rendered":"<p>Le Baume D\u00e9odorant n\u00b02 de offre une protection contre les odeurs de transpiration. Il nourrit la peau d\u00e9licate des aisselles tout en laissant un parfum fleuri.<\/p>\n","protected":false},"featured_media":961,"template":"","meta":[],"product_brand":[],"product_cat":[27],"product_tag":[],"class_list":{"0":"post-77","1":"product","2":"type-product","3":"status-publish","4":"has-post-thumbnail","6":"product_cat-cosmetiques","8":"first","9":"instock","10":"shipping-taxable","11":"purchasable","12":"product-type-simple"},"yoast_head":"<!-- This site is optimized with the Yoast SEO plugin v27.5 - https:\/\/yoast.com\/product\/yoast-seo-wordpress\/ -->\n<title>&quot;Baume D\u00e9odorant n\u00b02 au Palmarosa \u2013 Dual&#039;Ethik&quot;<\/title>\n<meta name=\"description\" content=\"D\u00e9couvrez le Baume D\u00e9odorant n\u00b02 : une protection efficace contre les odeurs, parfum\u00e9 avec l&#039;huile essentielle de palmarosa pour une fra\u00eecheur fleurie.\" \/>\n<meta name=\"robots\" content=\"index, follow, max-snippet:-1, max-image-preview:large, max-video-preview:-1\" \/>\n<link rel=\"canonical\" href=\"https:\/\/dual-ethik.fr\/index.php\/produit\/baume-deodorant-2\/\" \/>\n<meta property=\"og:locale\" content=\"fr_FR\" \/>\n<meta property=\"og:type\" content=\"article\" \/>\n<meta property=\"og:title\" content=\"&quot;Baume D\u00e9odorant n\u00b02 au Palmarosa \u2013 Dual&#039;Ethik&quot;\" \/>\n<meta property=\"og:description\" content=\"D\u00e9couvrez le Baume D\u00e9odorant n\u00b02 : une protection efficace contre les odeurs, parfum\u00e9 avec l&#039;huile essentielle de palmarosa pour une fra\u00eecheur fleurie.\" \/>\n<meta property=\"og:url\" content=\"https:\/\/dual-ethik.fr\/index.php\/produit\/baume-deodorant-2\/\" \/>\n<meta property=\"og:site_name\" content=\"Dual&#039;Ethik\" \/>\n<meta property=\"article:modified_time\" content=\"2026-03-27T16:17:24+00:00\" \/>\n<meta property=\"og:image\" content=\"https:\/\/dual-ethik.fr\/wp-content\/uploads\/2025\/03\/baume-deodorant-2-ouvert.jpeg\" \/>\n\t<meta property=\"og:image:width\" content=\"1300\" \/>\n\t<meta property=\"og:image:height\" content=\"869\" \/>\n\t<meta property=\"og:image:type\" content=\"image\/jpeg\" \/>\n<meta name=\"twitter:card\" content=\"summary_large_image\" \/>\n<meta name=\"twitter:label1\" content=\"Prix\" \/>\n\t<meta name=\"twitter:data1\" content=\"9,90&nbsp;&euro;\" \/>\n\t<meta name=\"twitter:label2\" content=\"Disponibilit\u00e9\" \/>\n\t<meta name=\"twitter:data2\" content=\"En stock\" \/>\n<script type=\"application\/ld+json\" class=\"yoast-schema-graph\">{\"@context\":\"https:\\\/\\\/schema.org\",\"@graph\":[{\"@type\":\"WebPage\",\"@id\":\"https:\\\/\\\/dual-ethik.fr\\\/index.php\\\/produit\\\/baume-deodorant-2\\\/\",\"url\":\"https:\\\/\\\/dual-ethik.fr\\\/index.php\\\/produit\\\/baume-deodorant-2\\\/\",\"name\":\"\\\"Baume D\u00e9odorant n\u00b02 au Palmarosa \u2013 Dual'Ethik\\\"\",\"isPartOf\":{\"@id\":\"https:\\\/\\\/dual-ethik.fr\\\/#website\"},\"primaryImageOfPage\":{\"@id\":\"https:\\\/\\\/dual-ethik.fr\\\/index.php\\\/produit\\\/baume-deodorant-2\\\/#primaryimage\"},\"image\":{\"@id\":\"https:\\\/\\\/dual-ethik.fr\\\/index.php\\\/produit\\\/baume-deodorant-2\\\/#primaryimage\"},\"thumbnailUrl\":\"https:\\\/\\\/dual-ethik.fr\\\/wp-content\\\/uploads\\\/2025\\\/03\\\/baume-deodorant-2-ouvert.jpeg\",\"datePublished\":\"2022-04-30T14:43:44+00:00\",\"dateModified\":\"2026-03-27T16:17:24+00:00\",\"description\":\"D\u00e9couvrez le Baume D\u00e9odorant n\u00b02 : une protection efficace contre les odeurs, parfum\u00e9 avec l'huile essentielle de palmarosa pour une fra\u00eecheur fleurie.\",\"breadcrumb\":{\"@id\":\"https:\\\/\\\/dual-ethik.fr\\\/index.php\\\/produit\\\/baume-deodorant-2\\\/#breadcrumb\"},\"inLanguage\":\"fr-FR\",\"potentialAction\":[{\"@type\":\"ReadAction\",\"target\":[\"https:\\\/\\\/dual-ethik.fr\\\/index.php\\\/produit\\\/baume-deodorant-2\\\/\"]}]},{\"@type\":\"ImageObject\",\"inLanguage\":\"fr-FR\",\"@id\":\"https:\\\/\\\/dual-ethik.fr\\\/index.php\\\/produit\\\/baume-deodorant-2\\\/#primaryimage\",\"url\":\"https:\\\/\\\/dual-ethik.fr\\\/wp-content\\\/uploads\\\/2025\\\/03\\\/baume-deodorant-2-ouvert.jpeg\",\"contentUrl\":\"https:\\\/\\\/dual-ethik.fr\\\/wp-content\\\/uploads\\\/2025\\\/03\\\/baume-deodorant-2-ouvert.jpeg\",\"width\":1300,\"height\":869,\"caption\":\"Un pot de baume d\u00e9odorant n\u00b02 ouvert\"},{\"@type\":\"BreadcrumbList\",\"@id\":\"https:\\\/\\\/dual-ethik.fr\\\/index.php\\\/produit\\\/baume-deodorant-2\\\/#breadcrumb\",\"itemListElement\":[{\"@type\":\"ListItem\",\"position\":1,\"name\":\"Accueil\",\"item\":\"https:\\\/\\\/dual-ethik.fr\\\/\"},{\"@type\":\"ListItem\",\"position\":2,\"name\":\"Produits\",\"item\":\"https:\\\/\\\/dual-ethik.fr\\\/index.php\\\/shop\\\/\"},{\"@type\":\"ListItem\",\"position\":3,\"name\":\"Le Baume D\u00e9odorant n\u00b02\"}]},{\"@type\":\"WebSite\",\"@id\":\"https:\\\/\\\/dual-ethik.fr\\\/#website\",\"url\":\"https:\\\/\\\/dual-ethik.fr\\\/\",\"name\":\"Dual'Ethik\",\"description\":\"\",\"publisher\":{\"@id\":\"https:\\\/\\\/dual-ethik.fr\\\/#organization\"},\"potentialAction\":[{\"@type\":\"SearchAction\",\"target\":{\"@type\":\"EntryPoint\",\"urlTemplate\":\"https:\\\/\\\/dual-ethik.fr\\\/?s={search_term_string}\"},\"query-input\":{\"@type\":\"PropertyValueSpecification\",\"valueRequired\":true,\"valueName\":\"search_term_string\"}}],\"inLanguage\":\"fr-FR\"},{\"@type\":\"Organization\",\"@id\":\"https:\\\/\\\/dual-ethik.fr\\\/#organization\",\"name\":\"Dual'Ethik\",\"url\":\"https:\\\/\\\/dual-ethik.fr\\\/\",\"logo\":{\"@type\":\"ImageObject\",\"inLanguage\":\"fr-FR\",\"@id\":\"https:\\\/\\\/dual-ethik.fr\\\/#\\\/schema\\\/logo\\\/image\\\/\",\"url\":\"https:\\\/\\\/dual-ethik.fr\\\/wp-content\\\/uploads\\\/2025\\\/02\\\/logo-dual-ethik.png\",\"contentUrl\":\"https:\\\/\\\/dual-ethik.fr\\\/wp-content\\\/uploads\\\/2025\\\/02\\\/logo-dual-ethik.png\",\"width\":100,\"height\":80,\"caption\":\"Dual'Ethik\"},\"image\":{\"@id\":\"https:\\\/\\\/dual-ethik.fr\\\/#\\\/schema\\\/logo\\\/image\\\/\"}}]}<\/script>\n<meta property=\"product:price:amount\" content=\"9.90\" \/>\n<meta property=\"product:price:currency\" content=\"EUR\" \/>\n<meta property=\"og:availability\" content=\"instock\" \/>\n<meta property=\"product:availability\" content=\"instock\" \/>\n<meta property=\"product:retailer_item_id\" content=\"D\u00e9odorant 2\" \/>\n<meta property=\"product:condition\" content=\"new\" \/>\n<!-- \/ Yoast SEO plugin. -->","yoast_head_json":{"title":"\"Baume D\u00e9odorant n\u00b02 au Palmarosa \u2013 Dual'Ethik\"","description":"D\u00e9couvrez le Baume D\u00e9odorant n\u00b02 : une protection efficace contre les odeurs, parfum\u00e9 avec l'huile essentielle de palmarosa pour une fra\u00eecheur fleurie.","robots":{"index":"index","follow":"follow","max-snippet":"max-snippet:-1","max-image-preview":"max-image-preview:large","max-video-preview":"max-video-preview:-1"},"canonical":"https:\/\/dual-ethik.fr\/index.php\/produit\/baume-deodorant-2\/","og_locale":"fr_FR","og_type":"article","og_title":"\"Baume D\u00e9odorant n\u00b02 au Palmarosa \u2013 Dual'Ethik\"","og_description":"D\u00e9couvrez le Baume D\u00e9odorant n\u00b02 : une protection efficace contre les odeurs, parfum\u00e9 avec l'huile essentielle de palmarosa pour une fra\u00eecheur fleurie.","og_url":"https:\/\/dual-ethik.fr\/index.php\/produit\/baume-deodorant-2\/","og_site_name":"Dual&#039;Ethik","article_modified_time":"2026-03-27T16:17:24+00:00","og_image":[{"width":1300,"height":869,"url":"https:\/\/dual-ethik.fr\/wp-content\/uploads\/2025\/03\/baume-deodorant-2-ouvert.jpeg","type":"image\/jpeg"}],"twitter_card":"summary_large_image","twitter_misc":{"Prix":"9,90&nbsp;&euro;","Disponibilit\u00e9":"En stock"},"schema":{"@context":"https:\/\/schema.org","@graph":[{"@type":"WebPage","@id":"https:\/\/dual-ethik.fr\/index.php\/produit\/baume-deodorant-2\/","url":"https:\/\/dual-ethik.fr\/index.php\/produit\/baume-deodorant-2\/","name":"\"Baume D\u00e9odorant n\u00b02 au Palmarosa \u2013 Dual'Ethik\"","isPartOf":{"@id":"https:\/\/dual-ethik.fr\/#website"},"primaryImageOfPage":{"@id":"https:\/\/dual-ethik.fr\/index.php\/produit\/baume-deodorant-2\/#primaryimage"},"image":{"@id":"https:\/\/dual-ethik.fr\/index.php\/produit\/baume-deodorant-2\/#primaryimage"},"thumbnailUrl":"https:\/\/dual-ethik.fr\/wp-content\/uploads\/2025\/03\/baume-deodorant-2-ouvert.jpeg","datePublished":"2022-04-30T14:43:44+00:00","dateModified":"2026-03-27T16:17:24+00:00","description":"D\u00e9couvrez le Baume D\u00e9odorant n\u00b02 : une protection efficace contre les odeurs, parfum\u00e9 avec l'huile essentielle de palmarosa pour une fra\u00eecheur fleurie.","breadcrumb":{"@id":"https:\/\/dual-ethik.fr\/index.php\/produit\/baume-deodorant-2\/#breadcrumb"},"inLanguage":"fr-FR","potentialAction":[{"@type":"ReadAction","target":["https:\/\/dual-ethik.fr\/index.php\/produit\/baume-deodorant-2\/"]}]},{"@type":"ImageObject","inLanguage":"fr-FR","@id":"https:\/\/dual-ethik.fr\/index.php\/produit\/baume-deodorant-2\/#primaryimage","url":"https:\/\/dual-ethik.fr\/wp-content\/uploads\/2025\/03\/baume-deodorant-2-ouvert.jpeg","contentUrl":"https:\/\/dual-ethik.fr\/wp-content\/uploads\/2025\/03\/baume-deodorant-2-ouvert.jpeg","width":1300,"height":869,"caption":"Un pot de baume d\u00e9odorant n\u00b02 ouvert"},{"@type":"BreadcrumbList","@id":"https:\/\/dual-ethik.fr\/index.php\/produit\/baume-deodorant-2\/#breadcrumb","itemListElement":[{"@type":"ListItem","position":1,"name":"Accueil","item":"https:\/\/dual-ethik.fr\/"},{"@type":"ListItem","position":2,"name":"Produits","item":"https:\/\/dual-ethik.fr\/index.php\/shop\/"},{"@type":"ListItem","position":3,"name":"Le Baume D\u00e9odorant n\u00b02"}]},{"@type":"WebSite","@id":"https:\/\/dual-ethik.fr\/#website","url":"https:\/\/dual-ethik.fr\/","name":"Dual'Ethik","description":"","publisher":{"@id":"https:\/\/dual-ethik.fr\/#organization"},"potentialAction":[{"@type":"SearchAction","target":{"@type":"EntryPoint","urlTemplate":"https:\/\/dual-ethik.fr\/?s={search_term_string}"},"query-input":{"@type":"PropertyValueSpecification","valueRequired":true,"valueName":"search_term_string"}}],"inLanguage":"fr-FR"},{"@type":"Organization","@id":"https:\/\/dual-ethik.fr\/#organization","name":"Dual'Ethik","url":"https:\/\/dual-ethik.fr\/","logo":{"@type":"ImageObject","inLanguage":"fr-FR","@id":"https:\/\/dual-ethik.fr\/#\/schema\/logo\/image\/","url":"https:\/\/dual-ethik.fr\/wp-content\/uploads\/2025\/02\/logo-dual-ethik.png","contentUrl":"https:\/\/dual-ethik.fr\/wp-content\/uploads\/2025\/02\/logo-dual-ethik.png","width":100,"height":80,"caption":"Dual'Ethik"},"image":{"@id":"https:\/\/dual-ethik.fr\/#\/schema\/logo\/image\/"}}]},"product_price_amount":"9.90","product_price_currency":"EUR","og_availability":"instock","product_availability":"instock","product_retailer_item_id":"D\u00e9odorant 2","product_condition":"new"},"_links":{"self":[{"href":"https:\/\/dual-ethik.fr\/index.php\/wp-json\/wp\/v2\/product\/77","targetHints":{"allow":["GET"]}}],"collection":[{"href":"https:\/\/dual-ethik.fr\/index.php\/wp-json\/wp\/v2\/product"}],"about":[{"href":"https:\/\/dual-ethik.fr\/index.php\/wp-json\/wp\/v2\/types\/product"}],"version-history":[{"count":16,"href":"https:\/\/dual-ethik.fr\/index.php\/wp-json\/wp\/v2\/product\/77\/revisions"}],"predecessor-version":[{"id":3170,"href":"https:\/\/dual-ethik.fr\/index.php\/wp-json\/wp\/v2\/product\/77\/revisions\/3170"}],"wp:featuredmedia":[{"embeddable":true,"href":"https:\/\/dual-ethik.fr\/index.php\/wp-json\/wp\/v2\/media\/961"}],"wp:attachment":[{"href":"https:\/\/dual-ethik.fr\/index.php\/wp-json\/wp\/v2\/media?parent=77"}],"wp:term":[{"taxonomy":"product_brand","embeddable":true,"href":"https:\/\/dual-ethik.fr\/index.php\/wp-json\/wp\/v2\/product_brand?post=77"},{"taxonomy":"product_cat","embeddable":true,"href":"https:\/\/dual-ethik.fr\/index.php\/wp-json\/wp\/v2\/product_cat?post=77"},{"taxonomy":"product_tag","embeddable":true,"href":"https:\/\/dual-ethik.fr\/index.php\/wp-json\/wp\/v2\/product_tag?post=77"}],"curies":[{"name":"wp","href":"https:\/\/api.w.org\/{rel}","templated":true}]}}