{"id":72,"date":"2022-08-12T11:30:53","date_gmt":"2022-08-12T09:30:53","guid":{"rendered":"https:\/\/dual-ethik.fr\/?post_type=product&#038;p=72"},"modified":"2026-04-11T19:50:48","modified_gmt":"2026-04-11T17:50:48","slug":"savon-shampooing-avoine","status":"publish","type":"product","link":"https:\/\/dual-ethik.fr\/index.php\/produit\/savon-shampooing-avoine\/","title":{"rendered":"Le Savon Shampooing Avoine"},"content":{"rendered":"\t\t<div data-elementor-type=\"product-post\" data-elementor-id=\"72\" class=\"elementor elementor-72\" data-elementor-post-type=\"product\">\n\t\t\t\t<div class=\"elementor-element elementor-element-edfaffc e-flex e-con-boxed e-con e-parent\" data-id=\"edfaffc\" data-element_type=\"container\" data-e-type=\"container\">\n\t\t\t\t\t<div class=\"e-con-inner\">\n\t\t\t\t<div class=\"elementor-element elementor-element-c93c39d elementor-widget elementor-widget-heading\" data-id=\"c93c39d\" data-element_type=\"widget\" data-e-type=\"widget\" data-widget_type=\"heading.default\">\n\t\t\t\t<div class=\"elementor-widget-container\">\n\t\t\t\t\t<h2 class=\"elementor-heading-title elementor-size-default\">Le Savon Shampooing Avoine -  Douceur et soin<\/h2>\t\t\t\t<\/div>\n\t\t\t\t<\/div>\n\t\t\t\t<div class=\"elementor-element elementor-element-2dac16c elementor-widget elementor-widget-text-editor\" data-id=\"2dac16c\" data-element_type=\"widget\" data-e-type=\"widget\" data-widget_type=\"text-editor.default\">\n\t\t\t\t<div class=\"elementor-widget-container\">\n\t\t\t\t\t\t\t\t\t<p><span class=\"notion-enable-hover\" data-token-index=\"0\">Transformez votre routine capillaire avec notre savon shampooing \u00e0 l&rsquo;avoine, une alternative aux shampooings liquides.<\/span><!-- notionvc: 35c496c1-b7fb-4160-aedb-22292c755ed5 --><\/p>\t\t\t\t\t\t\t\t<\/div>\n\t\t\t\t<\/div>\n\t\t\t\t<div class=\"elementor-element elementor-element-5560232 elementor-widget elementor-widget-heading\" data-id=\"5560232\" data-element_type=\"widget\" data-e-type=\"widget\" data-widget_type=\"heading.default\">\n\t\t\t\t<div class=\"elementor-widget-container\">\n\t\t\t\t\t<h3 class=\"elementor-heading-title elementor-size-default\">Pourquoi choisir le savon shampooing avoine ?<\/h3>\t\t\t\t<\/div>\n\t\t\t\t<\/div>\n\t\t\t\t<div class=\"elementor-element elementor-element-217d8d3 elementor-widget elementor-widget-text-editor\" data-id=\"217d8d3\" data-element_type=\"widget\" data-e-type=\"widget\" data-widget_type=\"text-editor.default\">\n\t\t\t\t<div class=\"elementor-widget-container\">\n\t\t\t\t\t\t\t\t\t<ul><li><strong>Fabrication artisanale :\u00a0<\/strong>saponifi\u00e9 \u00e0 froid dans mon atelier.<\/li><li><strong>Id\u00e9al pour les cheveux :<\/strong> L&rsquo;avoine est reconnue pour ses propri\u00e9t\u00e9s adoucissantes, permettant un lavage en douceur du cuir chevelu.<\/li><li><strong>Sans huiles essentielles :\u00a0<\/strong>peut \u00eatre utilis\u00e9 par toute la famille.<\/li><\/ul>\t\t\t\t\t\t\t\t<\/div>\n\t\t\t\t<\/div>\n\t\t\t\t<div class=\"elementor-element elementor-element-5355ca8 elementor-widget elementor-widget-heading\" data-id=\"5355ca8\" data-element_type=\"widget\" data-e-type=\"widget\" data-widget_type=\"heading.default\">\n\t\t\t\t<div class=\"elementor-widget-container\">\n\t\t\t\t\t<h3 class=\"elementor-heading-title elementor-size-default\">Ingr\u00e9dients<\/h3>\t\t\t\t<\/div>\n\t\t\t\t<\/div>\n\t\t\t\t<div class=\"elementor-element elementor-element-eaf48e7 elementor-widget elementor-widget-text-editor\" data-id=\"eaf48e7\" data-element_type=\"widget\" data-e-type=\"widget\" data-widget_type=\"text-editor.default\">\n\t\t\t\t<div class=\"elementor-widget-container\">\n\t\t\t\t\t\t\t\t\t<ul><li>Huile d&rsquo;olive<\/li><li>Huile de coco<\/li><li>Huile de ricin<\/li><li>Poudre d&rsquo;avoine<\/li><\/ul>\t\t\t\t\t\t\t\t<\/div>\n\t\t\t\t<\/div>\n\t\t\t\t<div class=\"elementor-element elementor-element-90cd45c elementor-widget elementor-widget-heading\" data-id=\"90cd45c\" data-element_type=\"widget\" data-e-type=\"widget\" data-widget_type=\"heading.default\">\n\t\t\t\t<div class=\"elementor-widget-container\">\n\t\t\t\t\t<h3 class=\"elementor-heading-title elementor-size-default\">Conseils d'utilisation<\/h3>\t\t\t\t<\/div>\n\t\t\t\t<\/div>\n\t\t\t\t<div class=\"elementor-element elementor-element-82af406 elementor-widget elementor-widget-text-editor\" data-id=\"82af406\" data-element_type=\"widget\" data-e-type=\"widget\" data-widget_type=\"text-editor.default\">\n\t\t\t\t<div class=\"elementor-widget-container\">\n\t\t\t\t\t\t\t\t\t<ol><li>Mouillez vos cheveux et le savon shampooing.<\/li><li>Frottez le savon entre vos mains ou directement sur le cuir chevelu. Vos longueurs et pointes sont lav\u00e9es pendant le rin\u00e7age.<\/li><li>Massez d\u00e9licatement puis rincez.<\/li><\/ol><div>Une p\u00e9riode d\u2019adaptation est parfois n\u00e9cessaire si vous n\u2019avez jamais utilis\u00e9 de savon shampooing.\u00a0 Il faut quelquefois plusieurs semaines pour que vos cheveux s\u2019habituent.<\/div><div>\u00a0<\/div><div>De temps en temps, si vous en ressentez le besoin, vous pouvez effectuer le dernier rin\u00e7age avec un m\u00e9lange vinaigre de cidre et eau (1 volume de cidre pour 5 volumes d\u2019eau).\u00a0 Cela permet de refermer les \u00e9cailles du cheveu et de les rendre encore plus brillants.<\/div>\t\t\t\t\t\t\t\t<\/div>\n\t\t\t\t<\/div>\n\t\t\t\t<div class=\"elementor-element elementor-element-ba74a40 elementor-widget elementor-widget-heading\" data-id=\"ba74a40\" data-element_type=\"widget\" data-e-type=\"widget\" data-widget_type=\"heading.default\">\n\t\t\t\t<div class=\"elementor-widget-container\">\n\t\t\t\t\t<h3 class=\"elementor-heading-title elementor-size-default\">Pr\u00e9cautions d'usage<\/h3>\t\t\t\t<\/div>\n\t\t\t\t<\/div>\n\t\t\t\t<div class=\"elementor-element elementor-element-d6a6e74 elementor-widget elementor-widget-text-editor\" data-id=\"d6a6e74\" data-element_type=\"widget\" data-e-type=\"widget\" data-widget_type=\"text-editor.default\">\n\t\t\t\t<div class=\"elementor-widget-container\">\n\t\t\t\t\t\t\t\t\t<ul><li>Pour prolonger sa dur\u00e9e de vie, laissez le s\u00e9cher sur un\u00a0<a href=\"https:\/\/dual-ethik.fr\/index.php\/produit\/porte-savon-minimaliste\/\">porte-savon minimaliste<\/a>\u00a0ou un\u00a0<a href=\"https:\/\/dual-ethik.fr\/index.php\/produit\/porte-savon-tessa\/\">porte-savon Tessa<\/a>. Les savons saponifi\u00e9s \u00e0 froid n\u2019aiment pas l\u2019eau stagnante.<\/li><li>\u00c9vitez tout contact avec les yeux. En cas de contact, rincez abondamment.<\/li><li>Ne pas ing\u00e9rer.<\/li><li>Ne pas utiliser en cas d\u2019allergie \u00e0 l\u2019un des composants.<\/li><\/ul>\t\t\t\t\t\t\t\t<\/div>\n\t\t\t\t<\/div>\n\t\t\t\t\t<\/div>\n\t\t\t\t<\/div>\n\t\t\t\t<\/div>\n\t\t","protected":false},"excerpt":{"rendered":"<p>Le savon shampooing avoine est fabriqu\u00e9 en saponification \u00e0 froid. Il ne contient pas d&rsquo;huiles essentielles.<\/p>\n","protected":false},"featured_media":973,"template":"","meta":[],"product_brand":[],"product_cat":[26],"product_tag":[],"class_list":{"0":"post-72","1":"product","2":"type-product","3":"status-publish","4":"has-post-thumbnail","6":"product_cat-savons","8":"first","9":"instock","10":"shipping-taxable","11":"purchasable","12":"product-type-variable"},"yoast_head":"<!-- This site is optimized with the Yoast SEO plugin v27.5 - https:\/\/yoast.com\/product\/yoast-seo-wordpress\/ -->\n<title>Le Savon Shampooing Avoine - Dual&#039;Ethik<\/title>\n<meta name=\"description\" content=\"Le savon shampooing avoine est fabriqu\u00e9 artisanalement dans mon atelier de Plo\u00ebrmel, gr\u00e2ce \u00e0 la m\u00e9thode de saponification \u00e0 froid. Sans huile essentielle\" \/>\n<meta name=\"robots\" content=\"index, follow, max-snippet:-1, max-image-preview:large, max-video-preview:-1\" \/>\n<link rel=\"canonical\" href=\"https:\/\/dual-ethik.fr\/index.php\/produit\/savon-shampooing-avoine\/\" \/>\n<meta property=\"og:locale\" content=\"fr_FR\" \/>\n<meta property=\"og:type\" content=\"article\" \/>\n<meta property=\"og:title\" content=\"Le Savon Shampooing Avoine - Dual&#039;Ethik\" \/>\n<meta property=\"og:description\" content=\"Le savon shampooing avoine est fabriqu\u00e9 artisanalement dans mon atelier de Plo\u00ebrmel, gr\u00e2ce \u00e0 la m\u00e9thode de saponification \u00e0 froid. Sans huile essentielle\" \/>\n<meta property=\"og:url\" content=\"https:\/\/dual-ethik.fr\/index.php\/produit\/savon-shampooing-avoine\/\" \/>\n<meta property=\"og:site_name\" content=\"Dual&#039;Ethik\" \/>\n<meta property=\"article:modified_time\" content=\"2026-04-11T17:50:48+00:00\" \/>\n<meta property=\"og:image\" content=\"https:\/\/dual-ethik.fr\/wp-content\/uploads\/2025\/03\/savon-shampooing-avoine.jpeg\" \/>\n\t<meta property=\"og:image:width\" content=\"1300\" \/>\n\t<meta property=\"og:image:height\" content=\"869\" \/>\n\t<meta property=\"og:image:type\" content=\"image\/jpeg\" \/>\n<meta name=\"twitter:card\" content=\"summary_large_image\" \/>\n<meta name=\"twitter:label1\" content=\"Disponibilit\u00e9\" \/>\n\t<meta name=\"twitter:data1\" content=\"En stock\" \/>\n<script type=\"application\/ld+json\" class=\"yoast-schema-graph\">{\"@context\":\"https:\\\/\\\/schema.org\",\"@graph\":[{\"@type\":\"WebPage\",\"@id\":\"https:\\\/\\\/dual-ethik.fr\\\/index.php\\\/produit\\\/savon-shampooing-avoine\\\/\",\"url\":\"https:\\\/\\\/dual-ethik.fr\\\/index.php\\\/produit\\\/savon-shampooing-avoine\\\/\",\"name\":\"Le Savon Shampooing Avoine - Dual'Ethik\",\"isPartOf\":{\"@id\":\"https:\\\/\\\/dual-ethik.fr\\\/#website\"},\"primaryImageOfPage\":{\"@id\":\"https:\\\/\\\/dual-ethik.fr\\\/index.php\\\/produit\\\/savon-shampooing-avoine\\\/#primaryimage\"},\"image\":{\"@id\":\"https:\\\/\\\/dual-ethik.fr\\\/index.php\\\/produit\\\/savon-shampooing-avoine\\\/#primaryimage\"},\"thumbnailUrl\":\"https:\\\/\\\/dual-ethik.fr\\\/wp-content\\\/uploads\\\/2025\\\/03\\\/savon-shampooing-avoine.jpeg\",\"datePublished\":\"2022-08-12T09:30:53+00:00\",\"dateModified\":\"2026-04-11T17:50:48+00:00\",\"description\":\"Le savon shampooing avoine est fabriqu\u00e9 artisanalement dans mon atelier de Plo\u00ebrmel, gr\u00e2ce \u00e0 la m\u00e9thode de saponification \u00e0 froid. Sans huile essentielle\",\"breadcrumb\":{\"@id\":\"https:\\\/\\\/dual-ethik.fr\\\/index.php\\\/produit\\\/savon-shampooing-avoine\\\/#breadcrumb\"},\"inLanguage\":\"fr-FR\",\"potentialAction\":[{\"@type\":\"ReadAction\",\"target\":[\"https:\\\/\\\/dual-ethik.fr\\\/index.php\\\/produit\\\/savon-shampooing-avoine\\\/\"]}]},{\"@type\":\"ImageObject\",\"inLanguage\":\"fr-FR\",\"@id\":\"https:\\\/\\\/dual-ethik.fr\\\/index.php\\\/produit\\\/savon-shampooing-avoine\\\/#primaryimage\",\"url\":\"https:\\\/\\\/dual-ethik.fr\\\/wp-content\\\/uploads\\\/2025\\\/03\\\/savon-shampooing-avoine.jpeg\",\"contentUrl\":\"https:\\\/\\\/dual-ethik.fr\\\/wp-content\\\/uploads\\\/2025\\\/03\\\/savon-shampooing-avoine.jpeg\",\"width\":1300,\"height\":869,\"caption\":\"Le savon shampooing avoine\"},{\"@type\":\"BreadcrumbList\",\"@id\":\"https:\\\/\\\/dual-ethik.fr\\\/index.php\\\/produit\\\/savon-shampooing-avoine\\\/#breadcrumb\",\"itemListElement\":[{\"@type\":\"ListItem\",\"position\":1,\"name\":\"Accueil\",\"item\":\"https:\\\/\\\/dual-ethik.fr\\\/\"},{\"@type\":\"ListItem\",\"position\":2,\"name\":\"Produits\",\"item\":\"https:\\\/\\\/dual-ethik.fr\\\/index.php\\\/shop\\\/\"},{\"@type\":\"ListItem\",\"position\":3,\"name\":\"Le Savon Shampooing Avoine\"}]},{\"@type\":\"WebSite\",\"@id\":\"https:\\\/\\\/dual-ethik.fr\\\/#website\",\"url\":\"https:\\\/\\\/dual-ethik.fr\\\/\",\"name\":\"Dual'Ethik\",\"description\":\"\",\"publisher\":{\"@id\":\"https:\\\/\\\/dual-ethik.fr\\\/#organization\"},\"potentialAction\":[{\"@type\":\"SearchAction\",\"target\":{\"@type\":\"EntryPoint\",\"urlTemplate\":\"https:\\\/\\\/dual-ethik.fr\\\/?s={search_term_string}\"},\"query-input\":{\"@type\":\"PropertyValueSpecification\",\"valueRequired\":true,\"valueName\":\"search_term_string\"}}],\"inLanguage\":\"fr-FR\"},{\"@type\":\"Organization\",\"@id\":\"https:\\\/\\\/dual-ethik.fr\\\/#organization\",\"name\":\"Dual'Ethik\",\"url\":\"https:\\\/\\\/dual-ethik.fr\\\/\",\"logo\":{\"@type\":\"ImageObject\",\"inLanguage\":\"fr-FR\",\"@id\":\"https:\\\/\\\/dual-ethik.fr\\\/#\\\/schema\\\/logo\\\/image\\\/\",\"url\":\"https:\\\/\\\/dual-ethik.fr\\\/wp-content\\\/uploads\\\/2025\\\/02\\\/logo-dual-ethik.png\",\"contentUrl\":\"https:\\\/\\\/dual-ethik.fr\\\/wp-content\\\/uploads\\\/2025\\\/02\\\/logo-dual-ethik.png\",\"width\":100,\"height\":80,\"caption\":\"Dual'Ethik\"},\"image\":{\"@id\":\"https:\\\/\\\/dual-ethik.fr\\\/#\\\/schema\\\/logo\\\/image\\\/\"}}]}<\/script>\n<meta property=\"og:availability\" content=\"instock\" \/>\n<meta property=\"product:availability\" content=\"instock\" \/>\n<meta property=\"product:retailer_item_id\" content=\"shampooing avoine\" \/>\n<meta property=\"product:condition\" content=\"new\" \/>\n<!-- \/ Yoast SEO plugin. -->","yoast_head_json":{"title":"Le Savon Shampooing Avoine - Dual'Ethik","description":"Le savon shampooing avoine est fabriqu\u00e9 artisanalement dans mon atelier de Plo\u00ebrmel, gr\u00e2ce \u00e0 la m\u00e9thode de saponification \u00e0 froid. Sans huile essentielle","robots":{"index":"index","follow":"follow","max-snippet":"max-snippet:-1","max-image-preview":"max-image-preview:large","max-video-preview":"max-video-preview:-1"},"canonical":"https:\/\/dual-ethik.fr\/index.php\/produit\/savon-shampooing-avoine\/","og_locale":"fr_FR","og_type":"article","og_title":"Le Savon Shampooing Avoine - Dual'Ethik","og_description":"Le savon shampooing avoine est fabriqu\u00e9 artisanalement dans mon atelier de Plo\u00ebrmel, gr\u00e2ce \u00e0 la m\u00e9thode de saponification \u00e0 froid. Sans huile essentielle","og_url":"https:\/\/dual-ethik.fr\/index.php\/produit\/savon-shampooing-avoine\/","og_site_name":"Dual&#039;Ethik","article_modified_time":"2026-04-11T17:50:48+00:00","og_image":[{"width":1300,"height":869,"url":"https:\/\/dual-ethik.fr\/wp-content\/uploads\/2025\/03\/savon-shampooing-avoine.jpeg","type":"image\/jpeg"}],"twitter_card":"summary_large_image","twitter_misc":{"Disponibilit\u00e9":"En stock"},"schema":{"@context":"https:\/\/schema.org","@graph":[{"@type":"WebPage","@id":"https:\/\/dual-ethik.fr\/index.php\/produit\/savon-shampooing-avoine\/","url":"https:\/\/dual-ethik.fr\/index.php\/produit\/savon-shampooing-avoine\/","name":"Le Savon Shampooing Avoine - Dual'Ethik","isPartOf":{"@id":"https:\/\/dual-ethik.fr\/#website"},"primaryImageOfPage":{"@id":"https:\/\/dual-ethik.fr\/index.php\/produit\/savon-shampooing-avoine\/#primaryimage"},"image":{"@id":"https:\/\/dual-ethik.fr\/index.php\/produit\/savon-shampooing-avoine\/#primaryimage"},"thumbnailUrl":"https:\/\/dual-ethik.fr\/wp-content\/uploads\/2025\/03\/savon-shampooing-avoine.jpeg","datePublished":"2022-08-12T09:30:53+00:00","dateModified":"2026-04-11T17:50:48+00:00","description":"Le savon shampooing avoine est fabriqu\u00e9 artisanalement dans mon atelier de Plo\u00ebrmel, gr\u00e2ce \u00e0 la m\u00e9thode de saponification \u00e0 froid. Sans huile essentielle","breadcrumb":{"@id":"https:\/\/dual-ethik.fr\/index.php\/produit\/savon-shampooing-avoine\/#breadcrumb"},"inLanguage":"fr-FR","potentialAction":[{"@type":"ReadAction","target":["https:\/\/dual-ethik.fr\/index.php\/produit\/savon-shampooing-avoine\/"]}]},{"@type":"ImageObject","inLanguage":"fr-FR","@id":"https:\/\/dual-ethik.fr\/index.php\/produit\/savon-shampooing-avoine\/#primaryimage","url":"https:\/\/dual-ethik.fr\/wp-content\/uploads\/2025\/03\/savon-shampooing-avoine.jpeg","contentUrl":"https:\/\/dual-ethik.fr\/wp-content\/uploads\/2025\/03\/savon-shampooing-avoine.jpeg","width":1300,"height":869,"caption":"Le savon shampooing avoine"},{"@type":"BreadcrumbList","@id":"https:\/\/dual-ethik.fr\/index.php\/produit\/savon-shampooing-avoine\/#breadcrumb","itemListElement":[{"@type":"ListItem","position":1,"name":"Accueil","item":"https:\/\/dual-ethik.fr\/"},{"@type":"ListItem","position":2,"name":"Produits","item":"https:\/\/dual-ethik.fr\/index.php\/shop\/"},{"@type":"ListItem","position":3,"name":"Le Savon Shampooing Avoine"}]},{"@type":"WebSite","@id":"https:\/\/dual-ethik.fr\/#website","url":"https:\/\/dual-ethik.fr\/","name":"Dual'Ethik","description":"","publisher":{"@id":"https:\/\/dual-ethik.fr\/#organization"},"potentialAction":[{"@type":"SearchAction","target":{"@type":"EntryPoint","urlTemplate":"https:\/\/dual-ethik.fr\/?s={search_term_string}"},"query-input":{"@type":"PropertyValueSpecification","valueRequired":true,"valueName":"search_term_string"}}],"inLanguage":"fr-FR"},{"@type":"Organization","@id":"https:\/\/dual-ethik.fr\/#organization","name":"Dual'Ethik","url":"https:\/\/dual-ethik.fr\/","logo":{"@type":"ImageObject","inLanguage":"fr-FR","@id":"https:\/\/dual-ethik.fr\/#\/schema\/logo\/image\/","url":"https:\/\/dual-ethik.fr\/wp-content\/uploads\/2025\/02\/logo-dual-ethik.png","contentUrl":"https:\/\/dual-ethik.fr\/wp-content\/uploads\/2025\/02\/logo-dual-ethik.png","width":100,"height":80,"caption":"Dual'Ethik"},"image":{"@id":"https:\/\/dual-ethik.fr\/#\/schema\/logo\/image\/"}}]},"og_availability":"instock","product_availability":"instock","product_retailer_item_id":"shampooing avoine","product_condition":"new"},"_links":{"self":[{"href":"https:\/\/dual-ethik.fr\/index.php\/wp-json\/wp\/v2\/product\/72","targetHints":{"allow":["GET"]}}],"collection":[{"href":"https:\/\/dual-ethik.fr\/index.php\/wp-json\/wp\/v2\/product"}],"about":[{"href":"https:\/\/dual-ethik.fr\/index.php\/wp-json\/wp\/v2\/types\/product"}],"version-history":[{"count":10,"href":"https:\/\/dual-ethik.fr\/index.php\/wp-json\/wp\/v2\/product\/72\/revisions"}],"predecessor-version":[{"id":2148,"href":"https:\/\/dual-ethik.fr\/index.php\/wp-json\/wp\/v2\/product\/72\/revisions\/2148"}],"wp:featuredmedia":[{"embeddable":true,"href":"https:\/\/dual-ethik.fr\/index.php\/wp-json\/wp\/v2\/media\/973"}],"wp:attachment":[{"href":"https:\/\/dual-ethik.fr\/index.php\/wp-json\/wp\/v2\/media?parent=72"}],"wp:term":[{"taxonomy":"product_brand","embeddable":true,"href":"https:\/\/dual-ethik.fr\/index.php\/wp-json\/wp\/v2\/product_brand?post=72"},{"taxonomy":"product_cat","embeddable":true,"href":"https:\/\/dual-ethik.fr\/index.php\/wp-json\/wp\/v2\/product_cat?post=72"},{"taxonomy":"product_tag","embeddable":true,"href":"https:\/\/dual-ethik.fr\/index.php\/wp-json\/wp\/v2\/product_tag?post=72"}],"curies":[{"name":"wp","href":"https:\/\/api.w.org\/{rel}","templated":true}]}}