{"id":678,"date":"2025-02-06T17:07:37","date_gmt":"2025-02-06T16:07:37","guid":{"rendered":"https:\/\/dual-ethik.fr\/?post_type=product&#038;p=678"},"modified":"2026-03-27T17:35:26","modified_gmt":"2026-03-27T16:35:26","slug":"brosse-dents","status":"publish","type":"product","link":"https:\/\/dual-ethik.fr\/index.php\/produit\/brosse-dents\/","title":{"rendered":"Brosse \u00e0 dents"},"content":{"rendered":"\t\t<div data-elementor-type=\"product-post\" data-elementor-id=\"678\" class=\"elementor elementor-678\" data-elementor-post-type=\"product\">\n\t\t\t\t<div class=\"elementor-element elementor-element-62eab5bb e-flex e-con-boxed e-con e-parent\" data-id=\"62eab5bb\" data-element_type=\"container\" data-e-type=\"container\">\n\t\t\t\t\t<div class=\"e-con-inner\">\n\t\t\t\t<div class=\"elementor-element elementor-element-65645b11 elementor-widget elementor-widget-text-editor\" data-id=\"65645b11\" data-element_type=\"widget\" data-e-type=\"widget\" data-widget_type=\"text-editor.default\">\n\t\t\t\t<div class=\"elementor-widget-container\">\n\t\t\t\t\t\t\t\t\t<h3>Brosse \u00e0 dents fran\u00e7aise en bois<\/h3><p>Optez pour une <strong>brosse \u00e0 dents durable<\/strong>, fabriqu\u00e9e en <strong>France<\/strong> par la marque <strong>Apimani<\/strong>. Con\u00e7ue \u00e0 partir de <strong>bioplastique<\/strong>, de <strong>filaments en nylon biosourc\u00e9<\/strong> et de <strong>bois issu de for\u00eats fran\u00e7aises \u00e9co-g\u00e9r\u00e9es.<\/strong><\/p><p>Sa <strong>t\u00eate interchangeable<\/strong> vous permet de <strong>r\u00e9duire vos d\u00e9chets<\/strong> : gardez le manche et remplacez simplement la t\u00eate us\u00e9e ! Vous pouvez retrouver les <strong>recharges<\/strong> ici.<\/p><h4>Comment utiliser votre brosse \u00e0 dents en bois ?<\/h4><p>Pour assurer la long\u00e9vit\u00e9 de votre brosse \u00e0 dents :<\/p><ol><li><strong>Avant la premi\u00e8re utilisation<\/strong> : trempez le haut du manche dans un verre d\u2019eau pendant <strong>au moins 20 minutes<\/strong>. Cela \u00e9vite tout risque de casse lors de la fixation de la t\u00eate.<\/li><li><strong>Installation de la t\u00eate interchangeable<\/strong> :<ul><li>Tenez le manche en bois d\u2019une main et la t\u00eate de l\u2019autre.<\/li><li>Clipsez fermement la t\u00eate dans l\u2019encoche pr\u00e9vue \u00e0 cet effet.<\/li><\/ul><\/li><li><strong>Remplacement de la t\u00eate us\u00e9e<\/strong> :<ul><li>Trempez de nouveau le haut du manche dans l\u2019eau pendant 20 minutes.<\/li><li>Exercez une pression avec votre pouce sur l\u2019arri\u00e8re de la t\u00eate pour la d\u00e9clipser facilement.<\/li><\/ul><\/li><\/ol><h4>Entretien et durabilit\u00e9<\/h4><p>Votre <strong>brosse \u00e0 dents en bois<\/strong> est prot\u00e9g\u00e9e gr\u00e2ce \u00e0 un <strong>huilage \u00e0 base d\u2019huile de p\u00e9pins de raisin<\/strong>.<\/p><p>Pour \u00e9viter que le bois ne s\u2019ab\u00eeme ou ne noircisse :<\/p><p><strong>S\u00e9chez-la \u00e0 l\u2019air libre apr\u00e8s chaque utilisation<\/strong>.<\/p><p><strong>\u00c9vitez un contact prolong\u00e9 avec l\u2019eau<\/strong>.<\/p><p>\u00a0<\/p>\t\t\t\t\t\t\t\t<\/div>\n\t\t\t\t<\/div>\n\t\t\t\t\t<\/div>\n\t\t\t\t<\/div>\n\t\t\t\t<\/div>\n\t\t","protected":false},"excerpt":{"rendered":"<p>Brosse \u00e0 dents durable fabriqu\u00e9e en France avec du bois issus de for\u00eats fran\u00e7aises \u00e9co g\u00e9r\u00e9es<\/p>\n","protected":false},"featured_media":682,"template":"","meta":[],"product_brand":[],"product_cat":[28],"product_tag":[],"class_list":{"0":"post-678","1":"product","2":"type-product","3":"status-publish","4":"has-post-thumbnail","6":"product_cat-accessoires","8":"first","9":"instock","10":"shipping-taxable","11":"purchasable","12":"product-type-simple"},"yoast_head":"<!-- This site is optimized with the Yoast SEO plugin v27.5 - https:\/\/yoast.com\/product\/yoast-seo-wordpress\/ -->\n<title>Brosse \u00e0 dents - Dual&#039;Ethik<\/title>\n<meta name=\"description\" content=\"Optez pour une brosse \u00e0 dents en bois, fabriqu\u00e9e en France. \u00c9cologique, durable et rechargeable avec une t\u00eate interchangeable. Z\u00e9ro d\u00e9chet &amp; responsable\" \/>\n<meta name=\"robots\" content=\"index, follow, max-snippet:-1, max-image-preview:large, max-video-preview:-1\" \/>\n<link rel=\"canonical\" href=\"https:\/\/dual-ethik.fr\/index.php\/produit\/brosse-dents\/\" \/>\n<meta property=\"og:locale\" content=\"fr_FR\" \/>\n<meta property=\"og:type\" content=\"article\" \/>\n<meta property=\"og:title\" content=\"Brosse \u00e0 dents - Dual&#039;Ethik\" \/>\n<meta property=\"og:description\" content=\"Optez pour une brosse \u00e0 dents en bois, fabriqu\u00e9e en France. \u00c9cologique, durable et rechargeable avec une t\u00eate interchangeable. Z\u00e9ro d\u00e9chet &amp; responsable\" \/>\n<meta property=\"og:url\" content=\"https:\/\/dual-ethik.fr\/index.php\/produit\/brosse-dents\/\" \/>\n<meta property=\"og:site_name\" content=\"Dual&#039;Ethik\" \/>\n<meta property=\"article:modified_time\" content=\"2026-03-27T16:35:26+00:00\" \/>\n<meta property=\"og:image\" content=\"https:\/\/dual-ethik.fr\/wp-content\/uploads\/2025\/02\/Brosse-dents.jpeg\" \/>\n\t<meta property=\"og:image:width\" content=\"1300\" \/>\n\t<meta property=\"og:image:height\" content=\"869\" \/>\n\t<meta property=\"og:image:type\" content=\"image\/jpeg\" \/>\n<meta name=\"twitter:card\" content=\"summary_large_image\" \/>\n<meta name=\"twitter:label1\" content=\"Prix\" \/>\n\t<meta name=\"twitter:data1\" content=\"8,90&nbsp;&euro;\" \/>\n\t<meta name=\"twitter:label2\" content=\"Disponibilit\u00e9\" \/>\n\t<meta name=\"twitter:data2\" content=\"En stock\" \/>\n<script type=\"application\/ld+json\" class=\"yoast-schema-graph\">{\"@context\":\"https:\\\/\\\/schema.org\",\"@graph\":[{\"@type\":\"WebPage\",\"@id\":\"https:\\\/\\\/dual-ethik.fr\\\/index.php\\\/produit\\\/brosse-dents\\\/\",\"url\":\"https:\\\/\\\/dual-ethik.fr\\\/index.php\\\/produit\\\/brosse-dents\\\/\",\"name\":\"Brosse \u00e0 dents - Dual&#039;Ethik\",\"isPartOf\":{\"@id\":\"https:\\\/\\\/dual-ethik.fr\\\/#website\"},\"primaryImageOfPage\":{\"@id\":\"https:\\\/\\\/dual-ethik.fr\\\/index.php\\\/produit\\\/brosse-dents\\\/#primaryimage\"},\"image\":{\"@id\":\"https:\\\/\\\/dual-ethik.fr\\\/index.php\\\/produit\\\/brosse-dents\\\/#primaryimage\"},\"thumbnailUrl\":\"https:\\\/\\\/dual-ethik.fr\\\/wp-content\\\/uploads\\\/2025\\\/02\\\/Brosse-dents.jpeg\",\"datePublished\":\"2025-02-06T16:07:37+00:00\",\"dateModified\":\"2026-03-27T16:35:26+00:00\",\"description\":\"Optez pour une brosse \u00e0 dents en bois, fabriqu\u00e9e en France. \u00c9cologique, durable et rechargeable avec une t\u00eate interchangeable. Z\u00e9ro d\u00e9chet & responsable\",\"breadcrumb\":{\"@id\":\"https:\\\/\\\/dual-ethik.fr\\\/index.php\\\/produit\\\/brosse-dents\\\/#breadcrumb\"},\"inLanguage\":\"fr-FR\",\"potentialAction\":[{\"@type\":\"ReadAction\",\"target\":[\"https:\\\/\\\/dual-ethik.fr\\\/index.php\\\/produit\\\/brosse-dents\\\/\"]}]},{\"@type\":\"ImageObject\",\"inLanguage\":\"fr-FR\",\"@id\":\"https:\\\/\\\/dual-ethik.fr\\\/index.php\\\/produit\\\/brosse-dents\\\/#primaryimage\",\"url\":\"https:\\\/\\\/dual-ethik.fr\\\/wp-content\\\/uploads\\\/2025\\\/02\\\/Brosse-dents.jpeg\",\"contentUrl\":\"https:\\\/\\\/dual-ethik.fr\\\/wp-content\\\/uploads\\\/2025\\\/02\\\/Brosse-dents.jpeg\",\"width\":1300,\"height\":869,\"caption\":\"Brosse \u00e0 dents avec t\u00eate interchangeable\"},{\"@type\":\"BreadcrumbList\",\"@id\":\"https:\\\/\\\/dual-ethik.fr\\\/index.php\\\/produit\\\/brosse-dents\\\/#breadcrumb\",\"itemListElement\":[{\"@type\":\"ListItem\",\"position\":1,\"name\":\"Accueil\",\"item\":\"https:\\\/\\\/dual-ethik.fr\\\/\"},{\"@type\":\"ListItem\",\"position\":2,\"name\":\"Produits\",\"item\":\"https:\\\/\\\/dual-ethik.fr\\\/index.php\\\/shop\\\/\"},{\"@type\":\"ListItem\",\"position\":3,\"name\":\"Brosse \u00e0 dents\"}]},{\"@type\":\"WebSite\",\"@id\":\"https:\\\/\\\/dual-ethik.fr\\\/#website\",\"url\":\"https:\\\/\\\/dual-ethik.fr\\\/\",\"name\":\"Dual'Ethik\",\"description\":\"\",\"publisher\":{\"@id\":\"https:\\\/\\\/dual-ethik.fr\\\/#organization\"},\"potentialAction\":[{\"@type\":\"SearchAction\",\"target\":{\"@type\":\"EntryPoint\",\"urlTemplate\":\"https:\\\/\\\/dual-ethik.fr\\\/?s={search_term_string}\"},\"query-input\":{\"@type\":\"PropertyValueSpecification\",\"valueRequired\":true,\"valueName\":\"search_term_string\"}}],\"inLanguage\":\"fr-FR\"},{\"@type\":\"Organization\",\"@id\":\"https:\\\/\\\/dual-ethik.fr\\\/#organization\",\"name\":\"Dual'Ethik\",\"url\":\"https:\\\/\\\/dual-ethik.fr\\\/\",\"logo\":{\"@type\":\"ImageObject\",\"inLanguage\":\"fr-FR\",\"@id\":\"https:\\\/\\\/dual-ethik.fr\\\/#\\\/schema\\\/logo\\\/image\\\/\",\"url\":\"https:\\\/\\\/dual-ethik.fr\\\/wp-content\\\/uploads\\\/2025\\\/02\\\/logo-dual-ethik.png\",\"contentUrl\":\"https:\\\/\\\/dual-ethik.fr\\\/wp-content\\\/uploads\\\/2025\\\/02\\\/logo-dual-ethik.png\",\"width\":100,\"height\":80,\"caption\":\"Dual'Ethik\"},\"image\":{\"@id\":\"https:\\\/\\\/dual-ethik.fr\\\/#\\\/schema\\\/logo\\\/image\\\/\"}}]}<\/script>\n<meta property=\"product:price:amount\" content=\"8.90\" \/>\n<meta property=\"product:price:currency\" content=\"EUR\" \/>\n<meta property=\"og:availability\" content=\"instock\" \/>\n<meta property=\"product:availability\" content=\"instock\" \/>\n<meta property=\"product:retailer_item_id\" content=\"bad\" \/>\n<meta property=\"product:condition\" content=\"new\" \/>\n<!-- \/ Yoast SEO plugin. -->","yoast_head_json":{"title":"Brosse \u00e0 dents - Dual&#039;Ethik","description":"Optez pour une brosse \u00e0 dents en bois, fabriqu\u00e9e en France. \u00c9cologique, durable et rechargeable avec une t\u00eate interchangeable. Z\u00e9ro d\u00e9chet & responsable","robots":{"index":"index","follow":"follow","max-snippet":"max-snippet:-1","max-image-preview":"max-image-preview:large","max-video-preview":"max-video-preview:-1"},"canonical":"https:\/\/dual-ethik.fr\/index.php\/produit\/brosse-dents\/","og_locale":"fr_FR","og_type":"article","og_title":"Brosse \u00e0 dents - Dual&#039;Ethik","og_description":"Optez pour une brosse \u00e0 dents en bois, fabriqu\u00e9e en France. \u00c9cologique, durable et rechargeable avec une t\u00eate interchangeable. Z\u00e9ro d\u00e9chet & responsable","og_url":"https:\/\/dual-ethik.fr\/index.php\/produit\/brosse-dents\/","og_site_name":"Dual&#039;Ethik","article_modified_time":"2026-03-27T16:35:26+00:00","og_image":[{"width":1300,"height":869,"url":"https:\/\/dual-ethik.fr\/wp-content\/uploads\/2025\/02\/Brosse-dents.jpeg","type":"image\/jpeg"}],"twitter_card":"summary_large_image","twitter_misc":{"Prix":"8,90&nbsp;&euro;","Disponibilit\u00e9":"En stock"},"schema":{"@context":"https:\/\/schema.org","@graph":[{"@type":"WebPage","@id":"https:\/\/dual-ethik.fr\/index.php\/produit\/brosse-dents\/","url":"https:\/\/dual-ethik.fr\/index.php\/produit\/brosse-dents\/","name":"Brosse \u00e0 dents - Dual&#039;Ethik","isPartOf":{"@id":"https:\/\/dual-ethik.fr\/#website"},"primaryImageOfPage":{"@id":"https:\/\/dual-ethik.fr\/index.php\/produit\/brosse-dents\/#primaryimage"},"image":{"@id":"https:\/\/dual-ethik.fr\/index.php\/produit\/brosse-dents\/#primaryimage"},"thumbnailUrl":"https:\/\/dual-ethik.fr\/wp-content\/uploads\/2025\/02\/Brosse-dents.jpeg","datePublished":"2025-02-06T16:07:37+00:00","dateModified":"2026-03-27T16:35:26+00:00","description":"Optez pour une brosse \u00e0 dents en bois, fabriqu\u00e9e en France. \u00c9cologique, durable et rechargeable avec une t\u00eate interchangeable. Z\u00e9ro d\u00e9chet & responsable","breadcrumb":{"@id":"https:\/\/dual-ethik.fr\/index.php\/produit\/brosse-dents\/#breadcrumb"},"inLanguage":"fr-FR","potentialAction":[{"@type":"ReadAction","target":["https:\/\/dual-ethik.fr\/index.php\/produit\/brosse-dents\/"]}]},{"@type":"ImageObject","inLanguage":"fr-FR","@id":"https:\/\/dual-ethik.fr\/index.php\/produit\/brosse-dents\/#primaryimage","url":"https:\/\/dual-ethik.fr\/wp-content\/uploads\/2025\/02\/Brosse-dents.jpeg","contentUrl":"https:\/\/dual-ethik.fr\/wp-content\/uploads\/2025\/02\/Brosse-dents.jpeg","width":1300,"height":869,"caption":"Brosse \u00e0 dents avec t\u00eate interchangeable"},{"@type":"BreadcrumbList","@id":"https:\/\/dual-ethik.fr\/index.php\/produit\/brosse-dents\/#breadcrumb","itemListElement":[{"@type":"ListItem","position":1,"name":"Accueil","item":"https:\/\/dual-ethik.fr\/"},{"@type":"ListItem","position":2,"name":"Produits","item":"https:\/\/dual-ethik.fr\/index.php\/shop\/"},{"@type":"ListItem","position":3,"name":"Brosse \u00e0 dents"}]},{"@type":"WebSite","@id":"https:\/\/dual-ethik.fr\/#website","url":"https:\/\/dual-ethik.fr\/","name":"Dual'Ethik","description":"","publisher":{"@id":"https:\/\/dual-ethik.fr\/#organization"},"potentialAction":[{"@type":"SearchAction","target":{"@type":"EntryPoint","urlTemplate":"https:\/\/dual-ethik.fr\/?s={search_term_string}"},"query-input":{"@type":"PropertyValueSpecification","valueRequired":true,"valueName":"search_term_string"}}],"inLanguage":"fr-FR"},{"@type":"Organization","@id":"https:\/\/dual-ethik.fr\/#organization","name":"Dual'Ethik","url":"https:\/\/dual-ethik.fr\/","logo":{"@type":"ImageObject","inLanguage":"fr-FR","@id":"https:\/\/dual-ethik.fr\/#\/schema\/logo\/image\/","url":"https:\/\/dual-ethik.fr\/wp-content\/uploads\/2025\/02\/logo-dual-ethik.png","contentUrl":"https:\/\/dual-ethik.fr\/wp-content\/uploads\/2025\/02\/logo-dual-ethik.png","width":100,"height":80,"caption":"Dual'Ethik"},"image":{"@id":"https:\/\/dual-ethik.fr\/#\/schema\/logo\/image\/"}}]},"product_price_amount":"8.90","product_price_currency":"EUR","og_availability":"instock","product_availability":"instock","product_retailer_item_id":"bad","product_condition":"new"},"_links":{"self":[{"href":"https:\/\/dual-ethik.fr\/index.php\/wp-json\/wp\/v2\/product\/678","targetHints":{"allow":["GET"]}}],"collection":[{"href":"https:\/\/dual-ethik.fr\/index.php\/wp-json\/wp\/v2\/product"}],"about":[{"href":"https:\/\/dual-ethik.fr\/index.php\/wp-json\/wp\/v2\/types\/product"}],"version-history":[{"count":11,"href":"https:\/\/dual-ethik.fr\/index.php\/wp-json\/wp\/v2\/product\/678\/revisions"}],"predecessor-version":[{"id":3196,"href":"https:\/\/dual-ethik.fr\/index.php\/wp-json\/wp\/v2\/product\/678\/revisions\/3196"}],"wp:featuredmedia":[{"embeddable":true,"href":"https:\/\/dual-ethik.fr\/index.php\/wp-json\/wp\/v2\/media\/682"}],"wp:attachment":[{"href":"https:\/\/dual-ethik.fr\/index.php\/wp-json\/wp\/v2\/media?parent=678"}],"wp:term":[{"taxonomy":"product_brand","embeddable":true,"href":"https:\/\/dual-ethik.fr\/index.php\/wp-json\/wp\/v2\/product_brand?post=678"},{"taxonomy":"product_cat","embeddable":true,"href":"https:\/\/dual-ethik.fr\/index.php\/wp-json\/wp\/v2\/product_cat?post=678"},{"taxonomy":"product_tag","embeddable":true,"href":"https:\/\/dual-ethik.fr\/index.php\/wp-json\/wp\/v2\/product_tag?post=678"}],"curies":[{"name":"wp","href":"https:\/\/api.w.org\/{rel}","templated":true}]}}