{"id":64,"date":"2022-04-30T14:24:11","date_gmt":"2022-04-30T12:24:11","guid":{"rendered":"https:\/\/dual-ethik.fr\/?post_type=product&#038;p=64"},"modified":"2026-03-27T17:28:08","modified_gmt":"2026-03-27T16:28:08","slug":"savon-nature","status":"publish","type":"product","link":"https:\/\/dual-ethik.fr\/index.php\/produit\/savon-nature\/","title":{"rendered":"Savon Le Nature"},"content":{"rendered":"\t\t<div data-elementor-type=\"product-post\" data-elementor-id=\"64\" class=\"elementor elementor-64\" data-elementor-post-type=\"product\">\n\t\t\t\t<div class=\"elementor-element elementor-element-266a690 e-flex e-con-boxed e-con e-parent\" data-id=\"266a690\" data-element_type=\"container\" data-e-type=\"container\">\n\t\t\t\t\t<div class=\"e-con-inner\">\n\t\t\t\t<div class=\"elementor-element elementor-element-ad07fb7 elementor-widget elementor-widget-heading\" data-id=\"ad07fb7\" data-element_type=\"widget\" data-e-type=\"widget\" data-widget_type=\"heading.default\">\n\t\t\t\t<div class=\"elementor-widget-container\">\n\t\t\t\t\t<h2 class=\"elementor-heading-title elementor-size-default\">Le Savon Nature, simplicit\u00e9 et douceur au quotidien<\/h2>\t\t\t\t<\/div>\n\t\t\t\t<\/div>\n\t\t\t\t<div class=\"elementor-element elementor-element-fe9dedc elementor-widget elementor-widget-text-editor\" data-id=\"fe9dedc\" data-element_type=\"widget\" data-e-type=\"widget\" data-widget_type=\"text-editor.default\">\n\t\t\t\t<div class=\"elementor-widget-container\">\n\t\t\t\t\t\t\t\t\t<p><strong>Le <span class=\"notion-enable-hover\" data-token-index=\"1\">savon Nature<\/span><\/strong> offre une mousse onctueuse, id\u00e9al pour une routine de soin tout en simplicit\u00e9. Sans parfum ni huile essentielle, il convient \u00e0 toute la famille.<!-- notionvc: 592cc7b8-6559-46ef-980a-b2b8ff675a1c --><\/p>\t\t\t\t\t\t\t\t<\/div>\n\t\t\t\t<\/div>\n\t\t\t\t<div class=\"elementor-element elementor-element-8c61303 elementor-widget elementor-widget-heading\" data-id=\"8c61303\" data-element_type=\"widget\" data-e-type=\"widget\" data-widget_type=\"heading.default\">\n\t\t\t\t<div class=\"elementor-widget-container\">\n\t\t\t\t\t<h3 class=\"elementor-heading-title elementor-size-default\">Pourquoi choisir le savon Nature ?<\/h3>\t\t\t\t<\/div>\n\t\t\t\t<\/div>\n\t\t\t\t<div class=\"elementor-element elementor-element-59296e9 elementor-widget elementor-widget-text-editor\" data-id=\"59296e9\" data-element_type=\"widget\" data-e-type=\"widget\" data-widget_type=\"text-editor.default\">\n\t\t\t\t<div class=\"elementor-widget-container\">\n\t\t\t\t\t\t\t\t\t<p>Le <span class=\"notion-enable-hover\" data-token-index=\"1\">savon Nature<\/span> est fabriqu\u00e9 par <strong><span class=\"notion-enable-hover\" data-token-index=\"3\">saponification \u00e0 froid<\/span><\/strong>, un proc\u00e9d\u00e9 artisanal qui pr\u00e9serve les propri\u00e9t\u00e9s des huiles et beurres utilis\u00e9s. Il procure une sensation de confort \u00e0 chaque utilisation.<!-- notionvc: 16253ca8-20c7-4623-95dc-7c8e8ff9564f --><\/p>\t\t\t\t\t\t\t\t<\/div>\n\t\t\t\t<\/div>\n\t\t\t\t<div class=\"elementor-element elementor-element-9aaa5da elementor-widget elementor-widget-heading\" data-id=\"9aaa5da\" data-element_type=\"widget\" data-e-type=\"widget\" data-widget_type=\"heading.default\">\n\t\t\t\t<div class=\"elementor-widget-container\">\n\t\t\t\t\t<h3 class=\"elementor-heading-title elementor-size-default\">Composition<\/h3>\t\t\t\t<\/div>\n\t\t\t\t<\/div>\n\t\t\t\t<div class=\"elementor-element elementor-element-1d97e3b elementor-widget elementor-widget-text-editor\" data-id=\"1d97e3b\" data-element_type=\"widget\" data-e-type=\"widget\" data-widget_type=\"text-editor.default\">\n\t\t\t\t<div class=\"elementor-widget-container\">\n\t\t\t\t\t\t\t\t\t<ul><li>Huile d&rsquo;olive<\/li><li>Huile de coco<\/li><li>Beurre de karit\u00e9<\/li><li>Huile d&rsquo;amande douce<\/li><\/ul>\t\t\t\t\t\t\t\t<\/div>\n\t\t\t\t<\/div>\n\t\t\t\t<div class=\"elementor-element elementor-element-11d1e32 elementor-widget elementor-widget-heading\" data-id=\"11d1e32\" data-element_type=\"widget\" data-e-type=\"widget\" data-widget_type=\"heading.default\">\n\t\t\t\t<div class=\"elementor-widget-container\">\n\t\t\t\t\t<h3 class=\"elementor-heading-title elementor-size-default\">Conseil d'utilisation<\/h3>\t\t\t\t<\/div>\n\t\t\t\t<\/div>\n\t\t\t\t<div class=\"elementor-element elementor-element-52de78b elementor-widget elementor-widget-text-editor\" data-id=\"52de78b\" data-element_type=\"widget\" data-e-type=\"widget\" data-widget_type=\"text-editor.default\">\n\t\t\t\t<div class=\"elementor-widget-container\">\n\t\t\t\t\t\t\t\t\t<p>Faites mousser dans vos mains ou avec un gant, puis appliquez sur votre peau. Pour une meilleure conservation, laissez le s\u00e9cher sur un porte-savon<a href=\"https:\/\/dual-ethik.fr\/index.php\/produit\/porte-savon-minimaliste\/\">Porte-savon minimaliste<\/a> apr\u00e8s usage.<\/p>\t\t\t\t\t\t\t\t<\/div>\n\t\t\t\t<\/div>\n\t\t\t\t<div class=\"elementor-element elementor-element-ee1b555 elementor-widget elementor-widget-heading\" data-id=\"ee1b555\" data-element_type=\"widget\" data-e-type=\"widget\" data-widget_type=\"heading.default\">\n\t\t\t\t<div class=\"elementor-widget-container\">\n\t\t\t\t\t<h4 class=\"elementor-heading-title elementor-size-default\">Pr\u00e9cautions d'usage<\/h4>\t\t\t\t<\/div>\n\t\t\t\t<\/div>\n\t\t\t\t<div class=\"elementor-element elementor-element-5bbf67c elementor-widget elementor-widget-text-editor\" data-id=\"5bbf67c\" data-element_type=\"widget\" data-e-type=\"widget\" data-widget_type=\"text-editor.default\">\n\t\t\t\t<div class=\"elementor-widget-container\">\n\t\t\t\t\t\t\t\t\t<ul><li>Ne pas ing\u00e9rer.<\/li><li>Ne pas utiliser en cas d\u2019allergie \u00e0 l\u2019un des composants.<\/li><li>Rincer abondamment en cas de contact avec les yeux.<\/li><\/ul>\t\t\t\t\t\t\t\t<\/div>\n\t\t\t\t<\/div>\n\t\t\t\t<div class=\"elementor-element elementor-element-75342b8 elementor-widget elementor-widget-heading\" data-id=\"75342b8\" data-element_type=\"widget\" data-e-type=\"widget\" data-widget_type=\"heading.default\">\n\t\t\t\t<div class=\"elementor-widget-container\">\n\t\t\t\t\t<h3 class=\"elementor-heading-title elementor-size-default\">Adoptez Le Nature dans votre routine et profitez d\u2019un instant de simplicit\u00e9 sous la douche !<\/h3>\t\t\t\t<\/div>\n\t\t\t\t<\/div>\n\t\t\t\t\t<\/div>\n\t\t\t\t<\/div>\n\t\t\t\t<\/div>\n\t\t","protected":false},"excerpt":{"rendered":"<p>Le savon Nature, saponifi\u00e9 \u00e0 froid et sans parfum ni huile essentielle, offre une mousse onctueuse. Il convient \u00e0 toute la famille.<\/p>\n","protected":false},"featured_media":1054,"template":"","meta":[],"product_brand":[],"product_cat":[26],"product_tag":[],"class_list":{"0":"post-64","1":"product","2":"type-product","3":"status-publish","4":"has-post-thumbnail","6":"product_cat-savons","8":"first","9":"instock","10":"shipping-taxable","11":"purchasable","12":"product-type-variable","13":"has-default-attributes"},"yoast_head":"<!-- This site is optimized with the Yoast SEO plugin v27.5 - https:\/\/yoast.com\/product\/yoast-seo-wordpress\/ -->\n<title>Savon Nature - Dual&#039;Ethik<\/title>\n<meta name=\"description\" content=\"Le savon Nature, fabriqu\u00e9 par saponification \u00e0 froid, sans parfum ni huile essentielle, offre une mousse onctueuse pour toute la famille.\" \/>\n<meta name=\"robots\" content=\"index, follow, max-snippet:-1, max-image-preview:large, max-video-preview:-1\" \/>\n<link rel=\"canonical\" href=\"https:\/\/dual-ethik.fr\/index.php\/produit\/savon-nature\/\" \/>\n<meta property=\"og:locale\" content=\"fr_FR\" \/>\n<meta property=\"og:type\" content=\"article\" \/>\n<meta property=\"og:title\" content=\"Savon Nature - Dual&#039;Ethik\" \/>\n<meta property=\"og:description\" content=\"Le savon Nature, fabriqu\u00e9 par saponification \u00e0 froid, sans parfum ni huile essentielle, offre une mousse onctueuse pour toute la famille.\" \/>\n<meta property=\"og:url\" content=\"https:\/\/dual-ethik.fr\/index.php\/produit\/savon-nature\/\" \/>\n<meta property=\"og:site_name\" content=\"Dual&#039;Ethik\" \/>\n<meta property=\"article:modified_time\" content=\"2026-03-27T16:28:08+00:00\" \/>\n<meta property=\"og:image\" content=\"https:\/\/dual-ethik.fr\/wp-content\/uploads\/2025\/03\/Savon-nature.jpeg\" \/>\n\t<meta property=\"og:image:width\" content=\"1300\" \/>\n\t<meta property=\"og:image:height\" content=\"869\" \/>\n\t<meta property=\"og:image:type\" content=\"image\/jpeg\" \/>\n<meta name=\"twitter:card\" content=\"summary_large_image\" \/>\n<meta name=\"twitter:label1\" content=\"Disponibilit\u00e9\" \/>\n\t<meta name=\"twitter:data1\" content=\"En stock\" \/>\n<script type=\"application\/ld+json\" class=\"yoast-schema-graph\">{\"@context\":\"https:\\\/\\\/schema.org\",\"@graph\":[{\"@type\":\"WebPage\",\"@id\":\"https:\\\/\\\/dual-ethik.fr\\\/index.php\\\/produit\\\/savon-nature\\\/\",\"url\":\"https:\\\/\\\/dual-ethik.fr\\\/index.php\\\/produit\\\/savon-nature\\\/\",\"name\":\"Savon Nature - Dual'Ethik\",\"isPartOf\":{\"@id\":\"https:\\\/\\\/dual-ethik.fr\\\/#website\"},\"primaryImageOfPage\":{\"@id\":\"https:\\\/\\\/dual-ethik.fr\\\/index.php\\\/produit\\\/savon-nature\\\/#primaryimage\"},\"image\":{\"@id\":\"https:\\\/\\\/dual-ethik.fr\\\/index.php\\\/produit\\\/savon-nature\\\/#primaryimage\"},\"thumbnailUrl\":\"https:\\\/\\\/dual-ethik.fr\\\/wp-content\\\/uploads\\\/2025\\\/03\\\/Savon-nature.jpeg\",\"datePublished\":\"2022-04-30T12:24:11+00:00\",\"dateModified\":\"2026-03-27T16:28:08+00:00\",\"description\":\"Le savon Nature, fabriqu\u00e9 par saponification \u00e0 froid, sans parfum ni huile essentielle, offre une mousse onctueuse pour toute la famille.\",\"breadcrumb\":{\"@id\":\"https:\\\/\\\/dual-ethik.fr\\\/index.php\\\/produit\\\/savon-nature\\\/#breadcrumb\"},\"inLanguage\":\"fr-FR\",\"potentialAction\":[{\"@type\":\"ReadAction\",\"target\":[\"https:\\\/\\\/dual-ethik.fr\\\/index.php\\\/produit\\\/savon-nature\\\/\"]}]},{\"@type\":\"ImageObject\",\"inLanguage\":\"fr-FR\",\"@id\":\"https:\\\/\\\/dual-ethik.fr\\\/index.php\\\/produit\\\/savon-nature\\\/#primaryimage\",\"url\":\"https:\\\/\\\/dual-ethik.fr\\\/wp-content\\\/uploads\\\/2025\\\/03\\\/Savon-nature.jpeg\",\"contentUrl\":\"https:\\\/\\\/dual-ethik.fr\\\/wp-content\\\/uploads\\\/2025\\\/03\\\/Savon-nature.jpeg\",\"width\":1300,\"height\":869,\"caption\":\"Le savon nature\"},{\"@type\":\"BreadcrumbList\",\"@id\":\"https:\\\/\\\/dual-ethik.fr\\\/index.php\\\/produit\\\/savon-nature\\\/#breadcrumb\",\"itemListElement\":[{\"@type\":\"ListItem\",\"position\":1,\"name\":\"Accueil\",\"item\":\"https:\\\/\\\/dual-ethik.fr\\\/\"},{\"@type\":\"ListItem\",\"position\":2,\"name\":\"Produits\",\"item\":\"https:\\\/\\\/dual-ethik.fr\\\/index.php\\\/shop\\\/\"},{\"@type\":\"ListItem\",\"position\":3,\"name\":\"Savon Le Nature\"}]},{\"@type\":\"WebSite\",\"@id\":\"https:\\\/\\\/dual-ethik.fr\\\/#website\",\"url\":\"https:\\\/\\\/dual-ethik.fr\\\/\",\"name\":\"Dual'Ethik\",\"description\":\"\",\"publisher\":{\"@id\":\"https:\\\/\\\/dual-ethik.fr\\\/#organization\"},\"potentialAction\":[{\"@type\":\"SearchAction\",\"target\":{\"@type\":\"EntryPoint\",\"urlTemplate\":\"https:\\\/\\\/dual-ethik.fr\\\/?s={search_term_string}\"},\"query-input\":{\"@type\":\"PropertyValueSpecification\",\"valueRequired\":true,\"valueName\":\"search_term_string\"}}],\"inLanguage\":\"fr-FR\"},{\"@type\":\"Organization\",\"@id\":\"https:\\\/\\\/dual-ethik.fr\\\/#organization\",\"name\":\"Dual'Ethik\",\"url\":\"https:\\\/\\\/dual-ethik.fr\\\/\",\"logo\":{\"@type\":\"ImageObject\",\"inLanguage\":\"fr-FR\",\"@id\":\"https:\\\/\\\/dual-ethik.fr\\\/#\\\/schema\\\/logo\\\/image\\\/\",\"url\":\"https:\\\/\\\/dual-ethik.fr\\\/wp-content\\\/uploads\\\/2025\\\/02\\\/logo-dual-ethik.png\",\"contentUrl\":\"https:\\\/\\\/dual-ethik.fr\\\/wp-content\\\/uploads\\\/2025\\\/02\\\/logo-dual-ethik.png\",\"width\":100,\"height\":80,\"caption\":\"Dual'Ethik\"},\"image\":{\"@id\":\"https:\\\/\\\/dual-ethik.fr\\\/#\\\/schema\\\/logo\\\/image\\\/\"}}]}<\/script>\n<meta property=\"og:availability\" content=\"instock\" \/>\n<meta property=\"product:availability\" content=\"instock\" \/>\n<meta property=\"product:retailer_item_id\" content=\"Savon Nature\" \/>\n<meta property=\"product:condition\" content=\"new\" \/>\n<!-- \/ Yoast SEO plugin. -->","yoast_head_json":{"title":"Savon Nature - Dual'Ethik","description":"Le savon Nature, fabriqu\u00e9 par saponification \u00e0 froid, sans parfum ni huile essentielle, offre une mousse onctueuse pour toute la famille.","robots":{"index":"index","follow":"follow","max-snippet":"max-snippet:-1","max-image-preview":"max-image-preview:large","max-video-preview":"max-video-preview:-1"},"canonical":"https:\/\/dual-ethik.fr\/index.php\/produit\/savon-nature\/","og_locale":"fr_FR","og_type":"article","og_title":"Savon Nature - Dual'Ethik","og_description":"Le savon Nature, fabriqu\u00e9 par saponification \u00e0 froid, sans parfum ni huile essentielle, offre une mousse onctueuse pour toute la famille.","og_url":"https:\/\/dual-ethik.fr\/index.php\/produit\/savon-nature\/","og_site_name":"Dual&#039;Ethik","article_modified_time":"2026-03-27T16:28:08+00:00","og_image":[{"width":1300,"height":869,"url":"https:\/\/dual-ethik.fr\/wp-content\/uploads\/2025\/03\/Savon-nature.jpeg","type":"image\/jpeg"}],"twitter_card":"summary_large_image","twitter_misc":{"Disponibilit\u00e9":"En stock"},"schema":{"@context":"https:\/\/schema.org","@graph":[{"@type":"WebPage","@id":"https:\/\/dual-ethik.fr\/index.php\/produit\/savon-nature\/","url":"https:\/\/dual-ethik.fr\/index.php\/produit\/savon-nature\/","name":"Savon Nature - Dual'Ethik","isPartOf":{"@id":"https:\/\/dual-ethik.fr\/#website"},"primaryImageOfPage":{"@id":"https:\/\/dual-ethik.fr\/index.php\/produit\/savon-nature\/#primaryimage"},"image":{"@id":"https:\/\/dual-ethik.fr\/index.php\/produit\/savon-nature\/#primaryimage"},"thumbnailUrl":"https:\/\/dual-ethik.fr\/wp-content\/uploads\/2025\/03\/Savon-nature.jpeg","datePublished":"2022-04-30T12:24:11+00:00","dateModified":"2026-03-27T16:28:08+00:00","description":"Le savon Nature, fabriqu\u00e9 par saponification \u00e0 froid, sans parfum ni huile essentielle, offre une mousse onctueuse pour toute la famille.","breadcrumb":{"@id":"https:\/\/dual-ethik.fr\/index.php\/produit\/savon-nature\/#breadcrumb"},"inLanguage":"fr-FR","potentialAction":[{"@type":"ReadAction","target":["https:\/\/dual-ethik.fr\/index.php\/produit\/savon-nature\/"]}]},{"@type":"ImageObject","inLanguage":"fr-FR","@id":"https:\/\/dual-ethik.fr\/index.php\/produit\/savon-nature\/#primaryimage","url":"https:\/\/dual-ethik.fr\/wp-content\/uploads\/2025\/03\/Savon-nature.jpeg","contentUrl":"https:\/\/dual-ethik.fr\/wp-content\/uploads\/2025\/03\/Savon-nature.jpeg","width":1300,"height":869,"caption":"Le savon nature"},{"@type":"BreadcrumbList","@id":"https:\/\/dual-ethik.fr\/index.php\/produit\/savon-nature\/#breadcrumb","itemListElement":[{"@type":"ListItem","position":1,"name":"Accueil","item":"https:\/\/dual-ethik.fr\/"},{"@type":"ListItem","position":2,"name":"Produits","item":"https:\/\/dual-ethik.fr\/index.php\/shop\/"},{"@type":"ListItem","position":3,"name":"Savon Le Nature"}]},{"@type":"WebSite","@id":"https:\/\/dual-ethik.fr\/#website","url":"https:\/\/dual-ethik.fr\/","name":"Dual'Ethik","description":"","publisher":{"@id":"https:\/\/dual-ethik.fr\/#organization"},"potentialAction":[{"@type":"SearchAction","target":{"@type":"EntryPoint","urlTemplate":"https:\/\/dual-ethik.fr\/?s={search_term_string}"},"query-input":{"@type":"PropertyValueSpecification","valueRequired":true,"valueName":"search_term_string"}}],"inLanguage":"fr-FR"},{"@type":"Organization","@id":"https:\/\/dual-ethik.fr\/#organization","name":"Dual'Ethik","url":"https:\/\/dual-ethik.fr\/","logo":{"@type":"ImageObject","inLanguage":"fr-FR","@id":"https:\/\/dual-ethik.fr\/#\/schema\/logo\/image\/","url":"https:\/\/dual-ethik.fr\/wp-content\/uploads\/2025\/02\/logo-dual-ethik.png","contentUrl":"https:\/\/dual-ethik.fr\/wp-content\/uploads\/2025\/02\/logo-dual-ethik.png","width":100,"height":80,"caption":"Dual'Ethik"},"image":{"@id":"https:\/\/dual-ethik.fr\/#\/schema\/logo\/image\/"}}]},"og_availability":"instock","product_availability":"instock","product_retailer_item_id":"Savon Nature","product_condition":"new"},"_links":{"self":[{"href":"https:\/\/dual-ethik.fr\/index.php\/wp-json\/wp\/v2\/product\/64","targetHints":{"allow":["GET"]}}],"collection":[{"href":"https:\/\/dual-ethik.fr\/index.php\/wp-json\/wp\/v2\/product"}],"about":[{"href":"https:\/\/dual-ethik.fr\/index.php\/wp-json\/wp\/v2\/types\/product"}],"version-history":[{"count":17,"href":"https:\/\/dual-ethik.fr\/index.php\/wp-json\/wp\/v2\/product\/64\/revisions"}],"predecessor-version":[{"id":3184,"href":"https:\/\/dual-ethik.fr\/index.php\/wp-json\/wp\/v2\/product\/64\/revisions\/3184"}],"wp:featuredmedia":[{"embeddable":true,"href":"https:\/\/dual-ethik.fr\/index.php\/wp-json\/wp\/v2\/media\/1054"}],"wp:attachment":[{"href":"https:\/\/dual-ethik.fr\/index.php\/wp-json\/wp\/v2\/media?parent=64"}],"wp:term":[{"taxonomy":"product_brand","embeddable":true,"href":"https:\/\/dual-ethik.fr\/index.php\/wp-json\/wp\/v2\/product_brand?post=64"},{"taxonomy":"product_cat","embeddable":true,"href":"https:\/\/dual-ethik.fr\/index.php\/wp-json\/wp\/v2\/product_cat?post=64"},{"taxonomy":"product_tag","embeddable":true,"href":"https:\/\/dual-ethik.fr\/index.php\/wp-json\/wp\/v2\/product_tag?post=64"}],"curies":[{"name":"wp","href":"https:\/\/api.w.org\/{rel}","templated":true}]}}