{"id":608,"date":"2024-11-20T18:23:31","date_gmt":"2024-11-20T17:23:31","guid":{"rendered":"https:\/\/dual-ethik.fr\/?post_type=product&#038;p=608"},"modified":"2025-11-09T18:25:13","modified_gmt":"2025-11-09T17:25:13","slug":"coffret-4-savons","status":"publish","type":"product","link":"https:\/\/dual-ethik.fr\/index.php\/produit\/coffret-4-savons\/","title":{"rendered":"Coffret 4 savons"},"content":{"rendered":"\t\t<div data-elementor-type=\"product-post\" data-elementor-id=\"608\" class=\"elementor elementor-608\" data-elementor-post-type=\"product\">\n\t\t\t\t<div class=\"elementor-element elementor-element-3198a21 e-flex e-con-boxed e-con e-parent\" data-id=\"3198a21\" data-element_type=\"container\" data-e-type=\"container\">\n\t\t\t\t\t<div class=\"e-con-inner\">\n\t\t\t\t\t<\/div>\n\t\t\t\t<\/div>\n\t\t<div class=\"elementor-element elementor-element-2628dad e-flex e-con-boxed e-con e-parent\" data-id=\"2628dad\" data-element_type=\"container\" data-e-type=\"container\">\n\t\t\t\t\t<div class=\"e-con-inner\">\n\t\t\t\t<div class=\"elementor-element elementor-element-39a3461 elementor-widget elementor-widget-heading\" data-id=\"39a3461\" data-element_type=\"widget\" data-e-type=\"widget\" data-widget_type=\"heading.default\">\n\t\t\t\t<div class=\"elementor-widget-container\">\n\t\t\t\t\t<h2 class=\"elementor-heading-title elementor-size-default\">Mon coffret \u00e0 personnaliser \u2013 Composez le v\u00f4tre avec 4 savons et des accessoires<\/h2>\t\t\t\t<\/div>\n\t\t\t\t<\/div>\n\t\t\t\t<div class=\"elementor-element elementor-element-e922db8 elementor-widget elementor-widget-text-editor\" data-id=\"e922db8\" data-element_type=\"widget\" data-e-type=\"widget\" data-widget_type=\"text-editor.default\">\n\t\t\t\t<div class=\"elementor-widget-container\">\n\t\t\t\t\t\t\t\t\t<p>Je suis ravie de vous proposer un <span class=\"notion-enable-hover\" data-token-index=\"1\">coffret \u00e0 personnaliser de 4 savons <\/span>que vous pouvez composer selon vos envies. Choisissez 4 savons parmi mes cr\u00e9ations artisanales et ajoutez des accessoires pour sublimer l\u2019exp\u00e9rience.<!-- notionvc: 663a2bfd-6db5-4726-be86-aefda3f5b5ff --><\/p>\t\t\t\t\t\t\t\t<\/div>\n\t\t\t\t<\/div>\n\t\t\t\t<div class=\"elementor-element elementor-element-382ca88 elementor-widget elementor-widget-heading\" data-id=\"382ca88\" data-element_type=\"widget\" data-e-type=\"widget\" data-widget_type=\"heading.default\">\n\t\t\t\t<div class=\"elementor-widget-container\">\n\t\t\t\t\t<h3 class=\"elementor-heading-title elementor-size-default\">Pourquoi choisir ce coffret ?<\/h3>\t\t\t\t<\/div>\n\t\t\t\t<\/div>\n\t\t\t\t<div class=\"elementor-element elementor-element-852ecd1 elementor-widget elementor-widget-text-editor\" data-id=\"852ecd1\" data-element_type=\"widget\" data-e-type=\"widget\" data-widget_type=\"text-editor.default\">\n\t\t\t\t<div class=\"elementor-widget-container\">\n\t\t\t\t\t\t\t\t\t<ul><li><strong>Un coffret \u00e0 votre image<\/strong> : je vous invite \u00e0 s\u00e9lectionner 4 savons parmi ma gamme de cr\u00e9ations.<\/li><li><strong>Ajoutez des accessoires<\/strong> : porte-savons, \u00e9ponges ou autres petites attentions pour compl\u00e9ter votre coffret.<\/li><li><strong>Un cadeau qui fait toujours plaisir<\/strong> : que ce soit pour vous ou pour quelqu\u2019un d\u2019autre, je pr\u00e9pare chaque coffret avec soin.<\/li><\/ul><p><!-- notionvc: 0f6da399-6441-492c-b39b-90d7e1195ffb --><\/p>\t\t\t\t\t\t\t\t<\/div>\n\t\t\t\t<\/div>\n\t\t\t\t<div class=\"elementor-element elementor-element-6b5db06 elementor-widget elementor-widget-heading\" data-id=\"6b5db06\" data-element_type=\"widget\" data-e-type=\"widget\" data-widget_type=\"heading.default\">\n\t\t\t\t<div class=\"elementor-widget-container\">\n\t\t\t\t\t<h3 class=\"elementor-heading-title elementor-size-default\">Comment \u00e7a fonctionne ?<\/h3>\t\t\t\t<\/div>\n\t\t\t\t<\/div>\n\t\t\t\t<div class=\"elementor-element elementor-element-952dfef elementor-widget elementor-widget-text-editor\" data-id=\"952dfef\" data-element_type=\"widget\" data-e-type=\"widget\" data-widget_type=\"text-editor.default\">\n\t\t\t\t<div class=\"elementor-widget-container\">\n\t\t\t\t\t\t\t\t\t<ol><li>Parcourez ma collection de savons et choisissez vos 4 pr\u00e9f\u00e9r\u00e9s.<\/li><li>Ajoutez des accessoires optionnels si vous le souhaitez.<\/li><li>Une fois votre commande pass\u00e9e, je m\u2019occupe de tout : un coffret pr\u00eat \u00e0 \u00eatre offert ou utilis\u00e9.<\/li><\/ol><p><!-- notionvc: 100667d8-f587-406c-9769-6b6c52b55b60 --><\/p>\t\t\t\t\t\t\t\t<\/div>\n\t\t\t\t<\/div>\n\t\t\t\t\t<\/div>\n\t\t\t\t<\/div>\n\t\t\t\t<\/div>\n\t\t","protected":false},"excerpt":{"rendered":"<p>Ce coffret\u00a0 en kraft contient 4 savons ainsi que les accessoires de votre choix.<\/p>\n<p>A vous de choisir !<\/p>\n","protected":false},"featured_media":625,"template":"","meta":[],"product_brand":[],"product_cat":[30],"product_tag":[],"class_list":{"0":"post-608","1":"product","2":"type-product","3":"status-publish","4":"has-post-thumbnail","6":"product_cat-coffrets","8":"first","9":"instock","10":"shipping-taxable","11":"purchasable","12":"product-type-variable"},"yoast_head":"<!-- This site is optimized with the Yoast SEO plugin v27.5 - https:\/\/yoast.com\/product\/yoast-seo-wordpress\/ -->\n<title>Coffret \u00e0 personnaliser 4 savons et accessoires - Dual&#039;Ethik<\/title>\n<meta name=\"description\" content=\"Coffret 4 savons \u00e0 personnaliser pour No\u00ebl 2024, il est compos\u00e9 de quatre savons Dual&#039;Ethik et de l&#039;accessoire de votre choix\" \/>\n<meta name=\"robots\" content=\"index, follow, max-snippet:-1, max-image-preview:large, max-video-preview:-1\" \/>\n<link rel=\"canonical\" href=\"https:\/\/dual-ethik.fr\/index.php\/produit\/coffret-4-savons\/\" \/>\n<meta property=\"og:locale\" content=\"fr_FR\" \/>\n<meta property=\"og:type\" content=\"article\" \/>\n<meta property=\"og:title\" content=\"Coffret \u00e0 personnaliser 4 savons et accessoires - Dual&#039;Ethik\" \/>\n<meta property=\"og:description\" content=\"Coffret 4 savons \u00e0 personnaliser pour No\u00ebl 2024, il est compos\u00e9 de quatre savons Dual&#039;Ethik et de l&#039;accessoire de votre choix\" \/>\n<meta property=\"og:url\" content=\"https:\/\/dual-ethik.fr\/index.php\/produit\/coffret-4-savons\/\" \/>\n<meta property=\"og:site_name\" content=\"Dual&#039;Ethik\" \/>\n<meta property=\"article:modified_time\" content=\"2025-11-09T17:25:13+00:00\" \/>\n<meta property=\"og:image\" content=\"https:\/\/dual-ethik.fr\/wp-content\/uploads\/2024\/11\/Coffret-4-savons.jpeg\" \/>\n\t<meta property=\"og:image:width\" content=\"1300\" \/>\n\t<meta property=\"og:image:height\" content=\"868\" \/>\n\t<meta property=\"og:image:type\" content=\"image\/jpeg\" \/>\n<meta name=\"twitter:card\" content=\"summary_large_image\" \/>\n<meta name=\"twitter:label1\" content=\"Disponibilit\u00e9\" \/>\n\t<meta name=\"twitter:data1\" content=\"En stock\" \/>\n<script type=\"application\/ld+json\" class=\"yoast-schema-graph\">{\"@context\":\"https:\\\/\\\/schema.org\",\"@graph\":[{\"@type\":\"WebPage\",\"@id\":\"https:\\\/\\\/dual-ethik.fr\\\/index.php\\\/produit\\\/coffret-4-savons\\\/\",\"url\":\"https:\\\/\\\/dual-ethik.fr\\\/index.php\\\/produit\\\/coffret-4-savons\\\/\",\"name\":\"Coffret \u00e0 personnaliser 4 savons et accessoires - Dual'Ethik\",\"isPartOf\":{\"@id\":\"https:\\\/\\\/dual-ethik.fr\\\/#website\"},\"primaryImageOfPage\":{\"@id\":\"https:\\\/\\\/dual-ethik.fr\\\/index.php\\\/produit\\\/coffret-4-savons\\\/#primaryimage\"},\"image\":{\"@id\":\"https:\\\/\\\/dual-ethik.fr\\\/index.php\\\/produit\\\/coffret-4-savons\\\/#primaryimage\"},\"thumbnailUrl\":\"https:\\\/\\\/dual-ethik.fr\\\/wp-content\\\/uploads\\\/2024\\\/11\\\/Coffret-4-savons.jpeg\",\"datePublished\":\"2024-11-20T17:23:31+00:00\",\"dateModified\":\"2025-11-09T17:25:13+00:00\",\"description\":\"Coffret 4 savons \u00e0 personnaliser pour No\u00ebl 2024, il est compos\u00e9 de quatre savons Dual'Ethik et de l'accessoire de votre choix\",\"breadcrumb\":{\"@id\":\"https:\\\/\\\/dual-ethik.fr\\\/index.php\\\/produit\\\/coffret-4-savons\\\/#breadcrumb\"},\"inLanguage\":\"fr-FR\",\"potentialAction\":[{\"@type\":\"ReadAction\",\"target\":[\"https:\\\/\\\/dual-ethik.fr\\\/index.php\\\/produit\\\/coffret-4-savons\\\/\"]}]},{\"@type\":\"ImageObject\",\"inLanguage\":\"fr-FR\",\"@id\":\"https:\\\/\\\/dual-ethik.fr\\\/index.php\\\/produit\\\/coffret-4-savons\\\/#primaryimage\",\"url\":\"https:\\\/\\\/dual-ethik.fr\\\/wp-content\\\/uploads\\\/2024\\\/11\\\/Coffret-4-savons.jpeg\",\"contentUrl\":\"https:\\\/\\\/dual-ethik.fr\\\/wp-content\\\/uploads\\\/2024\\\/11\\\/Coffret-4-savons.jpeg\",\"width\":1300,\"height\":868,\"caption\":\"Coffret de no\u00ebl contenant 4 savons de 100 g\"},{\"@type\":\"BreadcrumbList\",\"@id\":\"https:\\\/\\\/dual-ethik.fr\\\/index.php\\\/produit\\\/coffret-4-savons\\\/#breadcrumb\",\"itemListElement\":[{\"@type\":\"ListItem\",\"position\":1,\"name\":\"Accueil\",\"item\":\"https:\\\/\\\/dual-ethik.fr\\\/\"},{\"@type\":\"ListItem\",\"position\":2,\"name\":\"Produits\",\"item\":\"https:\\\/\\\/dual-ethik.fr\\\/index.php\\\/shop\\\/\"},{\"@type\":\"ListItem\",\"position\":3,\"name\":\"Coffret 4 savons\"}]},{\"@type\":\"WebSite\",\"@id\":\"https:\\\/\\\/dual-ethik.fr\\\/#website\",\"url\":\"https:\\\/\\\/dual-ethik.fr\\\/\",\"name\":\"Dual'Ethik\",\"description\":\"\",\"publisher\":{\"@id\":\"https:\\\/\\\/dual-ethik.fr\\\/#organization\"},\"potentialAction\":[{\"@type\":\"SearchAction\",\"target\":{\"@type\":\"EntryPoint\",\"urlTemplate\":\"https:\\\/\\\/dual-ethik.fr\\\/?s={search_term_string}\"},\"query-input\":{\"@type\":\"PropertyValueSpecification\",\"valueRequired\":true,\"valueName\":\"search_term_string\"}}],\"inLanguage\":\"fr-FR\"},{\"@type\":\"Organization\",\"@id\":\"https:\\\/\\\/dual-ethik.fr\\\/#organization\",\"name\":\"Dual'Ethik\",\"url\":\"https:\\\/\\\/dual-ethik.fr\\\/\",\"logo\":{\"@type\":\"ImageObject\",\"inLanguage\":\"fr-FR\",\"@id\":\"https:\\\/\\\/dual-ethik.fr\\\/#\\\/schema\\\/logo\\\/image\\\/\",\"url\":\"https:\\\/\\\/dual-ethik.fr\\\/wp-content\\\/uploads\\\/2025\\\/02\\\/logo-dual-ethik.png\",\"contentUrl\":\"https:\\\/\\\/dual-ethik.fr\\\/wp-content\\\/uploads\\\/2025\\\/02\\\/logo-dual-ethik.png\",\"width\":100,\"height\":80,\"caption\":\"Dual'Ethik\"},\"image\":{\"@id\":\"https:\\\/\\\/dual-ethik.fr\\\/#\\\/schema\\\/logo\\\/image\\\/\"}}]}<\/script>\n<meta property=\"og:availability\" content=\"instock\" \/>\n<meta property=\"product:availability\" content=\"instock\" \/>\n<meta property=\"product:retailer_item_id\" content=\"coffret 4\" \/>\n<meta property=\"product:condition\" content=\"new\" \/>\n<!-- \/ Yoast SEO plugin. -->","yoast_head_json":{"title":"Coffret \u00e0 personnaliser 4 savons et accessoires - Dual'Ethik","description":"Coffret 4 savons \u00e0 personnaliser pour No\u00ebl 2024, il est compos\u00e9 de quatre savons Dual'Ethik et de l'accessoire de votre choix","robots":{"index":"index","follow":"follow","max-snippet":"max-snippet:-1","max-image-preview":"max-image-preview:large","max-video-preview":"max-video-preview:-1"},"canonical":"https:\/\/dual-ethik.fr\/index.php\/produit\/coffret-4-savons\/","og_locale":"fr_FR","og_type":"article","og_title":"Coffret \u00e0 personnaliser 4 savons et accessoires - Dual'Ethik","og_description":"Coffret 4 savons \u00e0 personnaliser pour No\u00ebl 2024, il est compos\u00e9 de quatre savons Dual'Ethik et de l'accessoire de votre choix","og_url":"https:\/\/dual-ethik.fr\/index.php\/produit\/coffret-4-savons\/","og_site_name":"Dual&#039;Ethik","article_modified_time":"2025-11-09T17:25:13+00:00","og_image":[{"width":1300,"height":868,"url":"https:\/\/dual-ethik.fr\/wp-content\/uploads\/2024\/11\/Coffret-4-savons.jpeg","type":"image\/jpeg"}],"twitter_card":"summary_large_image","twitter_misc":{"Disponibilit\u00e9":"En stock"},"schema":{"@context":"https:\/\/schema.org","@graph":[{"@type":"WebPage","@id":"https:\/\/dual-ethik.fr\/index.php\/produit\/coffret-4-savons\/","url":"https:\/\/dual-ethik.fr\/index.php\/produit\/coffret-4-savons\/","name":"Coffret \u00e0 personnaliser 4 savons et accessoires - Dual'Ethik","isPartOf":{"@id":"https:\/\/dual-ethik.fr\/#website"},"primaryImageOfPage":{"@id":"https:\/\/dual-ethik.fr\/index.php\/produit\/coffret-4-savons\/#primaryimage"},"image":{"@id":"https:\/\/dual-ethik.fr\/index.php\/produit\/coffret-4-savons\/#primaryimage"},"thumbnailUrl":"https:\/\/dual-ethik.fr\/wp-content\/uploads\/2024\/11\/Coffret-4-savons.jpeg","datePublished":"2024-11-20T17:23:31+00:00","dateModified":"2025-11-09T17:25:13+00:00","description":"Coffret 4 savons \u00e0 personnaliser pour No\u00ebl 2024, il est compos\u00e9 de quatre savons Dual'Ethik et de l'accessoire de votre choix","breadcrumb":{"@id":"https:\/\/dual-ethik.fr\/index.php\/produit\/coffret-4-savons\/#breadcrumb"},"inLanguage":"fr-FR","potentialAction":[{"@type":"ReadAction","target":["https:\/\/dual-ethik.fr\/index.php\/produit\/coffret-4-savons\/"]}]},{"@type":"ImageObject","inLanguage":"fr-FR","@id":"https:\/\/dual-ethik.fr\/index.php\/produit\/coffret-4-savons\/#primaryimage","url":"https:\/\/dual-ethik.fr\/wp-content\/uploads\/2024\/11\/Coffret-4-savons.jpeg","contentUrl":"https:\/\/dual-ethik.fr\/wp-content\/uploads\/2024\/11\/Coffret-4-savons.jpeg","width":1300,"height":868,"caption":"Coffret de no\u00ebl contenant 4 savons de 100 g"},{"@type":"BreadcrumbList","@id":"https:\/\/dual-ethik.fr\/index.php\/produit\/coffret-4-savons\/#breadcrumb","itemListElement":[{"@type":"ListItem","position":1,"name":"Accueil","item":"https:\/\/dual-ethik.fr\/"},{"@type":"ListItem","position":2,"name":"Produits","item":"https:\/\/dual-ethik.fr\/index.php\/shop\/"},{"@type":"ListItem","position":3,"name":"Coffret 4 savons"}]},{"@type":"WebSite","@id":"https:\/\/dual-ethik.fr\/#website","url":"https:\/\/dual-ethik.fr\/","name":"Dual'Ethik","description":"","publisher":{"@id":"https:\/\/dual-ethik.fr\/#organization"},"potentialAction":[{"@type":"SearchAction","target":{"@type":"EntryPoint","urlTemplate":"https:\/\/dual-ethik.fr\/?s={search_term_string}"},"query-input":{"@type":"PropertyValueSpecification","valueRequired":true,"valueName":"search_term_string"}}],"inLanguage":"fr-FR"},{"@type":"Organization","@id":"https:\/\/dual-ethik.fr\/#organization","name":"Dual'Ethik","url":"https:\/\/dual-ethik.fr\/","logo":{"@type":"ImageObject","inLanguage":"fr-FR","@id":"https:\/\/dual-ethik.fr\/#\/schema\/logo\/image\/","url":"https:\/\/dual-ethik.fr\/wp-content\/uploads\/2025\/02\/logo-dual-ethik.png","contentUrl":"https:\/\/dual-ethik.fr\/wp-content\/uploads\/2025\/02\/logo-dual-ethik.png","width":100,"height":80,"caption":"Dual'Ethik"},"image":{"@id":"https:\/\/dual-ethik.fr\/#\/schema\/logo\/image\/"}}]},"og_availability":"instock","product_availability":"instock","product_retailer_item_id":"coffret 4","product_condition":"new"},"_links":{"self":[{"href":"https:\/\/dual-ethik.fr\/index.php\/wp-json\/wp\/v2\/product\/608","targetHints":{"allow":["GET"]}}],"collection":[{"href":"https:\/\/dual-ethik.fr\/index.php\/wp-json\/wp\/v2\/product"}],"about":[{"href":"https:\/\/dual-ethik.fr\/index.php\/wp-json\/wp\/v2\/types\/product"}],"version-history":[{"count":8,"href":"https:\/\/dual-ethik.fr\/index.php\/wp-json\/wp\/v2\/product\/608\/revisions"}],"predecessor-version":[{"id":2134,"href":"https:\/\/dual-ethik.fr\/index.php\/wp-json\/wp\/v2\/product\/608\/revisions\/2134"}],"wp:featuredmedia":[{"embeddable":true,"href":"https:\/\/dual-ethik.fr\/index.php\/wp-json\/wp\/v2\/media\/625"}],"wp:attachment":[{"href":"https:\/\/dual-ethik.fr\/index.php\/wp-json\/wp\/v2\/media?parent=608"}],"wp:term":[{"taxonomy":"product_brand","embeddable":true,"href":"https:\/\/dual-ethik.fr\/index.php\/wp-json\/wp\/v2\/product_brand?post=608"},{"taxonomy":"product_cat","embeddable":true,"href":"https:\/\/dual-ethik.fr\/index.php\/wp-json\/wp\/v2\/product_cat?post=608"},{"taxonomy":"product_tag","embeddable":true,"href":"https:\/\/dual-ethik.fr\/index.php\/wp-json\/wp\/v2\/product_tag?post=608"}],"curies":[{"name":"wp","href":"https:\/\/api.w.org\/{rel}","templated":true}]}}