{"id":607,"date":"2024-11-21T12:07:12","date_gmt":"2024-11-21T11:07:12","guid":{"rendered":"https:\/\/dual-ethik.fr\/?post_type=product&#038;p=607"},"modified":"2026-03-27T17:30:44","modified_gmt":"2026-03-27T16:30:44","slug":"coffret-8-savons","status":"publish","type":"product","link":"https:\/\/dual-ethik.fr\/index.php\/produit\/coffret-8-savons\/","title":{"rendered":"Coffret 8 savons"},"content":{"rendered":"\t\t<div data-elementor-type=\"product-post\" data-elementor-id=\"607\" class=\"elementor elementor-607\" data-elementor-post-type=\"product\">\n\t\t\t\t<div class=\"elementor-element elementor-element-4ae8fe4 e-flex e-con-boxed e-con e-parent\" data-id=\"4ae8fe4\" data-element_type=\"container\" data-e-type=\"container\">\n\t\t\t\t\t<div class=\"e-con-inner\">\n\t\t\t\t<div class=\"elementor-element elementor-element-cfbbbcd elementor-widget elementor-widget-heading\" data-id=\"cfbbbcd\" data-element_type=\"widget\" data-e-type=\"widget\" data-widget_type=\"heading.default\">\n\t\t\t\t<div class=\"elementor-widget-container\">\n\t\t\t\t\t<h2 class=\"elementor-heading-title elementor-size-default\">Mon Coffret de 8 Savons : Une Invitation au Bien-\u00catre<\/h2>\t\t\t\t<\/div>\n\t\t\t\t<\/div>\n\t\t\t\t<div class=\"elementor-element elementor-element-56b5fcd elementor-widget elementor-widget-text-editor\" data-id=\"56b5fcd\" data-element_type=\"widget\" data-e-type=\"widget\" data-widget_type=\"text-editor.default\">\n\t\t\t\t<div class=\"elementor-widget-container\">\n\t\t\t\t\t\t\t\t\t<p>J\u2019ai cr\u00e9e ce\u00a0<b>coffret de 8 savons\u00a0<\/b>pour vous faire d\u00e9couvrir mes savons fabriqu\u00e9s avec des mati\u00e8res premi\u00e8res soigneusement s\u00e9lectionn\u00e9es.<\/p>\t\t\t\t\t\t\t\t<\/div>\n\t\t\t\t<\/div>\n\t\t\t\t<div class=\"elementor-element elementor-element-34d7285 elementor-widget elementor-widget-heading\" data-id=\"34d7285\" data-element_type=\"widget\" data-e-type=\"widget\" data-widget_type=\"heading.default\">\n\t\t\t\t<div class=\"elementor-widget-container\">\n\t\t\t\t\t<h2 class=\"elementor-heading-title elementor-size-default\">Ce que contient mon coffret<\/h2>\t\t\t\t<\/div>\n\t\t\t\t<\/div>\n\t\t\t\t<div class=\"elementor-element elementor-element-fbc2960 elementor-widget elementor-widget-text-editor\" data-id=\"fbc2960\" data-element_type=\"widget\" data-e-type=\"widget\" data-widget_type=\"text-editor.default\">\n\t\t\t\t<div class=\"elementor-widget-container\">\n\t\t\t\t\t\t\t\t\t<p><strong>\u00a0Il contient\u00a0un porte-savon luffah et\u00a08 savons de 100 g chacun :<\/strong><\/p><ul><li><strong>Le Savon Castille :<\/strong>\u00a0Savon sans huile essentielle.<\/li><li><strong>Le Savon Dor\u00e9 :<\/strong>\u00a0Savon parfum\u00e9 avec des huiles essentielles de bergamote et patchouli.<\/li><li><strong>Le Savon Cuivr\u00e9 :\u00a0<\/strong>Savon parfum\u00e9 avec des huiles essentielles de patchouli, bergamote et palmarosa.<\/li><li><strong>Le Savon Grey :<\/strong>\u00a0Savon parfum\u00e9 avec des huiles essentielles de menthe poivr\u00e9e, c\u00e8dre de l\u2019atlas et palmarosa.<\/li><li><strong>Le Savon gourmand :\u00a0<\/strong>Savon parfum\u00e9 avec de l\u2019huile essentielle d\u2019orange douce.<\/li><li><strong>Le Savon Citronn\u00e9 :\u00a0<\/strong>Savon parfum\u00e9 avec de l\u2019huile essentielle de citron zeste.<\/li><li><strong>Le Savon Exfoliant :<\/strong>\u00a0Savon sans huile essentielle, l\u2019agent gommant est le flocon d\u2019avoine.<\/li><li><p><strong>Le Savon Shampooing Avoine :<\/strong> Savon shampooing sans huile essentielle.<\/p><\/li><\/ul><p>Vous pouvez retrouver la composition de chaque composition dans l\u2019onglet composition.<\/p><p>Avec ce coffret, je vous invite \u00e0 d\u00e9couvrir mon univers, o\u00f9 chaque produit est pens\u00e9 et fabriqu\u00e9 avec soin. J\u2019esp\u00e8re qu\u2019ils vous apporteront autant de plaisir que j\u2019en ai eu \u00e0 les cr\u00e9er.<\/p><p>Vous pouvez d\u00e9couvrir d&rsquo;autres coffrets <a href=\"https:\/\/dual-ethik.fr\/index.php\/coffrets-cadeaux\/\">ici<\/a><\/p>\t\t\t\t\t\t\t\t<\/div>\n\t\t\t\t<\/div>\n\t\t\t\t\t<\/div>\n\t\t\t\t<\/div>\n\t\t\t\t<\/div>\n\t\t","protected":false},"excerpt":{"rendered":"<p>D\u00e9couvrez ce coffret de 8 savons offrant douceur et bien-\u00eatre \u00e0 chaque utilisation.<\/p>\n","protected":false},"featured_media":638,"template":"","meta":[],"product_brand":[],"product_cat":[30],"product_tag":[],"class_list":{"0":"post-607","1":"product","2":"type-product","3":"status-publish","4":"has-post-thumbnail","6":"product_cat-coffrets","8":"first","9":"instock","10":"shipping-taxable","11":"purchasable","12":"product-type-simple"},"yoast_head":"<!-- This site is optimized with the Yoast SEO plugin v27.5 - https:\/\/yoast.com\/product\/yoast-seo-wordpress\/ -->\n<title>Coffret 8 savons artisanaux \u2013 Dual\u2019Ethik<\/title>\n<meta name=\"description\" content=\"Offrez un coffret de 8 savons artisanaux fabriqu\u00e9s \u00e0 la main avec des ingr\u00e9dients naturels. Un cadeau id\u00e9al pour prendre soin de la peau en douceur.\" \/>\n<meta name=\"robots\" content=\"index, follow, max-snippet:-1, max-image-preview:large, max-video-preview:-1\" \/>\n<link rel=\"canonical\" href=\"https:\/\/dual-ethik.fr\/index.php\/produit\/coffret-8-savons\/\" \/>\n<meta property=\"og:locale\" content=\"fr_FR\" \/>\n<meta property=\"og:type\" content=\"article\" \/>\n<meta property=\"og:title\" content=\"Coffret 8 savons artisanaux \u2013 Dual\u2019Ethik\" \/>\n<meta property=\"og:description\" content=\"Offrez un coffret de 8 savons artisanaux fabriqu\u00e9s \u00e0 la main avec des ingr\u00e9dients naturels. Un cadeau id\u00e9al pour prendre soin de la peau en douceur.\" \/>\n<meta property=\"og:url\" content=\"https:\/\/dual-ethik.fr\/index.php\/produit\/coffret-8-savons\/\" \/>\n<meta property=\"og:site_name\" content=\"Dual&#039;Ethik\" \/>\n<meta property=\"article:modified_time\" content=\"2026-03-27T16:30:44+00:00\" \/>\n<meta property=\"og:image\" content=\"https:\/\/dual-ethik.fr\/wp-content\/uploads\/2024\/11\/image00005.jpeg\" \/>\n\t<meta property=\"og:image:width\" content=\"1300\" \/>\n\t<meta property=\"og:image:height\" content=\"869\" \/>\n\t<meta property=\"og:image:type\" content=\"image\/jpeg\" \/>\n<meta name=\"twitter:card\" content=\"summary_large_image\" \/>\n<meta name=\"twitter:label1\" content=\"Prix\" \/>\n\t<meta name=\"twitter:data1\" content=\"45,00&nbsp;&euro;\" \/>\n\t<meta name=\"twitter:label2\" content=\"Disponibilit\u00e9\" \/>\n\t<meta name=\"twitter:data2\" content=\"En stock\" \/>\n<script type=\"application\/ld+json\" class=\"yoast-schema-graph\">{\"@context\":\"https:\\\/\\\/schema.org\",\"@graph\":[{\"@type\":\"WebPage\",\"@id\":\"https:\\\/\\\/dual-ethik.fr\\\/index.php\\\/produit\\\/coffret-8-savons\\\/\",\"url\":\"https:\\\/\\\/dual-ethik.fr\\\/index.php\\\/produit\\\/coffret-8-savons\\\/\",\"name\":\"Coffret 8 savons artisanaux \u2013 Dual\u2019Ethik\",\"isPartOf\":{\"@id\":\"https:\\\/\\\/dual-ethik.fr\\\/#website\"},\"primaryImageOfPage\":{\"@id\":\"https:\\\/\\\/dual-ethik.fr\\\/index.php\\\/produit\\\/coffret-8-savons\\\/#primaryimage\"},\"image\":{\"@id\":\"https:\\\/\\\/dual-ethik.fr\\\/index.php\\\/produit\\\/coffret-8-savons\\\/#primaryimage\"},\"thumbnailUrl\":\"https:\\\/\\\/dual-ethik.fr\\\/wp-content\\\/uploads\\\/2024\\\/11\\\/image00005.jpeg\",\"datePublished\":\"2024-11-21T11:07:12+00:00\",\"dateModified\":\"2026-03-27T16:30:44+00:00\",\"description\":\"Offrez un coffret de 8 savons artisanaux fabriqu\u00e9s \u00e0 la main avec des ingr\u00e9dients naturels. Un cadeau id\u00e9al pour prendre soin de la peau en douceur.\",\"breadcrumb\":{\"@id\":\"https:\\\/\\\/dual-ethik.fr\\\/index.php\\\/produit\\\/coffret-8-savons\\\/#breadcrumb\"},\"inLanguage\":\"fr-FR\",\"potentialAction\":[{\"@type\":\"ReadAction\",\"target\":[\"https:\\\/\\\/dual-ethik.fr\\\/index.php\\\/produit\\\/coffret-8-savons\\\/\"]}]},{\"@type\":\"ImageObject\",\"inLanguage\":\"fr-FR\",\"@id\":\"https:\\\/\\\/dual-ethik.fr\\\/index.php\\\/produit\\\/coffret-8-savons\\\/#primaryimage\",\"url\":\"https:\\\/\\\/dual-ethik.fr\\\/wp-content\\\/uploads\\\/2024\\\/11\\\/image00005.jpeg\",\"contentUrl\":\"https:\\\/\\\/dual-ethik.fr\\\/wp-content\\\/uploads\\\/2024\\\/11\\\/image00005.jpeg\",\"width\":1300,\"height\":869,\"caption\":\"coffret de 8 savons\"},{\"@type\":\"BreadcrumbList\",\"@id\":\"https:\\\/\\\/dual-ethik.fr\\\/index.php\\\/produit\\\/coffret-8-savons\\\/#breadcrumb\",\"itemListElement\":[{\"@type\":\"ListItem\",\"position\":1,\"name\":\"Accueil\",\"item\":\"https:\\\/\\\/dual-ethik.fr\\\/\"},{\"@type\":\"ListItem\",\"position\":2,\"name\":\"Produits\",\"item\":\"https:\\\/\\\/dual-ethik.fr\\\/index.php\\\/shop\\\/\"},{\"@type\":\"ListItem\",\"position\":3,\"name\":\"Coffret 8 savons\"}]},{\"@type\":\"WebSite\",\"@id\":\"https:\\\/\\\/dual-ethik.fr\\\/#website\",\"url\":\"https:\\\/\\\/dual-ethik.fr\\\/\",\"name\":\"Dual'Ethik\",\"description\":\"\",\"publisher\":{\"@id\":\"https:\\\/\\\/dual-ethik.fr\\\/#organization\"},\"potentialAction\":[{\"@type\":\"SearchAction\",\"target\":{\"@type\":\"EntryPoint\",\"urlTemplate\":\"https:\\\/\\\/dual-ethik.fr\\\/?s={search_term_string}\"},\"query-input\":{\"@type\":\"PropertyValueSpecification\",\"valueRequired\":true,\"valueName\":\"search_term_string\"}}],\"inLanguage\":\"fr-FR\"},{\"@type\":\"Organization\",\"@id\":\"https:\\\/\\\/dual-ethik.fr\\\/#organization\",\"name\":\"Dual'Ethik\",\"url\":\"https:\\\/\\\/dual-ethik.fr\\\/\",\"logo\":{\"@type\":\"ImageObject\",\"inLanguage\":\"fr-FR\",\"@id\":\"https:\\\/\\\/dual-ethik.fr\\\/#\\\/schema\\\/logo\\\/image\\\/\",\"url\":\"https:\\\/\\\/dual-ethik.fr\\\/wp-content\\\/uploads\\\/2025\\\/02\\\/logo-dual-ethik.png\",\"contentUrl\":\"https:\\\/\\\/dual-ethik.fr\\\/wp-content\\\/uploads\\\/2025\\\/02\\\/logo-dual-ethik.png\",\"width\":100,\"height\":80,\"caption\":\"Dual'Ethik\"},\"image\":{\"@id\":\"https:\\\/\\\/dual-ethik.fr\\\/#\\\/schema\\\/logo\\\/image\\\/\"}}]}<\/script>\n<meta property=\"product:price:amount\" content=\"45.00\" \/>\n<meta property=\"product:price:currency\" content=\"EUR\" \/>\n<meta property=\"og:availability\" content=\"instock\" \/>\n<meta property=\"product:availability\" content=\"instock\" \/>\n<meta property=\"product:retailer_item_id\" content=\"coffret 8\" \/>\n<meta property=\"product:condition\" content=\"new\" \/>\n<!-- \/ Yoast SEO plugin. -->","yoast_head_json":{"title":"Coffret 8 savons artisanaux \u2013 Dual\u2019Ethik","description":"Offrez un coffret de 8 savons artisanaux fabriqu\u00e9s \u00e0 la main avec des ingr\u00e9dients naturels. Un cadeau id\u00e9al pour prendre soin de la peau en douceur.","robots":{"index":"index","follow":"follow","max-snippet":"max-snippet:-1","max-image-preview":"max-image-preview:large","max-video-preview":"max-video-preview:-1"},"canonical":"https:\/\/dual-ethik.fr\/index.php\/produit\/coffret-8-savons\/","og_locale":"fr_FR","og_type":"article","og_title":"Coffret 8 savons artisanaux \u2013 Dual\u2019Ethik","og_description":"Offrez un coffret de 8 savons artisanaux fabriqu\u00e9s \u00e0 la main avec des ingr\u00e9dients naturels. Un cadeau id\u00e9al pour prendre soin de la peau en douceur.","og_url":"https:\/\/dual-ethik.fr\/index.php\/produit\/coffret-8-savons\/","og_site_name":"Dual&#039;Ethik","article_modified_time":"2026-03-27T16:30:44+00:00","og_image":[{"width":1300,"height":869,"url":"https:\/\/dual-ethik.fr\/wp-content\/uploads\/2024\/11\/image00005.jpeg","type":"image\/jpeg"}],"twitter_card":"summary_large_image","twitter_misc":{"Prix":"45,00&nbsp;&euro;","Disponibilit\u00e9":"En stock"},"schema":{"@context":"https:\/\/schema.org","@graph":[{"@type":"WebPage","@id":"https:\/\/dual-ethik.fr\/index.php\/produit\/coffret-8-savons\/","url":"https:\/\/dual-ethik.fr\/index.php\/produit\/coffret-8-savons\/","name":"Coffret 8 savons artisanaux \u2013 Dual\u2019Ethik","isPartOf":{"@id":"https:\/\/dual-ethik.fr\/#website"},"primaryImageOfPage":{"@id":"https:\/\/dual-ethik.fr\/index.php\/produit\/coffret-8-savons\/#primaryimage"},"image":{"@id":"https:\/\/dual-ethik.fr\/index.php\/produit\/coffret-8-savons\/#primaryimage"},"thumbnailUrl":"https:\/\/dual-ethik.fr\/wp-content\/uploads\/2024\/11\/image00005.jpeg","datePublished":"2024-11-21T11:07:12+00:00","dateModified":"2026-03-27T16:30:44+00:00","description":"Offrez un coffret de 8 savons artisanaux fabriqu\u00e9s \u00e0 la main avec des ingr\u00e9dients naturels. Un cadeau id\u00e9al pour prendre soin de la peau en douceur.","breadcrumb":{"@id":"https:\/\/dual-ethik.fr\/index.php\/produit\/coffret-8-savons\/#breadcrumb"},"inLanguage":"fr-FR","potentialAction":[{"@type":"ReadAction","target":["https:\/\/dual-ethik.fr\/index.php\/produit\/coffret-8-savons\/"]}]},{"@type":"ImageObject","inLanguage":"fr-FR","@id":"https:\/\/dual-ethik.fr\/index.php\/produit\/coffret-8-savons\/#primaryimage","url":"https:\/\/dual-ethik.fr\/wp-content\/uploads\/2024\/11\/image00005.jpeg","contentUrl":"https:\/\/dual-ethik.fr\/wp-content\/uploads\/2024\/11\/image00005.jpeg","width":1300,"height":869,"caption":"coffret de 8 savons"},{"@type":"BreadcrumbList","@id":"https:\/\/dual-ethik.fr\/index.php\/produit\/coffret-8-savons\/#breadcrumb","itemListElement":[{"@type":"ListItem","position":1,"name":"Accueil","item":"https:\/\/dual-ethik.fr\/"},{"@type":"ListItem","position":2,"name":"Produits","item":"https:\/\/dual-ethik.fr\/index.php\/shop\/"},{"@type":"ListItem","position":3,"name":"Coffret 8 savons"}]},{"@type":"WebSite","@id":"https:\/\/dual-ethik.fr\/#website","url":"https:\/\/dual-ethik.fr\/","name":"Dual'Ethik","description":"","publisher":{"@id":"https:\/\/dual-ethik.fr\/#organization"},"potentialAction":[{"@type":"SearchAction","target":{"@type":"EntryPoint","urlTemplate":"https:\/\/dual-ethik.fr\/?s={search_term_string}"},"query-input":{"@type":"PropertyValueSpecification","valueRequired":true,"valueName":"search_term_string"}}],"inLanguage":"fr-FR"},{"@type":"Organization","@id":"https:\/\/dual-ethik.fr\/#organization","name":"Dual'Ethik","url":"https:\/\/dual-ethik.fr\/","logo":{"@type":"ImageObject","inLanguage":"fr-FR","@id":"https:\/\/dual-ethik.fr\/#\/schema\/logo\/image\/","url":"https:\/\/dual-ethik.fr\/wp-content\/uploads\/2025\/02\/logo-dual-ethik.png","contentUrl":"https:\/\/dual-ethik.fr\/wp-content\/uploads\/2025\/02\/logo-dual-ethik.png","width":100,"height":80,"caption":"Dual'Ethik"},"image":{"@id":"https:\/\/dual-ethik.fr\/#\/schema\/logo\/image\/"}}]},"product_price_amount":"45.00","product_price_currency":"EUR","og_availability":"instock","product_availability":"instock","product_retailer_item_id":"coffret 8","product_condition":"new"},"_links":{"self":[{"href":"https:\/\/dual-ethik.fr\/index.php\/wp-json\/wp\/v2\/product\/607","targetHints":{"allow":["GET"]}}],"collection":[{"href":"https:\/\/dual-ethik.fr\/index.php\/wp-json\/wp\/v2\/product"}],"about":[{"href":"https:\/\/dual-ethik.fr\/index.php\/wp-json\/wp\/v2\/types\/product"}],"version-history":[{"count":32,"href":"https:\/\/dual-ethik.fr\/index.php\/wp-json\/wp\/v2\/product\/607\/revisions"}],"predecessor-version":[{"id":3188,"href":"https:\/\/dual-ethik.fr\/index.php\/wp-json\/wp\/v2\/product\/607\/revisions\/3188"}],"wp:featuredmedia":[{"embeddable":true,"href":"https:\/\/dual-ethik.fr\/index.php\/wp-json\/wp\/v2\/media\/638"}],"wp:attachment":[{"href":"https:\/\/dual-ethik.fr\/index.php\/wp-json\/wp\/v2\/media?parent=607"}],"wp:term":[{"taxonomy":"product_brand","embeddable":true,"href":"https:\/\/dual-ethik.fr\/index.php\/wp-json\/wp\/v2\/product_brand?post=607"},{"taxonomy":"product_cat","embeddable":true,"href":"https:\/\/dual-ethik.fr\/index.php\/wp-json\/wp\/v2\/product_cat?post=607"},{"taxonomy":"product_tag","embeddable":true,"href":"https:\/\/dual-ethik.fr\/index.php\/wp-json\/wp\/v2\/product_tag?post=607"}],"curies":[{"name":"wp","href":"https:\/\/api.w.org\/{rel}","templated":true}]}}