{"id":488,"date":"2024-06-30T15:54:42","date_gmt":"2024-06-30T13:54:42","guid":{"rendered":"https:\/\/dual-ethik.fr\/?post_type=product&#038;p=488"},"modified":"2026-02-05T16:54:54","modified_gmt":"2026-02-05T15:54:54","slug":"karite-brut","status":"publish","type":"product","link":"https:\/\/dual-ethik.fr\/index.php\/produit\/karite-brut\/","title":{"rendered":"Beurre de karit\u00e9 &#8211; Soin pour le corps et les cheveux"},"content":{"rendered":"\t\t<div data-elementor-type=\"product-post\" data-elementor-id=\"488\" class=\"elementor elementor-488\" data-elementor-post-type=\"product\">\n\t\t\t\t<div class=\"elementor-element elementor-element-1e9c378e e-flex e-con-boxed e-con e-parent\" data-id=\"1e9c378e\" data-element_type=\"container\" data-e-type=\"container\">\n\t\t\t\t\t<div class=\"e-con-inner\">\n\t\t\t\t<div class=\"elementor-element elementor-element-696cc645 elementor-widget elementor-widget-text-editor\" data-id=\"696cc645\" data-element_type=\"widget\" data-e-type=\"widget\" data-widget_type=\"text-editor.default\">\n\t\t\t\t<div class=\"elementor-widget-container\">\n\t\t\t\t\t\t\t\t\tLe <span class=\"notion-enable-hover\" data-token-index=\"1\"><strong>beurre de karit\u00e9<\/strong> <strong>brut<\/strong><\/span> que je vous propose est un produit non raffin\u00e9 et non d\u00e9sodoris\u00e9. Il provient de <span class=\"notion-enable-hover\" data-token-index=\"3\"><strong>l&rsquo;agriculture biologique et \u00e9quitable<\/strong>.<\/span><!-- notionvc: 152fe929-e6b6-4785-8c36-423d4f76f675 -->\n\n&nbsp;\n<h2>Les bienfaits du beurre de karit\u00e9 pour la peau et les cheveux<\/h2>\nLe <strong>beurre de karit\u00e9<\/strong> est un soin ultra-nourrissant, id\u00e9al pour nourrir <strong>la peau s\u00e8che<\/strong>, notamment pour les <strong>pieds secs<\/strong>, apr\u00e8s une exposition au soleil ou pour un soin des cheveux, il peut \u00eatre utilis\u00e9 en masque pour <strong>les cheveux<\/strong> ou en soin des <strong>pointes s\u00e8ches<\/strong>.\n\n&nbsp;\n<h2>Le beurre de karit\u00e9 : un concentr\u00e9 de vitamines<\/h2>\nLe beurre de karit\u00e9 est riche en <strong>vitamines A, E et K<\/strong> et en <strong>acides gras essentiels<\/strong>.\n\n&nbsp;\n<h2>Mode d&#8217;emploi du beurre de karit\u00e9 brut<\/h2>\n<h3><strong>Pour le soin du corps<\/strong> :<\/h3>\nPrenez une petite noisette de beurre de karit\u00e9, fa\u00eetes-la fondre entre vos mains puis appliquez sur la zone souhait\u00e9e en massant doucement.\n\n&nbsp;\n<h3><strong>Pour les cheveux<\/strong> :<\/h3>\nLe beurre de karit\u00e9 est un soin id\u00e9al pour les <strong>pointes s\u00e8ches<\/strong>. Vous pouvez \u00e9galement l\u2019utiliser en masque capillaire :\n<ol>\n \t<li>Appliquez une noix de beurre de karit\u00e9 sur vos cheveux et votre cuir chevelu, en massant d\u00e9licatement ligne par ligne.<\/li>\n \t<li>Enveloppez vos cheveux dans une serviette chaude et laissez poser pendant au moins deux heures avant de faire votre shampooing avec <a href=\"https:\/\/dual-ethik.fr\/index.php\/produit\/le-savon-shampooing-avoine\/\">Le Savon Shampooing Avoine<\/a>.<\/li>\n \t<li>Appliquez votre shampooing pr\u00e9alablement humidifi\u00e9 sur vos cheveux, rincez, puis lavez-les comme \u00e0 votre habitude.<\/li>\n<\/ol>\nLe <strong>beurre de karit\u00e9 brut bio<\/strong> est le soin incontournable pour nourrir votre peau et vos cheveux.\n\n<!-- notionvc: 93a2db8a-7ed1-4e61-a60c-eea045cbc3de -->\n\n<!-- notionvc: 9fb2bc3c-ba44-4e39-b7ed-f672290098c0 -->\n\n<!-- notionvc: 2e474005-1048-4cbc-b1f7-fd6715b03417 -->\t\t\t\t\t\t\t\t<\/div>\n\t\t\t\t<\/div>\n\t\t\t\t\t<\/div>\n\t\t\t\t<\/div>\n\t\t\t\t<\/div>\n\t\t","protected":false},"excerpt":{"rendered":"<p data-start=\"0\" data-end=\"53\"><strong data-start=\"0\" data-end=\"48\">Beurre de karit\u00e9 brut bio \u2013 Soin nourrissant<\/strong><\/p>\n<p data-start=\"0\" data-end=\"53\">Id\u00e9al pour les peaux s\u00e8ches, apr\u00e8s une exposition au soleil ou en soins capillaires.<\/p>\n","protected":false},"featured_media":589,"template":"","meta":[],"product_brand":[],"product_cat":[27],"product_tag":[],"class_list":{"0":"post-488","1":"product","2":"type-product","3":"status-publish","4":"has-post-thumbnail","6":"product_cat-cosmetiques","8":"first","9":"instock","10":"shipping-taxable","11":"purchasable","12":"product-type-simple"},"yoast_head":"<!-- This site is optimized with the Yoast SEO plugin v27.5 - https:\/\/yoast.com\/product\/yoast-seo-wordpress\/ -->\n<title>Beurre de karit\u00e9 brut - soin corps et cheveux - Dual&#039;Ethik<\/title>\n<meta name=\"description\" content=\"Le Beurre de karit\u00e9 brut et issu de l\u2019agriculture biologique. C\u2019est un v\u00e9ritable soin pour le corps et les cheveux. Sans parfum\" \/>\n<meta name=\"robots\" content=\"index, follow, max-snippet:-1, max-image-preview:large, max-video-preview:-1\" \/>\n<link rel=\"canonical\" href=\"https:\/\/dual-ethik.fr\/index.php\/produit\/karite-brut\/\" \/>\n<meta property=\"og:locale\" content=\"fr_FR\" \/>\n<meta property=\"og:type\" content=\"article\" \/>\n<meta property=\"og:title\" content=\"Beurre de karit\u00e9 brut - soin corps et cheveux - Dual&#039;Ethik\" \/>\n<meta property=\"og:description\" content=\"Le Beurre de karit\u00e9 brut et issu de l\u2019agriculture biologique. C\u2019est un v\u00e9ritable soin pour le corps et les cheveux. Sans parfum\" \/>\n<meta property=\"og:url\" content=\"https:\/\/dual-ethik.fr\/index.php\/produit\/karite-brut\/\" \/>\n<meta property=\"og:site_name\" content=\"Dual&#039;Ethik\" \/>\n<meta property=\"article:modified_time\" content=\"2026-02-05T15:54:54+00:00\" \/>\n<meta property=\"og:image\" content=\"https:\/\/dual-ethik.fr\/wp-content\/uploads\/2024\/06\/Beurre-de-karite-2.jpg\" \/>\n\t<meta property=\"og:image:width\" content=\"1040\" \/>\n\t<meta property=\"og:image:height\" content=\"1300\" \/>\n\t<meta property=\"og:image:type\" content=\"image\/jpeg\" \/>\n<meta name=\"twitter:card\" content=\"summary_large_image\" \/>\n<meta name=\"twitter:label1\" content=\"Prix\" \/>\n\t<meta name=\"twitter:data1\" content=\"15,00&nbsp;&euro;\" \/>\n\t<meta name=\"twitter:label2\" content=\"Disponibilit\u00e9\" \/>\n\t<meta name=\"twitter:data2\" content=\"En stock\" \/>\n<script type=\"application\/ld+json\" class=\"yoast-schema-graph\">{\"@context\":\"https:\\\/\\\/schema.org\",\"@graph\":[{\"@type\":\"WebPage\",\"@id\":\"https:\\\/\\\/dual-ethik.fr\\\/index.php\\\/produit\\\/karite-brut\\\/\",\"url\":\"https:\\\/\\\/dual-ethik.fr\\\/index.php\\\/produit\\\/karite-brut\\\/\",\"name\":\"Beurre de karit\u00e9 brut - soin corps et cheveux - Dual'Ethik\",\"isPartOf\":{\"@id\":\"https:\\\/\\\/dual-ethik.fr\\\/#website\"},\"primaryImageOfPage\":{\"@id\":\"https:\\\/\\\/dual-ethik.fr\\\/index.php\\\/produit\\\/karite-brut\\\/#primaryimage\"},\"image\":{\"@id\":\"https:\\\/\\\/dual-ethik.fr\\\/index.php\\\/produit\\\/karite-brut\\\/#primaryimage\"},\"thumbnailUrl\":\"https:\\\/\\\/dual-ethik.fr\\\/wp-content\\\/uploads\\\/2024\\\/06\\\/Beurre-de-karite-2.jpg\",\"datePublished\":\"2024-06-30T13:54:42+00:00\",\"dateModified\":\"2026-02-05T15:54:54+00:00\",\"description\":\"Le Beurre de karit\u00e9 brut et issu de l\u2019agriculture biologique. C\u2019est un v\u00e9ritable soin pour le corps et les cheveux. Sans parfum\",\"breadcrumb\":{\"@id\":\"https:\\\/\\\/dual-ethik.fr\\\/index.php\\\/produit\\\/karite-brut\\\/#breadcrumb\"},\"inLanguage\":\"fr-FR\",\"potentialAction\":[{\"@type\":\"ReadAction\",\"target\":[\"https:\\\/\\\/dual-ethik.fr\\\/index.php\\\/produit\\\/karite-brut\\\/\"]}]},{\"@type\":\"ImageObject\",\"inLanguage\":\"fr-FR\",\"@id\":\"https:\\\/\\\/dual-ethik.fr\\\/index.php\\\/produit\\\/karite-brut\\\/#primaryimage\",\"url\":\"https:\\\/\\\/dual-ethik.fr\\\/wp-content\\\/uploads\\\/2024\\\/06\\\/Beurre-de-karite-2.jpg\",\"contentUrl\":\"https:\\\/\\\/dual-ethik.fr\\\/wp-content\\\/uploads\\\/2024\\\/06\\\/Beurre-de-karite-2.jpg\",\"width\":1040,\"height\":1300,\"caption\":\"Pot de beurre de karit\u00e9\"},{\"@type\":\"BreadcrumbList\",\"@id\":\"https:\\\/\\\/dual-ethik.fr\\\/index.php\\\/produit\\\/karite-brut\\\/#breadcrumb\",\"itemListElement\":[{\"@type\":\"ListItem\",\"position\":1,\"name\":\"Accueil\",\"item\":\"https:\\\/\\\/dual-ethik.fr\\\/\"},{\"@type\":\"ListItem\",\"position\":2,\"name\":\"Produits\",\"item\":\"https:\\\/\\\/dual-ethik.fr\\\/index.php\\\/shop\\\/\"},{\"@type\":\"ListItem\",\"position\":3,\"name\":\"Beurre de karit\u00e9 &#8211; Soin pour le corps et les cheveux\"}]},{\"@type\":\"WebSite\",\"@id\":\"https:\\\/\\\/dual-ethik.fr\\\/#website\",\"url\":\"https:\\\/\\\/dual-ethik.fr\\\/\",\"name\":\"Dual'Ethik\",\"description\":\"\",\"publisher\":{\"@id\":\"https:\\\/\\\/dual-ethik.fr\\\/#organization\"},\"potentialAction\":[{\"@type\":\"SearchAction\",\"target\":{\"@type\":\"EntryPoint\",\"urlTemplate\":\"https:\\\/\\\/dual-ethik.fr\\\/?s={search_term_string}\"},\"query-input\":{\"@type\":\"PropertyValueSpecification\",\"valueRequired\":true,\"valueName\":\"search_term_string\"}}],\"inLanguage\":\"fr-FR\"},{\"@type\":\"Organization\",\"@id\":\"https:\\\/\\\/dual-ethik.fr\\\/#organization\",\"name\":\"Dual'Ethik\",\"url\":\"https:\\\/\\\/dual-ethik.fr\\\/\",\"logo\":{\"@type\":\"ImageObject\",\"inLanguage\":\"fr-FR\",\"@id\":\"https:\\\/\\\/dual-ethik.fr\\\/#\\\/schema\\\/logo\\\/image\\\/\",\"url\":\"https:\\\/\\\/dual-ethik.fr\\\/wp-content\\\/uploads\\\/2025\\\/02\\\/logo-dual-ethik.png\",\"contentUrl\":\"https:\\\/\\\/dual-ethik.fr\\\/wp-content\\\/uploads\\\/2025\\\/02\\\/logo-dual-ethik.png\",\"width\":100,\"height\":80,\"caption\":\"Dual'Ethik\"},\"image\":{\"@id\":\"https:\\\/\\\/dual-ethik.fr\\\/#\\\/schema\\\/logo\\\/image\\\/\"}}]}<\/script>\n<meta property=\"product:price:amount\" content=\"15.00\" \/>\n<meta property=\"product:price:currency\" content=\"EUR\" \/>\n<meta property=\"og:availability\" content=\"instock\" \/>\n<meta property=\"product:availability\" content=\"instock\" \/>\n<meta property=\"product:retailer_item_id\" content=\"beurre karit\u00e9\" \/>\n<meta property=\"product:condition\" content=\"new\" \/>\n<!-- \/ Yoast SEO plugin. -->","yoast_head_json":{"title":"Beurre de karit\u00e9 brut - soin corps et cheveux - Dual'Ethik","description":"Le Beurre de karit\u00e9 brut et issu de l\u2019agriculture biologique. C\u2019est un v\u00e9ritable soin pour le corps et les cheveux. Sans parfum","robots":{"index":"index","follow":"follow","max-snippet":"max-snippet:-1","max-image-preview":"max-image-preview:large","max-video-preview":"max-video-preview:-1"},"canonical":"https:\/\/dual-ethik.fr\/index.php\/produit\/karite-brut\/","og_locale":"fr_FR","og_type":"article","og_title":"Beurre de karit\u00e9 brut - soin corps et cheveux - Dual'Ethik","og_description":"Le Beurre de karit\u00e9 brut et issu de l\u2019agriculture biologique. C\u2019est un v\u00e9ritable soin pour le corps et les cheveux. Sans parfum","og_url":"https:\/\/dual-ethik.fr\/index.php\/produit\/karite-brut\/","og_site_name":"Dual&#039;Ethik","article_modified_time":"2026-02-05T15:54:54+00:00","og_image":[{"width":1040,"height":1300,"url":"https:\/\/dual-ethik.fr\/wp-content\/uploads\/2024\/06\/Beurre-de-karite-2.jpg","type":"image\/jpeg"}],"twitter_card":"summary_large_image","twitter_misc":{"Prix":"15,00&nbsp;&euro;","Disponibilit\u00e9":"En stock"},"schema":{"@context":"https:\/\/schema.org","@graph":[{"@type":"WebPage","@id":"https:\/\/dual-ethik.fr\/index.php\/produit\/karite-brut\/","url":"https:\/\/dual-ethik.fr\/index.php\/produit\/karite-brut\/","name":"Beurre de karit\u00e9 brut - soin corps et cheveux - Dual'Ethik","isPartOf":{"@id":"https:\/\/dual-ethik.fr\/#website"},"primaryImageOfPage":{"@id":"https:\/\/dual-ethik.fr\/index.php\/produit\/karite-brut\/#primaryimage"},"image":{"@id":"https:\/\/dual-ethik.fr\/index.php\/produit\/karite-brut\/#primaryimage"},"thumbnailUrl":"https:\/\/dual-ethik.fr\/wp-content\/uploads\/2024\/06\/Beurre-de-karite-2.jpg","datePublished":"2024-06-30T13:54:42+00:00","dateModified":"2026-02-05T15:54:54+00:00","description":"Le Beurre de karit\u00e9 brut et issu de l\u2019agriculture biologique. C\u2019est un v\u00e9ritable soin pour le corps et les cheveux. Sans parfum","breadcrumb":{"@id":"https:\/\/dual-ethik.fr\/index.php\/produit\/karite-brut\/#breadcrumb"},"inLanguage":"fr-FR","potentialAction":[{"@type":"ReadAction","target":["https:\/\/dual-ethik.fr\/index.php\/produit\/karite-brut\/"]}]},{"@type":"ImageObject","inLanguage":"fr-FR","@id":"https:\/\/dual-ethik.fr\/index.php\/produit\/karite-brut\/#primaryimage","url":"https:\/\/dual-ethik.fr\/wp-content\/uploads\/2024\/06\/Beurre-de-karite-2.jpg","contentUrl":"https:\/\/dual-ethik.fr\/wp-content\/uploads\/2024\/06\/Beurre-de-karite-2.jpg","width":1040,"height":1300,"caption":"Pot de beurre de karit\u00e9"},{"@type":"BreadcrumbList","@id":"https:\/\/dual-ethik.fr\/index.php\/produit\/karite-brut\/#breadcrumb","itemListElement":[{"@type":"ListItem","position":1,"name":"Accueil","item":"https:\/\/dual-ethik.fr\/"},{"@type":"ListItem","position":2,"name":"Produits","item":"https:\/\/dual-ethik.fr\/index.php\/shop\/"},{"@type":"ListItem","position":3,"name":"Beurre de karit\u00e9 &#8211; Soin pour le corps et les cheveux"}]},{"@type":"WebSite","@id":"https:\/\/dual-ethik.fr\/#website","url":"https:\/\/dual-ethik.fr\/","name":"Dual'Ethik","description":"","publisher":{"@id":"https:\/\/dual-ethik.fr\/#organization"},"potentialAction":[{"@type":"SearchAction","target":{"@type":"EntryPoint","urlTemplate":"https:\/\/dual-ethik.fr\/?s={search_term_string}"},"query-input":{"@type":"PropertyValueSpecification","valueRequired":true,"valueName":"search_term_string"}}],"inLanguage":"fr-FR"},{"@type":"Organization","@id":"https:\/\/dual-ethik.fr\/#organization","name":"Dual'Ethik","url":"https:\/\/dual-ethik.fr\/","logo":{"@type":"ImageObject","inLanguage":"fr-FR","@id":"https:\/\/dual-ethik.fr\/#\/schema\/logo\/image\/","url":"https:\/\/dual-ethik.fr\/wp-content\/uploads\/2025\/02\/logo-dual-ethik.png","contentUrl":"https:\/\/dual-ethik.fr\/wp-content\/uploads\/2025\/02\/logo-dual-ethik.png","width":100,"height":80,"caption":"Dual'Ethik"},"image":{"@id":"https:\/\/dual-ethik.fr\/#\/schema\/logo\/image\/"}}]},"product_price_amount":"15.00","product_price_currency":"EUR","og_availability":"instock","product_availability":"instock","product_retailer_item_id":"beurre karit\u00e9","product_condition":"new"},"_links":{"self":[{"href":"https:\/\/dual-ethik.fr\/index.php\/wp-json\/wp\/v2\/product\/488","targetHints":{"allow":["GET"]}}],"collection":[{"href":"https:\/\/dual-ethik.fr\/index.php\/wp-json\/wp\/v2\/product"}],"about":[{"href":"https:\/\/dual-ethik.fr\/index.php\/wp-json\/wp\/v2\/types\/product"}],"version-history":[{"count":7,"href":"https:\/\/dual-ethik.fr\/index.php\/wp-json\/wp\/v2\/product\/488\/revisions"}],"predecessor-version":[{"id":1167,"href":"https:\/\/dual-ethik.fr\/index.php\/wp-json\/wp\/v2\/product\/488\/revisions\/1167"}],"wp:featuredmedia":[{"embeddable":true,"href":"https:\/\/dual-ethik.fr\/index.php\/wp-json\/wp\/v2\/media\/589"}],"wp:attachment":[{"href":"https:\/\/dual-ethik.fr\/index.php\/wp-json\/wp\/v2\/media?parent=488"}],"wp:term":[{"taxonomy":"product_brand","embeddable":true,"href":"https:\/\/dual-ethik.fr\/index.php\/wp-json\/wp\/v2\/product_brand?post=488"},{"taxonomy":"product_cat","embeddable":true,"href":"https:\/\/dual-ethik.fr\/index.php\/wp-json\/wp\/v2\/product_cat?post=488"},{"taxonomy":"product_tag","embeddable":true,"href":"https:\/\/dual-ethik.fr\/index.php\/wp-json\/wp\/v2\/product_tag?post=488"}],"curies":[{"name":"wp","href":"https:\/\/api.w.org\/{rel}","templated":true}]}}