{"id":2760,"date":"2025-11-05T17:34:08","date_gmt":"2025-11-05T16:34:08","guid":{"rendered":"https:\/\/dual-ethik.fr\/?post_type=product&#038;p=2760"},"modified":"2025-12-15T18:01:08","modified_gmt":"2025-12-15T17:01:08","slug":"boite-cadeau-joyeux-noel","status":"publish","type":"product","link":"https:\/\/dual-ethik.fr\/index.php\/produit\/boite-cadeau-joyeux-noel\/","title":{"rendered":"Bo\u00eete cadeau carr\u00e9e \u00ab\u00a0Joyeux No\u00ebl\u00a0\u00bb"},"content":{"rendered":"\t\t<div data-elementor-type=\"product-post\" data-elementor-id=\"2760\" class=\"elementor elementor-2760\" data-elementor-post-type=\"product\">\n\t\t\t\t<div class=\"elementor-element elementor-element-956dc5b e-flex e-con-boxed e-con e-parent\" data-id=\"956dc5b\" data-element_type=\"container\" data-e-type=\"container\">\n\t\t\t\t\t<div class=\"e-con-inner\">\n\t\t\t\t<div class=\"elementor-element elementor-element-bbdc286 elementor-widget elementor-widget-heading\" data-id=\"bbdc286\" data-element_type=\"widget\" data-e-type=\"widget\" data-widget_type=\"heading.default\">\n\t\t\t\t<div class=\"elementor-widget-container\">\n\t\t\t\t\t<h2 class=\"elementor-heading-title elementor-size-default\">L'\u00e9crin parfait pour vos cadeaux<\/h2>\t\t\t\t<\/div>\n\t\t\t\t<\/div>\n\t\t\t\t\t<\/div>\n\t\t\t\t<\/div>\n\t\t<div class=\"elementor-element elementor-element-8430f44 e-flex e-con-boxed e-con e-parent\" data-id=\"8430f44\" data-element_type=\"container\" data-e-type=\"container\">\n\t\t\t\t\t<div class=\"e-con-inner\">\n\t\t\t\t<div class=\"elementor-element elementor-element-57130d5 elementor-widget elementor-widget-text-editor\" data-id=\"57130d5\" data-element_type=\"widget\" data-e-type=\"widget\" data-widget_type=\"text-editor.default\">\n\t\t\t\t<div class=\"elementor-widget-container\">\n\t\t\t\t\t\t\t\t\t<p>Glissez un peu de magie sous le sapin avec cette <strong>bo\u00eete cadeau carr\u00e9e \u00ab\u00a0Joyeux No\u00ebl\u00a0\u00bb<\/strong>. El\u00e9gante et festive, elle met en valeurs vos pr\u00e9sents.<\/p>\t\t\t\t\t\t\t\t<\/div>\n\t\t\t\t<\/div>\n\t\t\t\t\t<\/div>\n\t\t\t\t<\/div>\n\t\t<div class=\"elementor-element elementor-element-223dcc1 e-flex e-con-boxed e-con e-parent\" data-id=\"223dcc1\" data-element_type=\"container\" data-e-type=\"container\">\n\t\t\t\t\t<div class=\"e-con-inner\">\n\t\t\t\t<div class=\"elementor-element elementor-element-160a0ed elementor-widget elementor-widget-heading\" data-id=\"160a0ed\" data-element_type=\"widget\" data-e-type=\"widget\" data-widget_type=\"heading.default\">\n\t\t\t\t<div class=\"elementor-widget-container\">\n\t\t\t\t\t<h2 class=\"elementor-heading-title elementor-size-default\">Simple, pleine de charme r\u00e9utilisable<\/h2>\t\t\t\t<\/div>\n\t\t\t\t<\/div>\n\t\t\t\t\t<\/div>\n\t\t\t\t<\/div>\n\t\t<div class=\"elementor-element elementor-element-265be06 e-flex e-con-boxed e-con e-parent\" data-id=\"265be06\" data-element_type=\"container\" data-e-type=\"container\">\n\t\t\t\t\t<div class=\"e-con-inner\">\n\t\t\t\t<div class=\"elementor-element elementor-element-9deef75 elementor-widget elementor-widget-text-editor\" data-id=\"9deef75\" data-element_type=\"widget\" data-e-type=\"widget\" data-widget_type=\"text-editor.default\">\n\t\t\t\t<div class=\"elementor-widget-container\">\n\t\t\t\t\t\t\t\t\t<p>Elle accueillera vos produits Dual&rsquo;Ethik pr\u00e9f\u00e9r\u00e9s : choisissez <strong>vos savons, baumes ou accessoires.\u00a0<\/strong>Mais elle est aussi <strong>r\u00e9utilisable<\/strong>, pour y glisser nos d\u00e9corations de No\u00ebl pr\u00e9f\u00e9r\u00e9s ou les souvenirs de ces moments de f\u00eate.<\/p>\t\t\t\t\t\t\t\t<\/div>\n\t\t\t\t<\/div>\n\t\t\t\t<div class=\"elementor-element elementor-element-7830a7a elementor-widget elementor-widget-text-editor\" data-id=\"7830a7a\" data-element_type=\"widget\" data-e-type=\"widget\" data-widget_type=\"text-editor.default\">\n\t\t\t\t<div class=\"elementor-widget-container\">\n\t\t\t\t\t\t\t\t\t<p>Composez votre coffret de No\u00ebl et offrez un cadeau artisanal plein de charme avec la <strong>bo\u00eete Joyeux No\u00ebl\u00a0<\/strong>!<\/p>\t\t\t\t\t\t\t\t<\/div>\n\t\t\t\t<\/div>\n\t\t\t\t\t<\/div>\n\t\t\t\t<\/div>\n\t\t\t\t<\/div>\n\t\t","protected":false},"excerpt":{"rendered":"<p>Offrez un \u00e9crin plein de charme avec la <strong data-start=\"456\" data-end=\"486\">bo\u00eete carr\u00e9e \u201cJoyeux No\u00ebl\u201d<\/strong>. Parfaite pour composer vos coffrets de <strong data-start=\"530\" data-end=\"566\">savons et cosm\u00e9tiques faits main<\/strong> en Bretagne.<\/p>\n","protected":false},"featured_media":2952,"template":"","meta":[],"product_brand":[],"product_cat":[28],"product_tag":[],"class_list":{"0":"post-2760","1":"product","2":"type-product","3":"status-publish","4":"has-post-thumbnail","6":"product_cat-accessoires","8":"first","9":"instock","10":"shipping-taxable","11":"purchasable","12":"product-type-simple"},"yoast_head":"<!-- This site is optimized with the Yoast SEO plugin v27.5 - https:\/\/yoast.com\/product\/yoast-seo-wordpress\/ -->\n<title>Bo\u00eete cadeau carr\u00e9e &quot;Joyeux No\u00ebl&quot; - Dual&#039;Ethik<\/title>\n<meta name=\"description\" content=\"Offrez un coffret artisanal plein de douceur avec la bo\u00eete cadeau carr\u00e9e &quot;Joyeux No\u00ebl&quot;. Parfaite pour vos savons et cosm\u00e9tiques faits main en Bretagne\" \/>\n<meta name=\"robots\" content=\"index, follow, max-snippet:-1, max-image-preview:large, max-video-preview:-1\" \/>\n<link rel=\"canonical\" href=\"https:\/\/dual-ethik.fr\/index.php\/produit\/boite-cadeau-joyeux-noel\/\" \/>\n<meta property=\"og:locale\" content=\"fr_FR\" \/>\n<meta property=\"og:type\" content=\"article\" \/>\n<meta property=\"og:title\" content=\"Bo\u00eete cadeau carr\u00e9e &quot;Joyeux No\u00ebl&quot; - Dual&#039;Ethik\" \/>\n<meta property=\"og:description\" content=\"Offrez un coffret artisanal plein de douceur avec la bo\u00eete cadeau carr\u00e9e &quot;Joyeux No\u00ebl&quot;. Parfaite pour vos savons et cosm\u00e9tiques faits main en Bretagne\" \/>\n<meta property=\"og:url\" content=\"https:\/\/dual-ethik.fr\/index.php\/produit\/boite-cadeau-joyeux-noel\/\" \/>\n<meta property=\"og:site_name\" content=\"Dual&#039;Ethik\" \/>\n<meta property=\"article:modified_time\" content=\"2025-12-15T17:01:08+00:00\" \/>\n<meta property=\"og:image\" content=\"https:\/\/dual-ethik.fr\/wp-content\/uploads\/2025\/11\/Boite-noel-dual-ethik.jpeg\" \/>\n\t<meta property=\"og:image:width\" content=\"1300\" \/>\n\t<meta property=\"og:image:height\" content=\"869\" \/>\n\t<meta property=\"og:image:type\" content=\"image\/jpeg\" \/>\n<meta name=\"twitter:card\" content=\"summary_large_image\" \/>\n<meta name=\"twitter:label1\" content=\"Prix\" \/>\n\t<meta name=\"twitter:data1\" content=\"2,00&nbsp;&euro;\" \/>\n\t<meta name=\"twitter:label2\" content=\"Disponibilit\u00e9\" \/>\n\t<meta name=\"twitter:data2\" content=\"En stock\" \/>\n<script type=\"application\/ld+json\" class=\"yoast-schema-graph\">{\"@context\":\"https:\\\/\\\/schema.org\",\"@graph\":[{\"@type\":\"WebPage\",\"@id\":\"https:\\\/\\\/dual-ethik.fr\\\/index.php\\\/produit\\\/boite-cadeau-joyeux-noel\\\/\",\"url\":\"https:\\\/\\\/dual-ethik.fr\\\/index.php\\\/produit\\\/boite-cadeau-joyeux-noel\\\/\",\"name\":\"Bo\u00eete cadeau carr\u00e9e \\\"Joyeux No\u00ebl\\\" - Dual&#039;Ethik\",\"isPartOf\":{\"@id\":\"https:\\\/\\\/dual-ethik.fr\\\/#website\"},\"primaryImageOfPage\":{\"@id\":\"https:\\\/\\\/dual-ethik.fr\\\/index.php\\\/produit\\\/boite-cadeau-joyeux-noel\\\/#primaryimage\"},\"image\":{\"@id\":\"https:\\\/\\\/dual-ethik.fr\\\/index.php\\\/produit\\\/boite-cadeau-joyeux-noel\\\/#primaryimage\"},\"thumbnailUrl\":\"https:\\\/\\\/dual-ethik.fr\\\/wp-content\\\/uploads\\\/2025\\\/11\\\/Boite-noel-dual-ethik.jpeg\",\"datePublished\":\"2025-11-05T16:34:08+00:00\",\"dateModified\":\"2025-12-15T17:01:08+00:00\",\"description\":\"Offrez un coffret artisanal plein de douceur avec la bo\u00eete cadeau carr\u00e9e \\\"Joyeux No\u00ebl\\\". Parfaite pour vos savons et cosm\u00e9tiques faits main en Bretagne\",\"breadcrumb\":{\"@id\":\"https:\\\/\\\/dual-ethik.fr\\\/index.php\\\/produit\\\/boite-cadeau-joyeux-noel\\\/#breadcrumb\"},\"inLanguage\":\"fr-FR\",\"potentialAction\":[{\"@type\":\"ReadAction\",\"target\":[\"https:\\\/\\\/dual-ethik.fr\\\/index.php\\\/produit\\\/boite-cadeau-joyeux-noel\\\/\"]}]},{\"@type\":\"ImageObject\",\"inLanguage\":\"fr-FR\",\"@id\":\"https:\\\/\\\/dual-ethik.fr\\\/index.php\\\/produit\\\/boite-cadeau-joyeux-noel\\\/#primaryimage\",\"url\":\"https:\\\/\\\/dual-ethik.fr\\\/wp-content\\\/uploads\\\/2025\\\/11\\\/Boite-noel-dual-ethik.jpeg\",\"contentUrl\":\"https:\\\/\\\/dual-ethik.fr\\\/wp-content\\\/uploads\\\/2025\\\/11\\\/Boite-noel-dual-ethik.jpeg\",\"width\":1300,\"height\":869,\"caption\":\"Bo\u00eete Joyeux No\u00ebl sous le sapin d\u00e9cor\u00e9\"},{\"@type\":\"BreadcrumbList\",\"@id\":\"https:\\\/\\\/dual-ethik.fr\\\/index.php\\\/produit\\\/boite-cadeau-joyeux-noel\\\/#breadcrumb\",\"itemListElement\":[{\"@type\":\"ListItem\",\"position\":1,\"name\":\"Accueil\",\"item\":\"https:\\\/\\\/dual-ethik.fr\\\/\"},{\"@type\":\"ListItem\",\"position\":2,\"name\":\"Produits\",\"item\":\"https:\\\/\\\/dual-ethik.fr\\\/index.php\\\/shop\\\/\"},{\"@type\":\"ListItem\",\"position\":3,\"name\":\"Bo\u00eete cadeau carr\u00e9e \u00ab\u00a0Joyeux No\u00ebl\u00a0\u00bb\"}]},{\"@type\":\"WebSite\",\"@id\":\"https:\\\/\\\/dual-ethik.fr\\\/#website\",\"url\":\"https:\\\/\\\/dual-ethik.fr\\\/\",\"name\":\"Dual'Ethik\",\"description\":\"\",\"publisher\":{\"@id\":\"https:\\\/\\\/dual-ethik.fr\\\/#organization\"},\"potentialAction\":[{\"@type\":\"SearchAction\",\"target\":{\"@type\":\"EntryPoint\",\"urlTemplate\":\"https:\\\/\\\/dual-ethik.fr\\\/?s={search_term_string}\"},\"query-input\":{\"@type\":\"PropertyValueSpecification\",\"valueRequired\":true,\"valueName\":\"search_term_string\"}}],\"inLanguage\":\"fr-FR\"},{\"@type\":\"Organization\",\"@id\":\"https:\\\/\\\/dual-ethik.fr\\\/#organization\",\"name\":\"Dual'Ethik\",\"url\":\"https:\\\/\\\/dual-ethik.fr\\\/\",\"logo\":{\"@type\":\"ImageObject\",\"inLanguage\":\"fr-FR\",\"@id\":\"https:\\\/\\\/dual-ethik.fr\\\/#\\\/schema\\\/logo\\\/image\\\/\",\"url\":\"https:\\\/\\\/dual-ethik.fr\\\/wp-content\\\/uploads\\\/2025\\\/02\\\/logo-dual-ethik.png\",\"contentUrl\":\"https:\\\/\\\/dual-ethik.fr\\\/wp-content\\\/uploads\\\/2025\\\/02\\\/logo-dual-ethik.png\",\"width\":100,\"height\":80,\"caption\":\"Dual'Ethik\"},\"image\":{\"@id\":\"https:\\\/\\\/dual-ethik.fr\\\/#\\\/schema\\\/logo\\\/image\\\/\"}}]}<\/script>\n<meta property=\"product:price:amount\" content=\"2.00\" \/>\n<meta property=\"product:price:currency\" content=\"EUR\" \/>\n<meta property=\"og:availability\" content=\"instock\" \/>\n<meta property=\"product:availability\" content=\"instock\" \/>\n<meta property=\"product:condition\" content=\"new\" \/>\n<!-- \/ Yoast SEO plugin. -->","yoast_head_json":{"title":"Bo\u00eete cadeau carr\u00e9e \"Joyeux No\u00ebl\" - Dual&#039;Ethik","description":"Offrez un coffret artisanal plein de douceur avec la bo\u00eete cadeau carr\u00e9e \"Joyeux No\u00ebl\". Parfaite pour vos savons et cosm\u00e9tiques faits main en Bretagne","robots":{"index":"index","follow":"follow","max-snippet":"max-snippet:-1","max-image-preview":"max-image-preview:large","max-video-preview":"max-video-preview:-1"},"canonical":"https:\/\/dual-ethik.fr\/index.php\/produit\/boite-cadeau-joyeux-noel\/","og_locale":"fr_FR","og_type":"article","og_title":"Bo\u00eete cadeau carr\u00e9e \"Joyeux No\u00ebl\" - Dual&#039;Ethik","og_description":"Offrez un coffret artisanal plein de douceur avec la bo\u00eete cadeau carr\u00e9e \"Joyeux No\u00ebl\". Parfaite pour vos savons et cosm\u00e9tiques faits main en Bretagne","og_url":"https:\/\/dual-ethik.fr\/index.php\/produit\/boite-cadeau-joyeux-noel\/","og_site_name":"Dual&#039;Ethik","article_modified_time":"2025-12-15T17:01:08+00:00","og_image":[{"width":1300,"height":869,"url":"https:\/\/dual-ethik.fr\/wp-content\/uploads\/2025\/11\/Boite-noel-dual-ethik.jpeg","type":"image\/jpeg"}],"twitter_card":"summary_large_image","twitter_misc":{"Prix":"2,00&nbsp;&euro;","Disponibilit\u00e9":"En stock"},"schema":{"@context":"https:\/\/schema.org","@graph":[{"@type":"WebPage","@id":"https:\/\/dual-ethik.fr\/index.php\/produit\/boite-cadeau-joyeux-noel\/","url":"https:\/\/dual-ethik.fr\/index.php\/produit\/boite-cadeau-joyeux-noel\/","name":"Bo\u00eete cadeau carr\u00e9e \"Joyeux No\u00ebl\" - Dual&#039;Ethik","isPartOf":{"@id":"https:\/\/dual-ethik.fr\/#website"},"primaryImageOfPage":{"@id":"https:\/\/dual-ethik.fr\/index.php\/produit\/boite-cadeau-joyeux-noel\/#primaryimage"},"image":{"@id":"https:\/\/dual-ethik.fr\/index.php\/produit\/boite-cadeau-joyeux-noel\/#primaryimage"},"thumbnailUrl":"https:\/\/dual-ethik.fr\/wp-content\/uploads\/2025\/11\/Boite-noel-dual-ethik.jpeg","datePublished":"2025-11-05T16:34:08+00:00","dateModified":"2025-12-15T17:01:08+00:00","description":"Offrez un coffret artisanal plein de douceur avec la bo\u00eete cadeau carr\u00e9e \"Joyeux No\u00ebl\". Parfaite pour vos savons et cosm\u00e9tiques faits main en Bretagne","breadcrumb":{"@id":"https:\/\/dual-ethik.fr\/index.php\/produit\/boite-cadeau-joyeux-noel\/#breadcrumb"},"inLanguage":"fr-FR","potentialAction":[{"@type":"ReadAction","target":["https:\/\/dual-ethik.fr\/index.php\/produit\/boite-cadeau-joyeux-noel\/"]}]},{"@type":"ImageObject","inLanguage":"fr-FR","@id":"https:\/\/dual-ethik.fr\/index.php\/produit\/boite-cadeau-joyeux-noel\/#primaryimage","url":"https:\/\/dual-ethik.fr\/wp-content\/uploads\/2025\/11\/Boite-noel-dual-ethik.jpeg","contentUrl":"https:\/\/dual-ethik.fr\/wp-content\/uploads\/2025\/11\/Boite-noel-dual-ethik.jpeg","width":1300,"height":869,"caption":"Bo\u00eete Joyeux No\u00ebl sous le sapin d\u00e9cor\u00e9"},{"@type":"BreadcrumbList","@id":"https:\/\/dual-ethik.fr\/index.php\/produit\/boite-cadeau-joyeux-noel\/#breadcrumb","itemListElement":[{"@type":"ListItem","position":1,"name":"Accueil","item":"https:\/\/dual-ethik.fr\/"},{"@type":"ListItem","position":2,"name":"Produits","item":"https:\/\/dual-ethik.fr\/index.php\/shop\/"},{"@type":"ListItem","position":3,"name":"Bo\u00eete cadeau carr\u00e9e \u00ab\u00a0Joyeux No\u00ebl\u00a0\u00bb"}]},{"@type":"WebSite","@id":"https:\/\/dual-ethik.fr\/#website","url":"https:\/\/dual-ethik.fr\/","name":"Dual'Ethik","description":"","publisher":{"@id":"https:\/\/dual-ethik.fr\/#organization"},"potentialAction":[{"@type":"SearchAction","target":{"@type":"EntryPoint","urlTemplate":"https:\/\/dual-ethik.fr\/?s={search_term_string}"},"query-input":{"@type":"PropertyValueSpecification","valueRequired":true,"valueName":"search_term_string"}}],"inLanguage":"fr-FR"},{"@type":"Organization","@id":"https:\/\/dual-ethik.fr\/#organization","name":"Dual'Ethik","url":"https:\/\/dual-ethik.fr\/","logo":{"@type":"ImageObject","inLanguage":"fr-FR","@id":"https:\/\/dual-ethik.fr\/#\/schema\/logo\/image\/","url":"https:\/\/dual-ethik.fr\/wp-content\/uploads\/2025\/02\/logo-dual-ethik.png","contentUrl":"https:\/\/dual-ethik.fr\/wp-content\/uploads\/2025\/02\/logo-dual-ethik.png","width":100,"height":80,"caption":"Dual'Ethik"},"image":{"@id":"https:\/\/dual-ethik.fr\/#\/schema\/logo\/image\/"}}]},"product_price_amount":"2.00","product_price_currency":"EUR","og_availability":"instock","product_availability":"instock","product_condition":"new"},"_links":{"self":[{"href":"https:\/\/dual-ethik.fr\/index.php\/wp-json\/wp\/v2\/product\/2760","targetHints":{"allow":["GET"]}}],"collection":[{"href":"https:\/\/dual-ethik.fr\/index.php\/wp-json\/wp\/v2\/product"}],"about":[{"href":"https:\/\/dual-ethik.fr\/index.php\/wp-json\/wp\/v2\/types\/product"}],"version-history":[{"count":11,"href":"https:\/\/dual-ethik.fr\/index.php\/wp-json\/wp\/v2\/product\/2760\/revisions"}],"predecessor-version":[{"id":2792,"href":"https:\/\/dual-ethik.fr\/index.php\/wp-json\/wp\/v2\/product\/2760\/revisions\/2792"}],"wp:featuredmedia":[{"embeddable":true,"href":"https:\/\/dual-ethik.fr\/index.php\/wp-json\/wp\/v2\/media\/2952"}],"wp:attachment":[{"href":"https:\/\/dual-ethik.fr\/index.php\/wp-json\/wp\/v2\/media?parent=2760"}],"wp:term":[{"taxonomy":"product_brand","embeddable":true,"href":"https:\/\/dual-ethik.fr\/index.php\/wp-json\/wp\/v2\/product_brand?post=2760"},{"taxonomy":"product_cat","embeddable":true,"href":"https:\/\/dual-ethik.fr\/index.php\/wp-json\/wp\/v2\/product_cat?post=2760"},{"taxonomy":"product_tag","embeddable":true,"href":"https:\/\/dual-ethik.fr\/index.php\/wp-json\/wp\/v2\/product_tag?post=2760"}],"curies":[{"name":"wp","href":"https:\/\/api.w.org\/{rel}","templated":true}]}}