{"id":2460,"date":"2025-06-05T18:26:42","date_gmt":"2025-06-05T16:26:42","guid":{"rendered":"https:\/\/dual-ethik.fr\/?post_type=product&#038;p=2460"},"modified":"2025-06-05T18:30:10","modified_gmt":"2025-06-05T16:30:10","slug":"coffret-papa","status":"publish","type":"product","link":"https:\/\/dual-ethik.fr\/index.php\/produit\/coffret-papa\/","title":{"rendered":"Coffret Bonne F\u00eate Papa"},"content":{"rendered":"\t\t<div data-elementor-type=\"product-post\" data-elementor-id=\"2460\" class=\"elementor elementor-2460\" data-elementor-post-type=\"product\">\n\t\t\t\t<div class=\"elementor-element elementor-element-1fbabbe e-flex e-con-boxed e-con e-parent\" data-id=\"1fbabbe\" data-element_type=\"container\" data-e-type=\"container\">\n\t\t\t\t\t<div class=\"e-con-inner\">\n\t\t\t\t<div class=\"elementor-element elementor-element-3df1eff elementor-widget elementor-widget-heading\" data-id=\"3df1eff\" data-element_type=\"widget\" data-e-type=\"widget\" data-widget_type=\"heading.default\">\n\t\t\t\t<div class=\"elementor-widget-container\">\n\t\t\t\t\t<h2 class=\"elementor-heading-title elementor-size-default\">Un coffret pour chouchouter votre Papa<\/h2>\t\t\t\t<\/div>\n\t\t\t\t<\/div>\n\t\t\t\t<div class=\"elementor-element elementor-element-35a17c0 elementor-widget elementor-widget-text-editor\" data-id=\"35a17c0\" data-element_type=\"widget\" data-e-type=\"widget\" data-widget_type=\"text-editor.default\">\n\t\t\t\t<div class=\"elementor-widget-container\">\n\t\t\t\t\t\t\t\t\t<p>Je vous propose un coffret \u00e0 personnaliser pour votre Papa. Il contient un beurre de karit\u00e9 brut de 250 ml, un d\u00e9odorant n\u00b02 de 50 ml, et choisissez les trois savons de votre choix.<\/p>\t\t\t\t\t\t\t\t<\/div>\n\t\t\t\t<\/div>\n\t\t\t\t<div class=\"elementor-element elementor-element-cc879b8 elementor-widget elementor-widget-heading\" data-id=\"cc879b8\" data-element_type=\"widget\" data-e-type=\"widget\" data-widget_type=\"heading.default\">\n\t\t\t\t<div class=\"elementor-widget-container\">\n\t\t\t\t\t<h3 class=\"elementor-heading-title elementor-size-default\">Pourquoi choisir ce coffret ?<\/h3>\t\t\t\t<\/div>\n\t\t\t\t<\/div>\n\t\t\t\t<div class=\"elementor-element elementor-element-ad804ea elementor-widget elementor-widget-text-editor\" data-id=\"ad804ea\" data-element_type=\"widget\" data-e-type=\"widget\" data-widget_type=\"text-editor.default\">\n\t\t\t\t<div class=\"elementor-widget-container\">\n\t\t\t\t\t\t\t\t\t<ul><li><strong>Un beurre de karit\u00e9 brut et un d\u00e9odorant n\u00b02<\/strong> : Pour que votre Papa prenne soin de lui.<\/li><li><strong>Trois savons de votre choix<\/strong> : S\u00e9lectionnez les parmi ma gamme pour compl\u00e9ter votre coffret.<\/li><li><strong>Un cadeau pour faire plaisir<\/strong> : Je pr\u00e9pare votre coffret avec soin, et j&rsquo;ajoute votre message personnalis\u00e9.<\/li><\/ul>\t\t\t\t\t\t\t\t<\/div>\n\t\t\t\t<\/div>\n\t\t\t\t<div class=\"elementor-element elementor-element-ac79d79 elementor-widget elementor-widget-heading\" data-id=\"ac79d79\" data-element_type=\"widget\" data-e-type=\"widget\" data-widget_type=\"heading.default\">\n\t\t\t\t<div class=\"elementor-widget-container\">\n\t\t\t\t\t<h3 class=\"elementor-heading-title elementor-size-default\">Comment \u00e7a fonctionne ?<\/h3>\t\t\t\t<\/div>\n\t\t\t\t<\/div>\n\t\t\t\t<div class=\"elementor-element elementor-element-cd9dbd9 elementor-widget elementor-widget-text-editor\" data-id=\"cd9dbd9\" data-element_type=\"widget\" data-e-type=\"widget\" data-widget_type=\"text-editor.default\">\n\t\t\t\t<div class=\"elementor-widget-container\">\n\t\t\t\t\t\t\t\t\t<ol><li>Parcourez ma collection de savons et choisissez vos trois pr\u00e9f\u00e9r\u00e9s.<\/li><li>Ajoutez votre message \u00e0 ajouter dans le coffret, avant de valider la commande.<\/li><li>Une fois la commande pass\u00e9e, je m&rsquo;occupe de tout : un coffret pr\u00eat \u00e0 \u00eatre offert.<\/li><\/ol>\t\t\t\t\t\t\t\t<\/div>\n\t\t\t\t<\/div>\n\t\t\t\t\t<\/div>\n\t\t\t\t<\/div>\n\t\t\t\t<\/div>\n\t\t","protected":false},"excerpt":{"rendered":"<p>On chouchoute nos Papas pour la f\u00eate des p\u00e8res !<\/p>\n<p>Ce coffret est compos\u00e9 d&rsquo;un baume d\u00e9odorant, d&rsquo;un pot de karit\u00e9 brut et de 3 savons au choix.<\/p>\n","protected":false},"featured_media":2465,"template":"","meta":[],"product_brand":[],"product_cat":[30],"product_tag":[],"class_list":{"0":"post-2460","1":"product","2":"type-product","3":"status-publish","4":"has-post-thumbnail","6":"product_cat-coffrets","8":"first","9":"instock","10":"shipping-taxable","11":"purchasable","12":"product-type-variable","13":"has-default-attributes"},"yoast_head":"<!-- This site is optimized with the Yoast SEO plugin v27.5 - https:\/\/yoast.com\/product\/yoast-seo-wordpress\/ -->\n<title>Coffret Bonne F\u00eate Papa - Dual&#039;Ethik<\/title>\n<meta name=\"description\" content=\"D\u00e9couvrez le coffret Bonne F\u00eate Papa, il est compos\u00e9 d&#039;un pot de beurre de karit\u00e9 brut, d&#039;un d\u00e9odorant n\u00b02, et de trois savons au choix.\" \/>\n<meta name=\"robots\" content=\"index, follow, max-snippet:-1, max-image-preview:large, max-video-preview:-1\" \/>\n<link rel=\"canonical\" href=\"https:\/\/dual-ethik.fr\/index.php\/produit\/coffret-papa\/\" \/>\n<meta property=\"og:locale\" content=\"fr_FR\" \/>\n<meta property=\"og:type\" content=\"article\" \/>\n<meta property=\"og:title\" content=\"Coffret Bonne F\u00eate Papa - Dual&#039;Ethik\" \/>\n<meta property=\"og:description\" content=\"D\u00e9couvrez le coffret Bonne F\u00eate Papa, il est compos\u00e9 d&#039;un pot de beurre de karit\u00e9 brut, d&#039;un d\u00e9odorant n\u00b02, et de trois savons au choix.\" \/>\n<meta property=\"og:url\" content=\"https:\/\/dual-ethik.fr\/index.php\/produit\/coffret-papa\/\" \/>\n<meta property=\"og:site_name\" content=\"Dual&#039;Ethik\" \/>\n<meta property=\"article:modified_time\" content=\"2025-06-05T16:30:10+00:00\" \/>\n<meta property=\"og:image\" content=\"https:\/\/dual-ethik.fr\/wp-content\/uploads\/2025\/06\/coffret-bonne-fete-papa.jpg\" \/>\n\t<meta property=\"og:image:width\" content=\"1300\" \/>\n\t<meta property=\"og:image:height\" content=\"867\" \/>\n\t<meta property=\"og:image:type\" content=\"image\/jpeg\" \/>\n<meta name=\"twitter:card\" content=\"summary_large_image\" \/>\n<meta name=\"twitter:label1\" content=\"Disponibilit\u00e9\" \/>\n\t<meta name=\"twitter:data1\" content=\"En stock\" \/>\n<script type=\"application\/ld+json\" class=\"yoast-schema-graph\">{\"@context\":\"https:\\\/\\\/schema.org\",\"@graph\":[{\"@type\":\"WebPage\",\"@id\":\"https:\\\/\\\/dual-ethik.fr\\\/index.php\\\/produit\\\/coffret-papa\\\/\",\"url\":\"https:\\\/\\\/dual-ethik.fr\\\/index.php\\\/produit\\\/coffret-papa\\\/\",\"name\":\"Coffret Bonne F\u00eate Papa - Dual'Ethik\",\"isPartOf\":{\"@id\":\"https:\\\/\\\/dual-ethik.fr\\\/#website\"},\"primaryImageOfPage\":{\"@id\":\"https:\\\/\\\/dual-ethik.fr\\\/index.php\\\/produit\\\/coffret-papa\\\/#primaryimage\"},\"image\":{\"@id\":\"https:\\\/\\\/dual-ethik.fr\\\/index.php\\\/produit\\\/coffret-papa\\\/#primaryimage\"},\"thumbnailUrl\":\"https:\\\/\\\/dual-ethik.fr\\\/wp-content\\\/uploads\\\/2025\\\/06\\\/coffret-bonne-fete-papa.jpg\",\"datePublished\":\"2025-06-05T16:26:42+00:00\",\"dateModified\":\"2025-06-05T16:30:10+00:00\",\"description\":\"D\u00e9couvrez le coffret Bonne F\u00eate Papa, il est compos\u00e9 d'un pot de beurre de karit\u00e9 brut, d'un d\u00e9odorant n\u00b02, et de trois savons au choix.\",\"breadcrumb\":{\"@id\":\"https:\\\/\\\/dual-ethik.fr\\\/index.php\\\/produit\\\/coffret-papa\\\/#breadcrumb\"},\"inLanguage\":\"fr-FR\",\"potentialAction\":[{\"@type\":\"ReadAction\",\"target\":[\"https:\\\/\\\/dual-ethik.fr\\\/index.php\\\/produit\\\/coffret-papa\\\/\"]}]},{\"@type\":\"ImageObject\",\"inLanguage\":\"fr-FR\",\"@id\":\"https:\\\/\\\/dual-ethik.fr\\\/index.php\\\/produit\\\/coffret-papa\\\/#primaryimage\",\"url\":\"https:\\\/\\\/dual-ethik.fr\\\/wp-content\\\/uploads\\\/2025\\\/06\\\/coffret-bonne-fete-papa.jpg\",\"contentUrl\":\"https:\\\/\\\/dual-ethik.fr\\\/wp-content\\\/uploads\\\/2025\\\/06\\\/coffret-bonne-fete-papa.jpg\",\"width\":1300,\"height\":867,\"caption\":\"Coffret kraft avec des produits cosm\u00e9tiques et des savons pour la f\u00eate des papas\"},{\"@type\":\"BreadcrumbList\",\"@id\":\"https:\\\/\\\/dual-ethik.fr\\\/index.php\\\/produit\\\/coffret-papa\\\/#breadcrumb\",\"itemListElement\":[{\"@type\":\"ListItem\",\"position\":1,\"name\":\"Accueil\",\"item\":\"https:\\\/\\\/dual-ethik.fr\\\/\"},{\"@type\":\"ListItem\",\"position\":2,\"name\":\"Produits\",\"item\":\"https:\\\/\\\/dual-ethik.fr\\\/index.php\\\/shop\\\/\"},{\"@type\":\"ListItem\",\"position\":3,\"name\":\"Coffret Bonne F\u00eate Papa\"}]},{\"@type\":\"WebSite\",\"@id\":\"https:\\\/\\\/dual-ethik.fr\\\/#website\",\"url\":\"https:\\\/\\\/dual-ethik.fr\\\/\",\"name\":\"Dual'Ethik\",\"description\":\"\",\"publisher\":{\"@id\":\"https:\\\/\\\/dual-ethik.fr\\\/#organization\"},\"potentialAction\":[{\"@type\":\"SearchAction\",\"target\":{\"@type\":\"EntryPoint\",\"urlTemplate\":\"https:\\\/\\\/dual-ethik.fr\\\/?s={search_term_string}\"},\"query-input\":{\"@type\":\"PropertyValueSpecification\",\"valueRequired\":true,\"valueName\":\"search_term_string\"}}],\"inLanguage\":\"fr-FR\"},{\"@type\":\"Organization\",\"@id\":\"https:\\\/\\\/dual-ethik.fr\\\/#organization\",\"name\":\"Dual'Ethik\",\"url\":\"https:\\\/\\\/dual-ethik.fr\\\/\",\"logo\":{\"@type\":\"ImageObject\",\"inLanguage\":\"fr-FR\",\"@id\":\"https:\\\/\\\/dual-ethik.fr\\\/#\\\/schema\\\/logo\\\/image\\\/\",\"url\":\"https:\\\/\\\/dual-ethik.fr\\\/wp-content\\\/uploads\\\/2025\\\/02\\\/logo-dual-ethik.png\",\"contentUrl\":\"https:\\\/\\\/dual-ethik.fr\\\/wp-content\\\/uploads\\\/2025\\\/02\\\/logo-dual-ethik.png\",\"width\":100,\"height\":80,\"caption\":\"Dual'Ethik\"},\"image\":{\"@id\":\"https:\\\/\\\/dual-ethik.fr\\\/#\\\/schema\\\/logo\\\/image\\\/\"}}]}<\/script>\n<meta property=\"og:availability\" content=\"instock\" \/>\n<meta property=\"product:availability\" content=\"instock\" \/>\n<meta property=\"product:retailer_item_id\" content=\"BFP\" \/>\n<meta property=\"product:condition\" content=\"new\" \/>\n<!-- \/ Yoast SEO plugin. -->","yoast_head_json":{"title":"Coffret Bonne F\u00eate Papa - Dual'Ethik","description":"D\u00e9couvrez le coffret Bonne F\u00eate Papa, il est compos\u00e9 d'un pot de beurre de karit\u00e9 brut, d'un d\u00e9odorant n\u00b02, et de trois savons au choix.","robots":{"index":"index","follow":"follow","max-snippet":"max-snippet:-1","max-image-preview":"max-image-preview:large","max-video-preview":"max-video-preview:-1"},"canonical":"https:\/\/dual-ethik.fr\/index.php\/produit\/coffret-papa\/","og_locale":"fr_FR","og_type":"article","og_title":"Coffret Bonne F\u00eate Papa - Dual'Ethik","og_description":"D\u00e9couvrez le coffret Bonne F\u00eate Papa, il est compos\u00e9 d'un pot de beurre de karit\u00e9 brut, d'un d\u00e9odorant n\u00b02, et de trois savons au choix.","og_url":"https:\/\/dual-ethik.fr\/index.php\/produit\/coffret-papa\/","og_site_name":"Dual&#039;Ethik","article_modified_time":"2025-06-05T16:30:10+00:00","og_image":[{"width":1300,"height":867,"url":"https:\/\/dual-ethik.fr\/wp-content\/uploads\/2025\/06\/coffret-bonne-fete-papa.jpg","type":"image\/jpeg"}],"twitter_card":"summary_large_image","twitter_misc":{"Disponibilit\u00e9":"En stock"},"schema":{"@context":"https:\/\/schema.org","@graph":[{"@type":"WebPage","@id":"https:\/\/dual-ethik.fr\/index.php\/produit\/coffret-papa\/","url":"https:\/\/dual-ethik.fr\/index.php\/produit\/coffret-papa\/","name":"Coffret Bonne F\u00eate Papa - Dual'Ethik","isPartOf":{"@id":"https:\/\/dual-ethik.fr\/#website"},"primaryImageOfPage":{"@id":"https:\/\/dual-ethik.fr\/index.php\/produit\/coffret-papa\/#primaryimage"},"image":{"@id":"https:\/\/dual-ethik.fr\/index.php\/produit\/coffret-papa\/#primaryimage"},"thumbnailUrl":"https:\/\/dual-ethik.fr\/wp-content\/uploads\/2025\/06\/coffret-bonne-fete-papa.jpg","datePublished":"2025-06-05T16:26:42+00:00","dateModified":"2025-06-05T16:30:10+00:00","description":"D\u00e9couvrez le coffret Bonne F\u00eate Papa, il est compos\u00e9 d'un pot de beurre de karit\u00e9 brut, d'un d\u00e9odorant n\u00b02, et de trois savons au choix.","breadcrumb":{"@id":"https:\/\/dual-ethik.fr\/index.php\/produit\/coffret-papa\/#breadcrumb"},"inLanguage":"fr-FR","potentialAction":[{"@type":"ReadAction","target":["https:\/\/dual-ethik.fr\/index.php\/produit\/coffret-papa\/"]}]},{"@type":"ImageObject","inLanguage":"fr-FR","@id":"https:\/\/dual-ethik.fr\/index.php\/produit\/coffret-papa\/#primaryimage","url":"https:\/\/dual-ethik.fr\/wp-content\/uploads\/2025\/06\/coffret-bonne-fete-papa.jpg","contentUrl":"https:\/\/dual-ethik.fr\/wp-content\/uploads\/2025\/06\/coffret-bonne-fete-papa.jpg","width":1300,"height":867,"caption":"Coffret kraft avec des produits cosm\u00e9tiques et des savons pour la f\u00eate des papas"},{"@type":"BreadcrumbList","@id":"https:\/\/dual-ethik.fr\/index.php\/produit\/coffret-papa\/#breadcrumb","itemListElement":[{"@type":"ListItem","position":1,"name":"Accueil","item":"https:\/\/dual-ethik.fr\/"},{"@type":"ListItem","position":2,"name":"Produits","item":"https:\/\/dual-ethik.fr\/index.php\/shop\/"},{"@type":"ListItem","position":3,"name":"Coffret Bonne F\u00eate Papa"}]},{"@type":"WebSite","@id":"https:\/\/dual-ethik.fr\/#website","url":"https:\/\/dual-ethik.fr\/","name":"Dual'Ethik","description":"","publisher":{"@id":"https:\/\/dual-ethik.fr\/#organization"},"potentialAction":[{"@type":"SearchAction","target":{"@type":"EntryPoint","urlTemplate":"https:\/\/dual-ethik.fr\/?s={search_term_string}"},"query-input":{"@type":"PropertyValueSpecification","valueRequired":true,"valueName":"search_term_string"}}],"inLanguage":"fr-FR"},{"@type":"Organization","@id":"https:\/\/dual-ethik.fr\/#organization","name":"Dual'Ethik","url":"https:\/\/dual-ethik.fr\/","logo":{"@type":"ImageObject","inLanguage":"fr-FR","@id":"https:\/\/dual-ethik.fr\/#\/schema\/logo\/image\/","url":"https:\/\/dual-ethik.fr\/wp-content\/uploads\/2025\/02\/logo-dual-ethik.png","contentUrl":"https:\/\/dual-ethik.fr\/wp-content\/uploads\/2025\/02\/logo-dual-ethik.png","width":100,"height":80,"caption":"Dual'Ethik"},"image":{"@id":"https:\/\/dual-ethik.fr\/#\/schema\/logo\/image\/"}}]},"og_availability":"instock","product_availability":"instock","product_retailer_item_id":"BFP","product_condition":"new"},"_links":{"self":[{"href":"https:\/\/dual-ethik.fr\/index.php\/wp-json\/wp\/v2\/product\/2460","targetHints":{"allow":["GET"]}}],"collection":[{"href":"https:\/\/dual-ethik.fr\/index.php\/wp-json\/wp\/v2\/product"}],"about":[{"href":"https:\/\/dual-ethik.fr\/index.php\/wp-json\/wp\/v2\/types\/product"}],"version-history":[{"count":13,"href":"https:\/\/dual-ethik.fr\/index.php\/wp-json\/wp\/v2\/product\/2460\/revisions"}],"predecessor-version":[{"id":2480,"href":"https:\/\/dual-ethik.fr\/index.php\/wp-json\/wp\/v2\/product\/2460\/revisions\/2480"}],"wp:featuredmedia":[{"embeddable":true,"href":"https:\/\/dual-ethik.fr\/index.php\/wp-json\/wp\/v2\/media\/2465"}],"wp:attachment":[{"href":"https:\/\/dual-ethik.fr\/index.php\/wp-json\/wp\/v2\/media?parent=2460"}],"wp:term":[{"taxonomy":"product_brand","embeddable":true,"href":"https:\/\/dual-ethik.fr\/index.php\/wp-json\/wp\/v2\/product_brand?post=2460"},{"taxonomy":"product_cat","embeddable":true,"href":"https:\/\/dual-ethik.fr\/index.php\/wp-json\/wp\/v2\/product_cat?post=2460"},{"taxonomy":"product_tag","embeddable":true,"href":"https:\/\/dual-ethik.fr\/index.php\/wp-json\/wp\/v2\/product_tag?post=2460"}],"curies":[{"name":"wp","href":"https:\/\/api.w.org\/{rel}","templated":true}]}}