{"id":2323,"date":"2025-05-27T11:03:28","date_gmt":"2025-05-27T09:03:28","guid":{"rendered":"https:\/\/dual-ethik.fr\/?post_type=product&#038;p=2323"},"modified":"2025-11-04T15:32:19","modified_gmt":"2025-11-04T14:32:19","slug":"carte-cadeau-savons-et-cosmetiques-artisanaux","status":"publish","type":"product","link":"https:\/\/dual-ethik.fr\/index.php\/produit\/carte-cadeau-savons-et-cosmetiques-artisanaux\/","title":{"rendered":"Carte-Cadeau"},"content":{"rendered":"\t\t<div data-elementor-type=\"product-post\" data-elementor-id=\"2323\" class=\"elementor elementor-2323\" data-elementor-post-type=\"product\">\n\t\t\t\t<div class=\"elementor-element elementor-element-05a0b89 e-flex e-con-boxed e-con e-parent\" data-id=\"05a0b89\" data-element_type=\"container\" data-e-type=\"container\">\n\t\t\t\t\t<div class=\"e-con-inner\">\n\t\t\t\t<div class=\"elementor-element elementor-element-a33208d elementor-widget elementor-widget-heading\" data-id=\"a33208d\" data-element_type=\"widget\" data-e-type=\"widget\" data-widget_type=\"heading.default\">\n\t\t\t\t<div class=\"elementor-widget-container\">\n\t\t\t\t\t<h2 class=\"elementor-heading-title elementor-size-default\">Une carte cadeau, mille attentions<\/h2>\t\t\t\t<\/div>\n\t\t\t\t<\/div>\n\t\t\t\t\t<\/div>\n\t\t\t\t<\/div>\n\t\t<div class=\"elementor-element elementor-element-bf98cc3 e-flex e-con-boxed e-con e-parent\" data-id=\"bf98cc3\" data-element_type=\"container\" data-e-type=\"container\">\n\t\t\t\t\t<div class=\"e-con-inner\">\n\t\t\t\t<div class=\"elementor-element elementor-element-0d32882 elementor-widget elementor-widget-text-editor\" data-id=\"0d32882\" data-element_type=\"widget\" data-e-type=\"widget\" data-widget_type=\"text-editor.default\">\n\t\t\t\t<div class=\"elementor-widget-container\">\n\t\t\t\t\t\t\t\t\t<p>Offrez plus qu&rsquo;un cadeau : offrez le plaisir de choisir.\u00a0<strong>La carte cadeau<\/strong> permet \u00e0 vos proches de cr\u00e9er leur propre coffret de savons artisanaux, pens\u00e9s avec amour et fait avec soin.<\/p>\t\t\t\t\t\t\t\t<\/div>\n\t\t\t\t<\/div>\n\t\t\t\t<div class=\"elementor-element elementor-element-e8a41da elementor-widget elementor-widget-heading\" data-id=\"e8a41da\" data-element_type=\"widget\" data-e-type=\"widget\" data-widget_type=\"heading.default\">\n\t\t\t\t<div class=\"elementor-widget-container\">\n\t\t\t\t\t<h3 class=\"elementor-heading-title elementor-size-default\">Les avantages de la carte cadeau<\/h3>\t\t\t\t<\/div>\n\t\t\t\t<\/div>\n\t\t\t\t\t<\/div>\n\t\t\t\t<\/div>\n\t\t<div class=\"elementor-element elementor-element-609bd2a e-flex e-con-boxed e-con e-parent\" data-id=\"609bd2a\" data-element_type=\"container\" data-e-type=\"container\">\n\t\t\t\t\t<div class=\"e-con-inner\">\n\t\t\t\t<div class=\"elementor-element elementor-element-d24838d elementor-widget elementor-widget-text-editor\" data-id=\"d24838d\" data-element_type=\"widget\" data-e-type=\"widget\" data-widget_type=\"text-editor.default\">\n\t\t\t\t<div class=\"elementor-widget-container\">\n\t\t\t\t\t\t\t\t\t<ul><li>Chacun compose ce qui lui ressemble ;<\/li><li>Savons, cosm\u00e9tiques, accessoires&#8230;<\/li><li>Valable un an, utilisable en toute libert\u00e9 sur la boutique en ligne.<\/li><\/ul>\t\t\t\t\t\t\t\t<\/div>\n\t\t\t\t<\/div>\n\t\t\t\t<div class=\"elementor-element elementor-element-1d369f5 elementor-widget elementor-widget-heading\" data-id=\"1d369f5\" data-element_type=\"widget\" data-e-type=\"widget\" data-widget_type=\"heading.default\">\n\t\t\t\t<div class=\"elementor-widget-container\">\n\t\t\t\t\t<h3 class=\"elementor-heading-title elementor-size-default\">Comment \u00e7a marche ?<\/h3>\t\t\t\t<\/div>\n\t\t\t\t<\/div>\n\t\t\t\t<div class=\"elementor-element elementor-element-80e99e9 elementor-widget elementor-widget-text-editor\" data-id=\"80e99e9\" data-element_type=\"widget\" data-e-type=\"widget\" data-widget_type=\"text-editor.default\">\n\t\t\t\t<div class=\"elementor-widget-container\">\n\t\t\t\t\t\t\t\t\t<ol>\n<li>Choisissez le montant de votre carte cadeau (minimum 15 \u20ac),<\/li>\n<li>Indiquez votre pr\u00e9nom,<\/li>\n<li>Vous pouvez \u00e9crire un message de 300 caract\u00e8res,<\/li>\n<li>Ensuite, ajoutez votre adresse e-mail dans la m\u00e9thode de livraison, pour pouvoir l&rsquo;imprimer et l&rsquo;offrir (sinon c&rsquo;est le destinataire de la carte cadeau qui va la recevoir par mail)<\/li>\n<li>Cliquer sur \u00ab\u00a0ajouter au panier\u00a0\u00bb.<\/li>\n<\/ol>\t\t\t\t\t\t\t\t<\/div>\n\t\t\t\t<\/div>\n\t\t\t\t\t<\/div>\n\t\t\t\t<\/div>\n\t\t\t\t<\/div>\n\t\t","protected":false},"excerpt":{"rendered":"<p>La petite attention qui fait beaucoup d&rsquo;effets.<\/p>\n<p>Offrez la libert\u00e9 de choisir. Valable un an, utilisable sur la boutique en ligne.<\/p>\n<p>Si vous souhaitez l&rsquo;imprimer pour l&rsquo;offrir, notez votre adresse e-mail, sinon le destinataire du cadeau va le recevoir \u00e0 votre place.<\/p>\n","protected":false},"featured_media":2327,"template":"","meta":[],"product_brand":[],"product_cat":[44],"product_tag":[],"class_list":{"0":"post-2323","1":"product","2":"type-product","3":"status-publish","4":"has-post-thumbnail","6":"product_cat-wps_wgm_giftcard","8":"first","9":"instock","10":"shipping-taxable","11":"purchasable","12":"product-type-wgm_gift_card"},"yoast_head":"<!-- This site is optimized with the Yoast SEO plugin v27.5 - https:\/\/yoast.com\/product\/yoast-seo-wordpress\/ -->\n<title>Carte-Cadeau - Dual&#039;Ethik<\/title>\n<meta name=\"description\" content=\"Offrez une carte cadeau, utilisable sur la boutique en ligne, valable un an. Laissez vos proches choisir. Une attention douce, simple et pleine de sens.\" \/>\n<meta name=\"robots\" content=\"index, follow, max-snippet:-1, max-image-preview:large, max-video-preview:-1\" \/>\n<link rel=\"canonical\" href=\"https:\/\/dual-ethik.fr\/index.php\/produit\/carte-cadeau-savons-et-cosmetiques-artisanaux\/\" \/>\n<meta property=\"og:locale\" content=\"fr_FR\" \/>\n<meta property=\"og:type\" content=\"article\" \/>\n<meta property=\"og:title\" content=\"Carte-Cadeau - Dual&#039;Ethik\" \/>\n<meta property=\"og:description\" content=\"Offrez une carte cadeau, utilisable sur la boutique en ligne, valable un an. Laissez vos proches choisir. Une attention douce, simple et pleine de sens.\" \/>\n<meta property=\"og:url\" content=\"https:\/\/dual-ethik.fr\/index.php\/produit\/carte-cadeau-savons-et-cosmetiques-artisanaux\/\" \/>\n<meta property=\"og:site_name\" content=\"Dual&#039;Ethik\" \/>\n<meta property=\"article:modified_time\" content=\"2025-11-04T14:32:19+00:00\" \/>\n<meta property=\"og:image\" content=\"https:\/\/dual-ethik.fr\/wp-content\/uploads\/2025\/05\/carte-cadeau.png\" \/>\n\t<meta property=\"og:image:width\" content=\"1300\" \/>\n\t<meta property=\"og:image:height\" content=\"922\" \/>\n\t<meta property=\"og:image:type\" content=\"image\/png\" \/>\n<meta name=\"twitter:card\" content=\"summary_large_image\" \/>\n<meta name=\"twitter:label1\" content=\"Prix\" \/>\n\t<meta name=\"twitter:data1\" content=\"15,00&nbsp;&euro;\" \/>\n\t<meta name=\"twitter:label2\" content=\"Disponibilit\u00e9\" \/>\n\t<meta name=\"twitter:data2\" content=\"En stock\" \/>\n<script type=\"application\/ld+json\" class=\"yoast-schema-graph\">{\"@context\":\"https:\\\/\\\/schema.org\",\"@graph\":[{\"@type\":\"WebPage\",\"@id\":\"https:\\\/\\\/dual-ethik.fr\\\/index.php\\\/produit\\\/carte-cadeau-savons-et-cosmetiques-artisanaux\\\/\",\"url\":\"https:\\\/\\\/dual-ethik.fr\\\/index.php\\\/produit\\\/carte-cadeau-savons-et-cosmetiques-artisanaux\\\/\",\"name\":\"Carte-Cadeau - Dual&#039;Ethik\",\"isPartOf\":{\"@id\":\"https:\\\/\\\/dual-ethik.fr\\\/#website\"},\"primaryImageOfPage\":{\"@id\":\"https:\\\/\\\/dual-ethik.fr\\\/index.php\\\/produit\\\/carte-cadeau-savons-et-cosmetiques-artisanaux\\\/#primaryimage\"},\"image\":{\"@id\":\"https:\\\/\\\/dual-ethik.fr\\\/index.php\\\/produit\\\/carte-cadeau-savons-et-cosmetiques-artisanaux\\\/#primaryimage\"},\"thumbnailUrl\":\"https:\\\/\\\/dual-ethik.fr\\\/wp-content\\\/uploads\\\/2025\\\/05\\\/carte-cadeau.png\",\"datePublished\":\"2025-05-27T09:03:28+00:00\",\"dateModified\":\"2025-11-04T14:32:19+00:00\",\"description\":\"Offrez une carte cadeau, utilisable sur la boutique en ligne, valable un an. Laissez vos proches choisir. Une attention douce, simple et pleine de sens.\",\"breadcrumb\":{\"@id\":\"https:\\\/\\\/dual-ethik.fr\\\/index.php\\\/produit\\\/carte-cadeau-savons-et-cosmetiques-artisanaux\\\/#breadcrumb\"},\"inLanguage\":\"fr-FR\",\"potentialAction\":[{\"@type\":\"ReadAction\",\"target\":[\"https:\\\/\\\/dual-ethik.fr\\\/index.php\\\/produit\\\/carte-cadeau-savons-et-cosmetiques-artisanaux\\\/\"]}]},{\"@type\":\"ImageObject\",\"inLanguage\":\"fr-FR\",\"@id\":\"https:\\\/\\\/dual-ethik.fr\\\/index.php\\\/produit\\\/carte-cadeau-savons-et-cosmetiques-artisanaux\\\/#primaryimage\",\"url\":\"https:\\\/\\\/dual-ethik.fr\\\/wp-content\\\/uploads\\\/2025\\\/05\\\/carte-cadeau.png\",\"contentUrl\":\"https:\\\/\\\/dual-ethik.fr\\\/wp-content\\\/uploads\\\/2025\\\/05\\\/carte-cadeau.png\",\"width\":1300,\"height\":922,\"caption\":\"Carte cadeau\"},{\"@type\":\"BreadcrumbList\",\"@id\":\"https:\\\/\\\/dual-ethik.fr\\\/index.php\\\/produit\\\/carte-cadeau-savons-et-cosmetiques-artisanaux\\\/#breadcrumb\",\"itemListElement\":[{\"@type\":\"ListItem\",\"position\":1,\"name\":\"Accueil\",\"item\":\"https:\\\/\\\/dual-ethik.fr\\\/\"},{\"@type\":\"ListItem\",\"position\":2,\"name\":\"Produits\",\"item\":\"https:\\\/\\\/dual-ethik.fr\\\/index.php\\\/shop\\\/\"},{\"@type\":\"ListItem\",\"position\":3,\"name\":\"Carte-Cadeau\"}]},{\"@type\":\"WebSite\",\"@id\":\"https:\\\/\\\/dual-ethik.fr\\\/#website\",\"url\":\"https:\\\/\\\/dual-ethik.fr\\\/\",\"name\":\"Dual'Ethik\",\"description\":\"\",\"publisher\":{\"@id\":\"https:\\\/\\\/dual-ethik.fr\\\/#organization\"},\"potentialAction\":[{\"@type\":\"SearchAction\",\"target\":{\"@type\":\"EntryPoint\",\"urlTemplate\":\"https:\\\/\\\/dual-ethik.fr\\\/?s={search_term_string}\"},\"query-input\":{\"@type\":\"PropertyValueSpecification\",\"valueRequired\":true,\"valueName\":\"search_term_string\"}}],\"inLanguage\":\"fr-FR\"},{\"@type\":\"Organization\",\"@id\":\"https:\\\/\\\/dual-ethik.fr\\\/#organization\",\"name\":\"Dual'Ethik\",\"url\":\"https:\\\/\\\/dual-ethik.fr\\\/\",\"logo\":{\"@type\":\"ImageObject\",\"inLanguage\":\"fr-FR\",\"@id\":\"https:\\\/\\\/dual-ethik.fr\\\/#\\\/schema\\\/logo\\\/image\\\/\",\"url\":\"https:\\\/\\\/dual-ethik.fr\\\/wp-content\\\/uploads\\\/2025\\\/02\\\/logo-dual-ethik.png\",\"contentUrl\":\"https:\\\/\\\/dual-ethik.fr\\\/wp-content\\\/uploads\\\/2025\\\/02\\\/logo-dual-ethik.png\",\"width\":100,\"height\":80,\"caption\":\"Dual'Ethik\"},\"image\":{\"@id\":\"https:\\\/\\\/dual-ethik.fr\\\/#\\\/schema\\\/logo\\\/image\\\/\"}}]}<\/script>\n<meta property=\"product:price:amount\" content=\"15.00\" \/>\n<meta property=\"product:price:currency\" content=\"EUR\" \/>\n<meta property=\"og:availability\" content=\"instock\" \/>\n<meta property=\"product:availability\" content=\"instock\" \/>\n<meta property=\"product:condition\" content=\"new\" \/>\n<!-- \/ Yoast SEO plugin. -->","yoast_head_json":{"title":"Carte-Cadeau - Dual&#039;Ethik","description":"Offrez une carte cadeau, utilisable sur la boutique en ligne, valable un an. Laissez vos proches choisir. Une attention douce, simple et pleine de sens.","robots":{"index":"index","follow":"follow","max-snippet":"max-snippet:-1","max-image-preview":"max-image-preview:large","max-video-preview":"max-video-preview:-1"},"canonical":"https:\/\/dual-ethik.fr\/index.php\/produit\/carte-cadeau-savons-et-cosmetiques-artisanaux\/","og_locale":"fr_FR","og_type":"article","og_title":"Carte-Cadeau - Dual&#039;Ethik","og_description":"Offrez une carte cadeau, utilisable sur la boutique en ligne, valable un an. Laissez vos proches choisir. Une attention douce, simple et pleine de sens.","og_url":"https:\/\/dual-ethik.fr\/index.php\/produit\/carte-cadeau-savons-et-cosmetiques-artisanaux\/","og_site_name":"Dual&#039;Ethik","article_modified_time":"2025-11-04T14:32:19+00:00","og_image":[{"width":1300,"height":922,"url":"https:\/\/dual-ethik.fr\/wp-content\/uploads\/2025\/05\/carte-cadeau.png","type":"image\/png"}],"twitter_card":"summary_large_image","twitter_misc":{"Prix":"15,00&nbsp;&euro;","Disponibilit\u00e9":"En stock"},"schema":{"@context":"https:\/\/schema.org","@graph":[{"@type":"WebPage","@id":"https:\/\/dual-ethik.fr\/index.php\/produit\/carte-cadeau-savons-et-cosmetiques-artisanaux\/","url":"https:\/\/dual-ethik.fr\/index.php\/produit\/carte-cadeau-savons-et-cosmetiques-artisanaux\/","name":"Carte-Cadeau - Dual&#039;Ethik","isPartOf":{"@id":"https:\/\/dual-ethik.fr\/#website"},"primaryImageOfPage":{"@id":"https:\/\/dual-ethik.fr\/index.php\/produit\/carte-cadeau-savons-et-cosmetiques-artisanaux\/#primaryimage"},"image":{"@id":"https:\/\/dual-ethik.fr\/index.php\/produit\/carte-cadeau-savons-et-cosmetiques-artisanaux\/#primaryimage"},"thumbnailUrl":"https:\/\/dual-ethik.fr\/wp-content\/uploads\/2025\/05\/carte-cadeau.png","datePublished":"2025-05-27T09:03:28+00:00","dateModified":"2025-11-04T14:32:19+00:00","description":"Offrez une carte cadeau, utilisable sur la boutique en ligne, valable un an. Laissez vos proches choisir. Une attention douce, simple et pleine de sens.","breadcrumb":{"@id":"https:\/\/dual-ethik.fr\/index.php\/produit\/carte-cadeau-savons-et-cosmetiques-artisanaux\/#breadcrumb"},"inLanguage":"fr-FR","potentialAction":[{"@type":"ReadAction","target":["https:\/\/dual-ethik.fr\/index.php\/produit\/carte-cadeau-savons-et-cosmetiques-artisanaux\/"]}]},{"@type":"ImageObject","inLanguage":"fr-FR","@id":"https:\/\/dual-ethik.fr\/index.php\/produit\/carte-cadeau-savons-et-cosmetiques-artisanaux\/#primaryimage","url":"https:\/\/dual-ethik.fr\/wp-content\/uploads\/2025\/05\/carte-cadeau.png","contentUrl":"https:\/\/dual-ethik.fr\/wp-content\/uploads\/2025\/05\/carte-cadeau.png","width":1300,"height":922,"caption":"Carte cadeau"},{"@type":"BreadcrumbList","@id":"https:\/\/dual-ethik.fr\/index.php\/produit\/carte-cadeau-savons-et-cosmetiques-artisanaux\/#breadcrumb","itemListElement":[{"@type":"ListItem","position":1,"name":"Accueil","item":"https:\/\/dual-ethik.fr\/"},{"@type":"ListItem","position":2,"name":"Produits","item":"https:\/\/dual-ethik.fr\/index.php\/shop\/"},{"@type":"ListItem","position":3,"name":"Carte-Cadeau"}]},{"@type":"WebSite","@id":"https:\/\/dual-ethik.fr\/#website","url":"https:\/\/dual-ethik.fr\/","name":"Dual'Ethik","description":"","publisher":{"@id":"https:\/\/dual-ethik.fr\/#organization"},"potentialAction":[{"@type":"SearchAction","target":{"@type":"EntryPoint","urlTemplate":"https:\/\/dual-ethik.fr\/?s={search_term_string}"},"query-input":{"@type":"PropertyValueSpecification","valueRequired":true,"valueName":"search_term_string"}}],"inLanguage":"fr-FR"},{"@type":"Organization","@id":"https:\/\/dual-ethik.fr\/#organization","name":"Dual'Ethik","url":"https:\/\/dual-ethik.fr\/","logo":{"@type":"ImageObject","inLanguage":"fr-FR","@id":"https:\/\/dual-ethik.fr\/#\/schema\/logo\/image\/","url":"https:\/\/dual-ethik.fr\/wp-content\/uploads\/2025\/02\/logo-dual-ethik.png","contentUrl":"https:\/\/dual-ethik.fr\/wp-content\/uploads\/2025\/02\/logo-dual-ethik.png","width":100,"height":80,"caption":"Dual'Ethik"},"image":{"@id":"https:\/\/dual-ethik.fr\/#\/schema\/logo\/image\/"}}]},"product_price_amount":"15.00","product_price_currency":"EUR","og_availability":"instock","product_availability":"instock","product_condition":"new"},"_links":{"self":[{"href":"https:\/\/dual-ethik.fr\/index.php\/wp-json\/wp\/v2\/product\/2323","targetHints":{"allow":["GET"]}}],"collection":[{"href":"https:\/\/dual-ethik.fr\/index.php\/wp-json\/wp\/v2\/product"}],"about":[{"href":"https:\/\/dual-ethik.fr\/index.php\/wp-json\/wp\/v2\/types\/product"}],"version-history":[{"count":14,"href":"https:\/\/dual-ethik.fr\/index.php\/wp-json\/wp\/v2\/product\/2323\/revisions"}],"predecessor-version":[{"id":2740,"href":"https:\/\/dual-ethik.fr\/index.php\/wp-json\/wp\/v2\/product\/2323\/revisions\/2740"}],"wp:featuredmedia":[{"embeddable":true,"href":"https:\/\/dual-ethik.fr\/index.php\/wp-json\/wp\/v2\/media\/2327"}],"wp:attachment":[{"href":"https:\/\/dual-ethik.fr\/index.php\/wp-json\/wp\/v2\/media?parent=2323"}],"wp:term":[{"taxonomy":"product_brand","embeddable":true,"href":"https:\/\/dual-ethik.fr\/index.php\/wp-json\/wp\/v2\/product_brand?post=2323"},{"taxonomy":"product_cat","embeddable":true,"href":"https:\/\/dual-ethik.fr\/index.php\/wp-json\/wp\/v2\/product_cat?post=2323"},{"taxonomy":"product_tag","embeddable":true,"href":"https:\/\/dual-ethik.fr\/index.php\/wp-json\/wp\/v2\/product_tag?post=2323"}],"curies":[{"name":"wp","href":"https:\/\/api.w.org\/{rel}","templated":true}]}}