{"id":83,"date":"2022-04-30T17:37:02","date_gmt":"2022-04-30T15:37:02","guid":{"rendered":"https:\/\/dual-ethik.fr\/?page_id=83"},"modified":"2026-03-27T14:47:07","modified_gmt":"2026-03-27T13:47:07","slug":"cosmetiques","status":"publish","type":"page","link":"https:\/\/dual-ethik.fr\/index.php\/cosmetiques\/","title":{"rendered":"Cosm\u00e9tiques"},"content":{"rendered":"\t\t<div data-elementor-type=\"wp-page\" data-elementor-id=\"83\" class=\"elementor elementor-83\" data-elementor-post-type=\"page\">\n\t\t\t\t<div class=\"elementor-element elementor-element-5e1ed10 e-flex e-con-boxed e-con e-parent\" data-id=\"5e1ed10\" data-element_type=\"container\" data-e-type=\"container\">\n\t\t\t\t\t<div class=\"e-con-inner\">\n\t\t\t\t<div class=\"elementor-element elementor-element-e99750f elementor-widget elementor-widget-heading\" data-id=\"e99750f\" data-element_type=\"widget\" data-e-type=\"widget\" data-widget_type=\"heading.default\">\n\t\t\t\t<div class=\"elementor-widget-container\">\n\t\t\t\t\t<h2 class=\"elementor-heading-title elementor-size-default\">Mes cosm\u00e9tiques artisanaux<\/h2>\t\t\t\t<\/div>\n\t\t\t\t<\/div>\n\t\t\t\t\t<\/div>\n\t\t\t\t<\/div>\n\t\t<div class=\"elementor-element elementor-element-ea7412b e-flex e-con-boxed e-con e-parent\" data-id=\"ea7412b\" data-element_type=\"container\" data-e-type=\"container\">\n\t\t\t\t\t<div class=\"e-con-inner\">\n\t\t\t\t<div class=\"elementor-element elementor-element-25231a4 elementor-grid-3 elementor-product-loop-item--align-center elementor-grid-tablet-3 elementor-grid-mobile-2 elementor-products-grid elementor-wc-products elementor-widget elementor-widget-woocommerce-products\" data-id=\"25231a4\" data-element_type=\"widget\" data-e-type=\"widget\" data-widget_type=\"woocommerce-products.default\">\n\t\t\t\t<div class=\"elementor-widget-container\">\n\t\t\t\t\t<div class=\"woocommerce columns-3 \"><ul class=\"products elementor-grid columns-3\">\n<li class=\"product type-product post-75 status-publish first instock product_cat-cosmetiques has-post-thumbnail shipping-taxable purchasable product-type-variable\">\n\t<a href=\"https:\/\/dual-ethik.fr\/index.php\/produit\/baume-2\/\" class=\"woocommerce-LoopProduct-link woocommerce-loop-product__link\"><img fetchpriority=\"high\" decoding=\"async\" width=\"300\" height=\"300\" src=\"https:\/\/dual-ethik.fr\/wp-content\/uploads\/2025\/03\/baume-2-ouvert-300x300.jpeg\" class=\"attachment-woocommerce_thumbnail size-woocommerce_thumbnail\" alt=\"Un pot de baume n\u00b02 ouvert\" srcset=\"https:\/\/dual-ethik.fr\/wp-content\/uploads\/2025\/03\/baume-2-ouvert-300x300.jpeg 300w, https:\/\/dual-ethik.fr\/wp-content\/uploads\/2025\/03\/baume-2-ouvert-150x150.jpeg 150w, https:\/\/dual-ethik.fr\/wp-content\/uploads\/2025\/03\/baume-2-ouvert-100x100.jpeg 100w\" sizes=\"(max-width: 300px) 100vw, 300px\" \/><h2 class=\"woocommerce-loop-product__title\">Le baume n\u00b02<\/h2>\n\t<span class=\"price\"><span class=\"woocommerce-Price-amount amount\" aria-hidden=\"true\"><bdi>11,90&nbsp;<span class=\"woocommerce-Price-currencySymbol\">&euro;<\/span><\/bdi><\/span> <span aria-hidden=\"true\">\u00a0\u2013\u00a0<\/span> <span class=\"woocommerce-Price-amount amount\" aria-hidden=\"true\"><bdi>19,90&nbsp;<span class=\"woocommerce-Price-currencySymbol\">&euro;<\/span><\/bdi><\/span><span class=\"screen-reader-text\">Plage de prix\u00a0: 11,90&nbsp;&euro; \u00e0 19,90&nbsp;&euro;<\/span><\/span>\n<\/a><a href=\"https:\/\/dual-ethik.fr\/index.php\/produit\/baume-2\/\" aria-describedby=\"woocommerce_loop_add_to_cart_link_describedby_75\" data-quantity=\"1\" class=\"button product_type_variable add_to_cart_button\" data-product_id=\"75\" data-product_sku=\"Baume 2\" aria-label=\"S\u00e9lectionner les options pour &ldquo;Le baume n\u00b02&rdquo;\" rel=\"nofollow\">Choix des options<\/a>\t<span id=\"woocommerce_loop_add_to_cart_link_describedby_75\" class=\"screen-reader-text\">\n\t\tCe produit a plusieurs variations. Les options peuvent \u00eatre choisies sur la page du produit\t<\/span>\n<\/li>\n<li class=\"product type-product post-76 status-publish instock product_cat-cosmetiques has-post-thumbnail shipping-taxable purchasable product-type-simple\">\n\t<a href=\"https:\/\/dual-ethik.fr\/index.php\/produit\/baume-deodorant-1\/\" class=\"woocommerce-LoopProduct-link woocommerce-loop-product__link\"><img decoding=\"async\" width=\"300\" height=\"300\" src=\"https:\/\/dual-ethik.fr\/wp-content\/uploads\/2025\/02\/baume-deodorant-1-ouvert-300x300.jpeg\" class=\"attachment-woocommerce_thumbnail size-woocommerce_thumbnail\" alt=\"Pot de baume d\u00e9odorant ouvert\" srcset=\"https:\/\/dual-ethik.fr\/wp-content\/uploads\/2025\/02\/baume-deodorant-1-ouvert-300x300.jpeg 300w, https:\/\/dual-ethik.fr\/wp-content\/uploads\/2025\/02\/baume-deodorant-1-ouvert-100x100.jpeg 100w, https:\/\/dual-ethik.fr\/wp-content\/uploads\/2025\/02\/baume-deodorant-1-ouvert-150x150.jpeg 150w, https:\/\/dual-ethik.fr\/wp-content\/uploads\/2025\/02\/baume-deodorant-1-ouvert-600x600.jpeg 600w, https:\/\/dual-ethik.fr\/wp-content\/uploads\/2025\/02\/baume-deodorant-1-ouvert-456x456.jpeg 456w\" sizes=\"(max-width: 300px) 100vw, 300px\" \/><h2 class=\"woocommerce-loop-product__title\">Le Baume D\u00e9odorant n\u00b01<\/h2>\n\t<span class=\"price\"><span class=\"woocommerce-Price-amount amount\"><bdi>9,90&nbsp;<span class=\"woocommerce-Price-currencySymbol\">&euro;<\/span><\/bdi><\/span><\/span>\n<\/a><a href=\"\/index.php\/wp-json\/wp\/v2\/pages\/83?add-to-cart=76\" aria-describedby=\"woocommerce_loop_add_to_cart_link_describedby_76\" data-quantity=\"1\" class=\"button product_type_simple add_to_cart_button ajax_add_to_cart\" data-product_id=\"76\" data-product_sku=\"D\u00e9odorant 1\" aria-label=\"Ajouter au panier\u00a0: &ldquo;Le Baume D\u00e9odorant n\u00b01&rdquo;\" rel=\"nofollow\" data-success_message=\"\u00ab\u00a0Le Baume D\u00e9odorant n\u00b01\u00a0\u00bb a \u00e9t\u00e9 ajout\u00e9 \u00e0 votre panier\" role=\"button\">Ajouter au panier<\/a>\t<span id=\"woocommerce_loop_add_to_cart_link_describedby_76\" class=\"screen-reader-text\">\n\t\t\t<\/span>\n<\/li>\n<li class=\"product type-product post-77 status-publish last instock product_cat-cosmetiques has-post-thumbnail shipping-taxable purchasable product-type-simple\">\n\t<a href=\"https:\/\/dual-ethik.fr\/index.php\/produit\/baume-deodorant-2\/\" class=\"woocommerce-LoopProduct-link woocommerce-loop-product__link\"><img decoding=\"async\" width=\"300\" height=\"300\" src=\"https:\/\/dual-ethik.fr\/wp-content\/uploads\/2025\/03\/baume-deodorant-2-ouvert-300x300.jpeg\" class=\"attachment-woocommerce_thumbnail size-woocommerce_thumbnail\" alt=\"Un pot de baume d\u00e9odorant n\u00b02 ouvert\" srcset=\"https:\/\/dual-ethik.fr\/wp-content\/uploads\/2025\/03\/baume-deodorant-2-ouvert-300x300.jpeg 300w, https:\/\/dual-ethik.fr\/wp-content\/uploads\/2025\/03\/baume-deodorant-2-ouvert-150x150.jpeg 150w, https:\/\/dual-ethik.fr\/wp-content\/uploads\/2025\/03\/baume-deodorant-2-ouvert-100x100.jpeg 100w\" sizes=\"(max-width: 300px) 100vw, 300px\" \/><h2 class=\"woocommerce-loop-product__title\">Le Baume D\u00e9odorant n\u00b02<\/h2>\n\t<span class=\"price\"><span class=\"woocommerce-Price-amount amount\"><bdi>9,90&nbsp;<span class=\"woocommerce-Price-currencySymbol\">&euro;<\/span><\/bdi><\/span><\/span>\n<\/a><a href=\"\/index.php\/wp-json\/wp\/v2\/pages\/83?add-to-cart=77\" aria-describedby=\"woocommerce_loop_add_to_cart_link_describedby_77\" data-quantity=\"1\" class=\"button product_type_simple add_to_cart_button ajax_add_to_cart\" data-product_id=\"77\" data-product_sku=\"D\u00e9odorant 2\" aria-label=\"Ajouter au panier\u00a0: &ldquo;Le Baume D\u00e9odorant n\u00b02&rdquo;\" rel=\"nofollow\" data-success_message=\"\u00ab\u00a0Le Baume D\u00e9odorant n\u00b02\u00a0\u00bb a \u00e9t\u00e9 ajout\u00e9 \u00e0 votre panier\" role=\"button\">Ajouter au panier<\/a>\t<span id=\"woocommerce_loop_add_to_cart_link_describedby_77\" class=\"screen-reader-text\">\n\t\t\t<\/span>\n<\/li>\n<li class=\"product type-product post-488 status-publish first instock product_cat-cosmetiques has-post-thumbnail shipping-taxable purchasable product-type-simple\">\n\t<a href=\"https:\/\/dual-ethik.fr\/index.php\/produit\/karite-brut\/\" class=\"woocommerce-LoopProduct-link woocommerce-loop-product__link\"><img loading=\"lazy\" decoding=\"async\" width=\"300\" height=\"300\" src=\"https:\/\/dual-ethik.fr\/wp-content\/uploads\/2024\/06\/Beurre-de-karite-2-300x300.jpg\" class=\"attachment-woocommerce_thumbnail size-woocommerce_thumbnail\" alt=\"Pot de beurre de karit\u00e9\" srcset=\"https:\/\/dual-ethik.fr\/wp-content\/uploads\/2024\/06\/Beurre-de-karite-2-300x300.jpg 300w, https:\/\/dual-ethik.fr\/wp-content\/uploads\/2024\/06\/Beurre-de-karite-2-100x100.jpg 100w, https:\/\/dual-ethik.fr\/wp-content\/uploads\/2024\/06\/Beurre-de-karite-2-150x150.jpg 150w, https:\/\/dual-ethik.fr\/wp-content\/uploads\/2024\/06\/Beurre-de-karite-2-600x600.jpg 600w, https:\/\/dual-ethik.fr\/wp-content\/uploads\/2024\/06\/Beurre-de-karite-2-912x912.jpg 912w, https:\/\/dual-ethik.fr\/wp-content\/uploads\/2024\/06\/Beurre-de-karite-2-456x456.jpg 456w\" sizes=\"(max-width: 300px) 100vw, 300px\" \/><h2 class=\"woocommerce-loop-product__title\">Beurre de karit\u00e9 &#8211; Soin pour le corps et les cheveux<\/h2>\n\t<span class=\"price\"><span class=\"woocommerce-Price-amount amount\"><bdi>15,00&nbsp;<span class=\"woocommerce-Price-currencySymbol\">&euro;<\/span><\/bdi><\/span><\/span>\n<\/a><a href=\"\/index.php\/wp-json\/wp\/v2\/pages\/83?add-to-cart=488\" aria-describedby=\"woocommerce_loop_add_to_cart_link_describedby_488\" data-quantity=\"1\" class=\"button product_type_simple add_to_cart_button ajax_add_to_cart\" data-product_id=\"488\" data-product_sku=\"beurre karit\u00e9\" aria-label=\"Ajouter au panier\u00a0: &ldquo;Beurre de karit\u00e9 - Soin pour le corps et les cheveux&rdquo;\" rel=\"nofollow\" data-success_message=\"\u00ab\u00a0Beurre de karit\u00e9 - Soin pour le corps et les cheveux\u00a0\u00bb a \u00e9t\u00e9 ajout\u00e9 \u00e0 votre panier\" role=\"button\">Ajouter au panier<\/a>\t<span id=\"woocommerce_loop_add_to_cart_link_describedby_488\" class=\"screen-reader-text\">\n\t\t\t<\/span>\n<\/li>\n<\/ul>\n<\/div>\t\t\t\t<\/div>\n\t\t\t\t<\/div>\n\t\t\t\t\t<\/div>\n\t\t\t\t<\/div>\n\t\t\t\t<\/div>\n\t\t","protected":false},"excerpt":{"rendered":"<p>Mes cosm\u00e9tiques artisanaux<\/p>\n","protected":false},"author":1,"featured_media":0,"parent":0,"menu_order":0,"comment_status":"closed","ping_status":"closed","template":"","meta":{"footnotes":""},"class_list":["post-83","page","type-page","status-publish","hentry"],"yoast_head":"<!-- This site is optimized with the Yoast SEO plugin v27.6 - https:\/\/yoast.com\/product\/yoast-seo-wordpress\/ -->\n<title>Cosm\u00e9tiques Artisanaux \u2013 Dual&#039;Ethik<\/title>\n<meta name=\"description\" content=\"D\u00e9couvrez des cosm\u00e9tiques artisanaux, con\u00e7us avec soin pour chouchouter votre peau. Offrez-vous un rituel beaut\u00e9 !\" \/>\n<meta name=\"robots\" content=\"index, follow, max-snippet:-1, max-image-preview:large, max-video-preview:-1\" \/>\n<link rel=\"canonical\" href=\"https:\/\/dual-ethik.fr\/index.php\/cosmetiques\/\" \/>\n<meta property=\"og:locale\" content=\"fr_FR\" \/>\n<meta property=\"og:type\" content=\"article\" \/>\n<meta property=\"og:title\" content=\"Cosm\u00e9tiques Artisanaux \u2013 Dual&#039;Ethik\" \/>\n<meta property=\"og:description\" content=\"D\u00e9couvrez des cosm\u00e9tiques artisanaux, con\u00e7us avec soin pour chouchouter votre peau. Offrez-vous un rituel beaut\u00e9 !\" \/>\n<meta property=\"og:url\" content=\"https:\/\/dual-ethik.fr\/index.php\/cosmetiques\/\" \/>\n<meta property=\"og:site_name\" content=\"Dual&#039;Ethik\" \/>\n<meta property=\"article:modified_time\" content=\"2026-03-27T13:47:07+00:00\" \/>\n<meta name=\"twitter:card\" content=\"summary_large_image\" \/>\n<meta name=\"twitter:label1\" content=\"Dur\u00e9e de lecture estim\u00e9e\" \/>\n\t<meta name=\"twitter:data1\" content=\"1 minute\" \/>\n<script type=\"application\/ld+json\" class=\"yoast-schema-graph\">{\"@context\":\"https:\\\/\\\/schema.org\",\"@graph\":[{\"@type\":\"WebPage\",\"@id\":\"https:\\\/\\\/dual-ethik.fr\\\/index.php\\\/cosmetiques\\\/\",\"url\":\"https:\\\/\\\/dual-ethik.fr\\\/index.php\\\/cosmetiques\\\/\",\"name\":\"Cosm\u00e9tiques Artisanaux \u2013 Dual'Ethik\",\"isPartOf\":{\"@id\":\"https:\\\/\\\/dual-ethik.fr\\\/#website\"},\"datePublished\":\"2022-04-30T15:37:02+00:00\",\"dateModified\":\"2026-03-27T13:47:07+00:00\",\"description\":\"D\u00e9couvrez des cosm\u00e9tiques artisanaux, con\u00e7us avec soin pour chouchouter votre peau. Offrez-vous un rituel beaut\u00e9 !\",\"breadcrumb\":{\"@id\":\"https:\\\/\\\/dual-ethik.fr\\\/index.php\\\/cosmetiques\\\/#breadcrumb\"},\"inLanguage\":\"fr-FR\",\"potentialAction\":[{\"@type\":\"ReadAction\",\"target\":[\"https:\\\/\\\/dual-ethik.fr\\\/index.php\\\/cosmetiques\\\/\"]}]},{\"@type\":\"BreadcrumbList\",\"@id\":\"https:\\\/\\\/dual-ethik.fr\\\/index.php\\\/cosmetiques\\\/#breadcrumb\",\"itemListElement\":[{\"@type\":\"ListItem\",\"position\":1,\"name\":\"Accueil\",\"item\":\"https:\\\/\\\/dual-ethik.fr\\\/\"},{\"@type\":\"ListItem\",\"position\":2,\"name\":\"Cosm\u00e9tiques\"}]},{\"@type\":\"WebSite\",\"@id\":\"https:\\\/\\\/dual-ethik.fr\\\/#website\",\"url\":\"https:\\\/\\\/dual-ethik.fr\\\/\",\"name\":\"Dual'Ethik\",\"description\":\"\",\"publisher\":{\"@id\":\"https:\\\/\\\/dual-ethik.fr\\\/#organization\"},\"potentialAction\":[{\"@type\":\"SearchAction\",\"target\":{\"@type\":\"EntryPoint\",\"urlTemplate\":\"https:\\\/\\\/dual-ethik.fr\\\/?s={search_term_string}\"},\"query-input\":{\"@type\":\"PropertyValueSpecification\",\"valueRequired\":true,\"valueName\":\"search_term_string\"}}],\"inLanguage\":\"fr-FR\"},{\"@type\":\"Organization\",\"@id\":\"https:\\\/\\\/dual-ethik.fr\\\/#organization\",\"name\":\"Dual'Ethik\",\"url\":\"https:\\\/\\\/dual-ethik.fr\\\/\",\"logo\":{\"@type\":\"ImageObject\",\"inLanguage\":\"fr-FR\",\"@id\":\"https:\\\/\\\/dual-ethik.fr\\\/#\\\/schema\\\/logo\\\/image\\\/\",\"url\":\"https:\\\/\\\/dual-ethik.fr\\\/wp-content\\\/uploads\\\/2025\\\/02\\\/logo-dual-ethik.png\",\"contentUrl\":\"https:\\\/\\\/dual-ethik.fr\\\/wp-content\\\/uploads\\\/2025\\\/02\\\/logo-dual-ethik.png\",\"width\":100,\"height\":80,\"caption\":\"Dual'Ethik\"},\"image\":{\"@id\":\"https:\\\/\\\/dual-ethik.fr\\\/#\\\/schema\\\/logo\\\/image\\\/\"}}]}<\/script>\n<!-- \/ Yoast SEO plugin. -->","yoast_head_json":{"title":"Cosm\u00e9tiques Artisanaux \u2013 Dual'Ethik","description":"D\u00e9couvrez des cosm\u00e9tiques artisanaux, con\u00e7us avec soin pour chouchouter votre peau. Offrez-vous un rituel beaut\u00e9 !","robots":{"index":"index","follow":"follow","max-snippet":"max-snippet:-1","max-image-preview":"max-image-preview:large","max-video-preview":"max-video-preview:-1"},"canonical":"https:\/\/dual-ethik.fr\/index.php\/cosmetiques\/","og_locale":"fr_FR","og_type":"article","og_title":"Cosm\u00e9tiques Artisanaux \u2013 Dual'Ethik","og_description":"D\u00e9couvrez des cosm\u00e9tiques artisanaux, con\u00e7us avec soin pour chouchouter votre peau. Offrez-vous un rituel beaut\u00e9 !","og_url":"https:\/\/dual-ethik.fr\/index.php\/cosmetiques\/","og_site_name":"Dual&#039;Ethik","article_modified_time":"2026-03-27T13:47:07+00:00","twitter_card":"summary_large_image","twitter_misc":{"Dur\u00e9e de lecture estim\u00e9e":"1 minute"},"schema":{"@context":"https:\/\/schema.org","@graph":[{"@type":"WebPage","@id":"https:\/\/dual-ethik.fr\/index.php\/cosmetiques\/","url":"https:\/\/dual-ethik.fr\/index.php\/cosmetiques\/","name":"Cosm\u00e9tiques Artisanaux \u2013 Dual'Ethik","isPartOf":{"@id":"https:\/\/dual-ethik.fr\/#website"},"datePublished":"2022-04-30T15:37:02+00:00","dateModified":"2026-03-27T13:47:07+00:00","description":"D\u00e9couvrez des cosm\u00e9tiques artisanaux, con\u00e7us avec soin pour chouchouter votre peau. Offrez-vous un rituel beaut\u00e9 !","breadcrumb":{"@id":"https:\/\/dual-ethik.fr\/index.php\/cosmetiques\/#breadcrumb"},"inLanguage":"fr-FR","potentialAction":[{"@type":"ReadAction","target":["https:\/\/dual-ethik.fr\/index.php\/cosmetiques\/"]}]},{"@type":"BreadcrumbList","@id":"https:\/\/dual-ethik.fr\/index.php\/cosmetiques\/#breadcrumb","itemListElement":[{"@type":"ListItem","position":1,"name":"Accueil","item":"https:\/\/dual-ethik.fr\/"},{"@type":"ListItem","position":2,"name":"Cosm\u00e9tiques"}]},{"@type":"WebSite","@id":"https:\/\/dual-ethik.fr\/#website","url":"https:\/\/dual-ethik.fr\/","name":"Dual'Ethik","description":"","publisher":{"@id":"https:\/\/dual-ethik.fr\/#organization"},"potentialAction":[{"@type":"SearchAction","target":{"@type":"EntryPoint","urlTemplate":"https:\/\/dual-ethik.fr\/?s={search_term_string}"},"query-input":{"@type":"PropertyValueSpecification","valueRequired":true,"valueName":"search_term_string"}}],"inLanguage":"fr-FR"},{"@type":"Organization","@id":"https:\/\/dual-ethik.fr\/#organization","name":"Dual'Ethik","url":"https:\/\/dual-ethik.fr\/","logo":{"@type":"ImageObject","inLanguage":"fr-FR","@id":"https:\/\/dual-ethik.fr\/#\/schema\/logo\/image\/","url":"https:\/\/dual-ethik.fr\/wp-content\/uploads\/2025\/02\/logo-dual-ethik.png","contentUrl":"https:\/\/dual-ethik.fr\/wp-content\/uploads\/2025\/02\/logo-dual-ethik.png","width":100,"height":80,"caption":"Dual'Ethik"},"image":{"@id":"https:\/\/dual-ethik.fr\/#\/schema\/logo\/image\/"}}]}},"_links":{"self":[{"href":"https:\/\/dual-ethik.fr\/index.php\/wp-json\/wp\/v2\/pages\/83","targetHints":{"allow":["GET"]}}],"collection":[{"href":"https:\/\/dual-ethik.fr\/index.php\/wp-json\/wp\/v2\/pages"}],"about":[{"href":"https:\/\/dual-ethik.fr\/index.php\/wp-json\/wp\/v2\/types\/page"}],"author":[{"embeddable":true,"href":"https:\/\/dual-ethik.fr\/index.php\/wp-json\/wp\/v2\/users\/1"}],"replies":[{"embeddable":true,"href":"https:\/\/dual-ethik.fr\/index.php\/wp-json\/wp\/v2\/comments?post=83"}],"version-history":[{"count":44,"href":"https:\/\/dual-ethik.fr\/index.php\/wp-json\/wp\/v2\/pages\/83\/revisions"}],"predecessor-version":[{"id":3136,"href":"https:\/\/dual-ethik.fr\/index.php\/wp-json\/wp\/v2\/pages\/83\/revisions\/3136"}],"wp:attachment":[{"href":"https:\/\/dual-ethik.fr\/index.php\/wp-json\/wp\/v2\/media?parent=83"}],"curies":[{"name":"wp","href":"https:\/\/api.w.org\/{rel}","templated":true}]}}