{"id":743,"date":"2025-03-06T10:08:34","date_gmt":"2025-03-06T09:08:34","guid":{"rendered":"https:\/\/dual-ethik.fr\/?page_id=743"},"modified":"2026-01-26T18:22:47","modified_gmt":"2026-01-26T17:22:47","slug":"a-propos","status":"publish","type":"page","link":"https:\/\/dual-ethik.fr\/index.php\/a-propos\/","title":{"rendered":"Dual&rsquo;Ethik, artisane savonni\u00e8re"},"content":{"rendered":"\t\t<div data-elementor-type=\"wp-page\" data-elementor-id=\"743\" class=\"elementor elementor-743\" data-elementor-post-type=\"page\">\n\t\t\t\t<div class=\"elementor-element elementor-element-bda7194 e-flex e-con-boxed e-con e-parent\" data-id=\"bda7194\" data-element_type=\"container\" data-e-type=\"container\">\n\t\t\t\t\t<div class=\"e-con-inner\">\n\t\t\t\t<div class=\"elementor-element elementor-element-e8d8e0e elementor-widget elementor-widget-heading\" data-id=\"e8d8e0e\" data-element_type=\"widget\" data-e-type=\"widget\" data-widget_type=\"heading.default\">\n\t\t\t\t<div class=\"elementor-widget-container\">\n\t\t\t\t\t<h2 class=\"elementor-heading-title elementor-size-default\">Dual'Ethik, artisane savonni\u00e8re<\/h2>\t\t\t\t<\/div>\n\t\t\t\t<\/div>\n\t\t\t\t<div class=\"elementor-element elementor-element-3d30f9a elementor-widget elementor-widget-heading\" data-id=\"3d30f9a\" data-element_type=\"widget\" data-e-type=\"widget\" data-widget_type=\"heading.default\">\n\t\t\t\t<div class=\"elementor-widget-container\">\n\t\t\t\t\t<h3 class=\"elementor-heading-title elementor-size-default\">Qui est Dual'Ethik ?<\/h3>\t\t\t\t<\/div>\n\t\t\t\t<\/div>\n\t\t\t\t\t<\/div>\n\t\t\t\t<\/div>\n\t\t<div class=\"elementor-element elementor-element-95858eb e-flex e-con-boxed e-con e-parent\" data-id=\"95858eb\" data-element_type=\"container\" data-e-type=\"container\">\n\t\t\t\t\t<div class=\"e-con-inner\">\n\t\t<div class=\"elementor-element elementor-element-8752735 e-con-full e-flex e-con e-child\" data-id=\"8752735\" data-element_type=\"container\" data-e-type=\"container\">\n\t\t\t\t<div class=\"elementor-element elementor-element-8e4a7f9 elementor-widget elementor-widget-text-editor\" data-id=\"8e4a7f9\" data-element_type=\"widget\" data-e-type=\"widget\" data-widget_type=\"text-editor.default\">\n\t\t\t\t<div class=\"elementor-widget-container\">\n\t\t\t\t\t\t\t\t\t<p>\u00a0C\u2019est moi Virginie ! J\u2019habite en Bretagne, dans le Morbihan, \u00e0 Plo\u00ebrmel, pr\u00e8s de la mythique for\u00eat <br \/>de Broc\u00e9liande. Passionn\u00e9e par la cosm\u00e9tique depuis toujours gr\u00e2ce \u00e0 mon premier m\u00e9tier d\u2019esth\u00e9ticienne, j\u2019ai rapidement d\u00e9velopp\u00e9 un int\u00e9r\u00eat pour la composition des produits que j\u2019utilisais, que ce soit pour nous, ou pour les produits m\u00e9nagers. J\u2019ai tr\u00e8s t\u00f4t fabriqu\u00e9 des produits pour ma famille et la maison, je souhaitais savoir exactement ce que je mettais dedans.<\/p><p>En 2012, \u00e0 l\u2019\u00e2ge de 34 ans, ma vie a bascul\u00e9, j\u2019ai fait un AVC. Cet \u00e9v\u00e9nement m\u2019a forc\u00e9 \u00e0 ralentir, et \u00e0 vraiment r\u00e9fl\u00e9chir \u00e0 ce que je voulais faire de ma vie. C\u2019est dans cette p\u00e9riode de remise en question, que j\u2019ai trouv\u00e9 la force de me lancer dans ce projet qui me tenait tant \u00e0 coeur depuis longtemps : cr\u00e9er ma propre savonnerie.<\/p><p>Gr\u00e2ce au soutien ind\u00e9fectible de mon mari,\u00a0 <a href=\"https:\/\/crackersandco.fr\/\">Sylvain<\/a> et de <a href=\"https:\/\/www.minipixproduction.fr\/\">Manon<\/a>, ma fille, j\u2019ai transform\u00e9 ce r\u00eave en r\u00e9alit\u00e9 en 2018, et en 2019, Dual\u2019Ethik est n\u00e9e, naturellement orient\u00e9e vers la saponification \u00e0 froid.<\/p>\t\t\t\t\t\t\t\t<\/div>\n\t\t\t\t<\/div>\n\t\t\t\t<\/div>\n\t\t<div class=\"elementor-element elementor-element-b30def4 e-con-full e-flex e-con e-child\" data-id=\"b30def4\" data-element_type=\"container\" data-e-type=\"container\">\n\t\t\t\t<div class=\"elementor-element elementor-element-6d9e61c elementor-widget elementor-widget-image\" data-id=\"6d9e61c\" data-element_type=\"widget\" data-e-type=\"widget\" data-widget_type=\"image.default\">\n\t\t\t\t<div class=\"elementor-widget-container\">\n\t\t\t\t\t\t\t\t\t\t\t\t\t\t\t<img fetchpriority=\"high\" decoding=\"async\" width=\"702\" height=\"1024\" src=\"https:\/\/dual-ethik.fr\/wp-content\/uploads\/2022\/05\/9FA3F028-53A7-4403-9456-4AA66009DE9C-702x1024.jpeg\" class=\"attachment-large size-large wp-image-186\" alt=\"Virginie La Savonni\u00e8re\" srcset=\"https:\/\/dual-ethik.fr\/wp-content\/uploads\/2022\/05\/9FA3F028-53A7-4403-9456-4AA66009DE9C-702x1024.jpeg 702w, https:\/\/dual-ethik.fr\/wp-content\/uploads\/2022\/05\/9FA3F028-53A7-4403-9456-4AA66009DE9C-600x875.jpeg 600w, https:\/\/dual-ethik.fr\/wp-content\/uploads\/2022\/05\/9FA3F028-53A7-4403-9456-4AA66009DE9C-206x300.jpeg 206w, https:\/\/dual-ethik.fr\/wp-content\/uploads\/2022\/05\/9FA3F028-53A7-4403-9456-4AA66009DE9C-768x1121.jpeg 768w, https:\/\/dual-ethik.fr\/wp-content\/uploads\/2022\/05\/9FA3F028-53A7-4403-9456-4AA66009DE9C.jpeg 891w\" sizes=\"(max-width: 702px) 100vw, 702px\" \/>\t\t\t\t\t\t\t\t\t\t\t\t\t\t\t<\/div>\n\t\t\t\t<\/div>\n\t\t\t\t<\/div>\n\t\t\t\t\t<\/div>\n\t\t\t\t<\/div>\n\t\t<div class=\"elementor-element elementor-element-46d8d78 e-flex e-con-boxed e-con e-parent\" data-id=\"46d8d78\" data-element_type=\"container\" data-e-type=\"container\">\n\t\t\t\t\t<div class=\"e-con-inner\">\n\t\t\t\t<div class=\"elementor-element elementor-element-9d381c5 elementor-widget elementor-widget-heading\" data-id=\"9d381c5\" data-element_type=\"widget\" data-e-type=\"widget\" data-widget_type=\"heading.default\">\n\t\t\t\t<div class=\"elementor-widget-container\">\n\t\t\t\t\t<h3 class=\"elementor-heading-title elementor-size-default\">Pourquoi Dual'Ethik ?<\/h3>\t\t\t\t<\/div>\n\t\t\t\t<\/div>\n\t\t\t\t<div class=\"elementor-element elementor-element-3c3af69 elementor-widget elementor-widget-text-editor\" data-id=\"3c3af69\" data-element_type=\"widget\" data-e-type=\"widget\" data-widget_type=\"text-editor.default\">\n\t\t\t\t<div class=\"elementor-widget-container\">\n\t\t\t\t\t\t\t\t\t<p>\u00a0Trouver un nom n\u2019a pas \u00e9t\u00e9 simple, mais apr\u00e8s de nombreuses discussions en famille, Dual\u2019Ethik, s\u2019est impos\u00e9e comme une \u00e9vidence :<br \/>\u25cf<strong>Dual<\/strong> : parce que ce projet est n\u00e9 \u00e0 deux, gr\u00e2ce \u00e0 Sylvain, sans qui je n\u2019aurai jamais eu le courage de me lancer.<br \/>\u25cf<strong>Ethik<\/strong> : parce que mes valeurs reposent sur l\u2019\u00e9thique et l\u2019\u00e9cologie. Je privil\u00e9gie des mati\u00e8res premi\u00e8res issues de l\u2019agriculture biologique, locales d\u00e8s que c\u2019est possible et aussi \u00e9quitables. D\u00e8s le d\u00e9part, j\u2019ai choisi de ne pas utiliser de mati\u00e8res premi\u00e8res d\u2019origine animale, c\u2019est pourquoi mes baumes ne contiennent pas de cires d\u2019abeilles et les savons ne contiennent ni lait, ni miel.<\/p>\t\t\t\t\t\t\t\t<\/div>\n\t\t\t\t<\/div>\n\t\t\t\t<div class=\"elementor-element elementor-element-30d64a5 elementor-widget elementor-widget-heading\" data-id=\"30d64a5\" data-element_type=\"widget\" data-e-type=\"widget\" data-widget_type=\"heading.default\">\n\t\t\t\t<div class=\"elementor-widget-container\">\n\t\t\t\t\t<h3 class=\"elementor-heading-title elementor-size-default\">La fabrication, du fait main avec amour <\/h3>\t\t\t\t<\/div>\n\t\t\t\t<\/div>\n\t\t\t\t<div class=\"elementor-element elementor-element-3703c2a elementor-widget elementor-widget-text-editor\" data-id=\"3703c2a\" data-element_type=\"widget\" data-e-type=\"widget\" data-widget_type=\"text-editor.default\">\n\t\t\t\t<div class=\"elementor-widget-container\">\n\t\t\t\t\t\t\t\t\t<p>Chaque savon est <strong>fabriqu\u00e9, d\u00e9coup\u00e9, tamponn\u00e9 et emball\u00e9 \u00e0 la main<\/strong> avec soin. J\u2019utilise la m\u00e9thode de <strong>saponification \u00e0 froid<\/strong> qui permet d\u2019obtenir un savon d\u2019une grande douceur gr\u00e2ce \u00e0 la glyc\u00e9rine obtenue lors de la saponification.<br \/>De plus, dans une d\u00e9marche \u00e9coresponsable, j\u2019utilise des emballages de r\u00e9cup\u00e9rations pour exp\u00e9dier vos colis, avec l\u2019aide de C\u00e9cile, mon esth\u00e9ticienne pr\u00e9f\u00e9r\u00e9e.<\/p>\t\t\t\t\t\t\t\t<\/div>\n\t\t\t\t<\/div>\n\t\t\t\t<div class=\"elementor-element elementor-element-ea508b2 elementor-widget elementor-widget-text-editor\" data-id=\"ea508b2\" data-element_type=\"widget\" data-e-type=\"widget\" data-widget_type=\"text-editor.default\">\n\t\t\t\t<div class=\"elementor-widget-container\">\n\t\t\t\t\t\t\t\t\t<p>Cr\u00e9er Dual\u2019Ethik, c\u2019est bien plus qu\u2019une aventure professionnelle : c\u2019est ma volont\u00e9 de partager des produits simples, authentiques et engag\u00e9s.<\/p>\n<p>Merci de faire partie de cette belle aventure et de soutenir une entreprise locale et responsable.<\/p>\t\t\t\t\t\t\t\t<\/div>\n\t\t\t\t<\/div>\n\t\t\t\t<div class=\"elementor-element elementor-element-72efcc4 elementor-align-center elementor-widget elementor-widget-button\" data-id=\"72efcc4\" data-element_type=\"widget\" data-e-type=\"widget\" data-widget_type=\"button.default\">\n\t\t\t\t<div class=\"elementor-widget-container\">\n\t\t\t\t\t\t\t\t\t<div class=\"elementor-button-wrapper\">\n\t\t\t\t\t<a class=\"elementor-button elementor-button-link elementor-size-sm\" href=\"https:\/\/dual-ethik.fr\/index.php\/boutique\/\">\n\t\t\t\t\t\t<span class=\"elementor-button-content-wrapper\">\n\t\t\t\t\t\t\t\t\t<span class=\"elementor-button-text\">Retrouvez la boutique<\/span>\n\t\t\t\t\t<\/span>\n\t\t\t\t\t<\/a>\n\t\t\t\t<\/div>\n\t\t\t\t\t\t\t\t<\/div>\n\t\t\t\t<\/div>\n\t\t\t\t\t<\/div>\n\t\t\t\t<\/div>\n\t\t<div class=\"elementor-element elementor-element-120cfcf e-grid e-con-boxed e-con e-parent\" data-id=\"120cfcf\" data-element_type=\"container\" data-e-type=\"container\">\n\t\t\t\t\t<div class=\"e-con-inner\">\n\t\t\t\t<div class=\"elementor-element elementor-element-73a9c26 elementor-widget elementor-widget-image\" data-id=\"73a9c26\" data-element_type=\"widget\" data-e-type=\"widget\" data-widget_type=\"image.default\">\n\t\t\t\t<div class=\"elementor-widget-container\">\n\t\t\t\t\t\t\t\t\t\t\t\t\t\t\t<img decoding=\"async\" width=\"800\" height=\"535\" src=\"https:\/\/dual-ethik.fr\/wp-content\/uploads\/2025\/02\/porte-savon-tessa-dore-1024x685.jpeg\" class=\"attachment-large size-large wp-image-716\" alt=\"Savon Le Dor\u00e9 sur un porte savon en gr\u00e8s non emaill\u00e9 qui s&#039;appelle porte savon Tessa\" srcset=\"https:\/\/dual-ethik.fr\/wp-content\/uploads\/2025\/02\/porte-savon-tessa-dore-1024x685.jpeg 1024w, https:\/\/dual-ethik.fr\/wp-content\/uploads\/2025\/02\/porte-savon-tessa-dore-600x401.jpeg 600w, https:\/\/dual-ethik.fr\/wp-content\/uploads\/2025\/02\/porte-savon-tessa-dore-300x201.jpeg 300w, https:\/\/dual-ethik.fr\/wp-content\/uploads\/2025\/02\/porte-savon-tessa-dore-768x513.jpeg 768w, https:\/\/dual-ethik.fr\/wp-content\/uploads\/2025\/02\/porte-savon-tessa-dore.jpeg 1300w\" sizes=\"(max-width: 800px) 100vw, 800px\" \/>\t\t\t\t\t\t\t\t\t\t\t\t\t\t\t<\/div>\n\t\t\t\t<\/div>\n\t\t\t\t<div class=\"elementor-element elementor-element-aed9394 elementor-widget elementor-widget-image\" data-id=\"aed9394\" data-element_type=\"widget\" data-e-type=\"widget\" data-widget_type=\"image.default\">\n\t\t\t\t<div class=\"elementor-widget-container\">\n\t\t\t\t\t\t\t\t\t\t\t\t\t\t\t<img decoding=\"async\" width=\"800\" height=\"535\" src=\"https:\/\/dual-ethik.fr\/wp-content\/uploads\/2025\/03\/porte-savon-tessa-citronne-1024x685.jpeg\" class=\"attachment-large size-large wp-image-1022\" alt=\"un savon citronn\u00e9 sur un porte-savon Tessa\" srcset=\"https:\/\/dual-ethik.fr\/wp-content\/uploads\/2025\/03\/porte-savon-tessa-citronne-1024x685.jpeg 1024w, https:\/\/dual-ethik.fr\/wp-content\/uploads\/2025\/03\/porte-savon-tessa-citronne-300x201.jpeg 300w, https:\/\/dual-ethik.fr\/wp-content\/uploads\/2025\/03\/porte-savon-tessa-citronne-768x513.jpeg 768w, https:\/\/dual-ethik.fr\/wp-content\/uploads\/2025\/03\/porte-savon-tessa-citronne-600x401.jpeg 600w, https:\/\/dual-ethik.fr\/wp-content\/uploads\/2025\/03\/porte-savon-tessa-citronne.jpeg 1300w\" sizes=\"(max-width: 800px) 100vw, 800px\" \/>\t\t\t\t\t\t\t\t\t\t\t\t\t\t\t<\/div>\n\t\t\t\t<\/div>\n\t\t\t\t<div class=\"elementor-element elementor-element-52bd3ce elementor-widget elementor-widget-image\" data-id=\"52bd3ce\" data-element_type=\"widget\" data-e-type=\"widget\" data-widget_type=\"image.default\">\n\t\t\t\t<div class=\"elementor-widget-container\">\n\t\t\t\t\t\t\t\t\t\t\t\t\t\t\t<img loading=\"lazy\" decoding=\"async\" width=\"800\" height=\"535\" src=\"https:\/\/dual-ethik.fr\/wp-content\/uploads\/2025\/03\/savon-le-grey-1024x685.jpeg\" class=\"attachment-large size-large wp-image-977\" alt=\"savon le grey sur un tissu\" srcset=\"https:\/\/dual-ethik.fr\/wp-content\/uploads\/2025\/03\/savon-le-grey-1024x685.jpeg 1024w, https:\/\/dual-ethik.fr\/wp-content\/uploads\/2025\/03\/savon-le-grey-300x201.jpeg 300w, https:\/\/dual-ethik.fr\/wp-content\/uploads\/2025\/03\/savon-le-grey-768x513.jpeg 768w, https:\/\/dual-ethik.fr\/wp-content\/uploads\/2025\/03\/savon-le-grey-600x401.jpeg 600w, https:\/\/dual-ethik.fr\/wp-content\/uploads\/2025\/03\/savon-le-grey.jpeg 1300w\" sizes=\"(max-width: 800px) 100vw, 800px\" \/>\t\t\t\t\t\t\t\t\t\t\t\t\t\t\t<\/div>\n\t\t\t\t<\/div>\n\t\t\t\t\t<\/div>\n\t\t\t\t<\/div>\n\t\t<div class=\"elementor-element elementor-element-89d88cb e-flex e-con-boxed e-con e-parent\" data-id=\"89d88cb\" data-element_type=\"container\" data-e-type=\"container\">\n\t\t\t\t\t<div class=\"e-con-inner\">\n\t\t\t\t<div class=\"elementor-element elementor-element-79f54d7 elementor-widget elementor-widget-heading\" data-id=\"79f54d7\" data-element_type=\"widget\" data-e-type=\"widget\" data-widget_type=\"heading.default\">\n\t\t\t\t<div class=\"elementor-widget-container\">\n\t\t\t\t\t<h4 class=\"elementor-heading-title elementor-size-default\">Une question ?<\/h4>\t\t\t\t<\/div>\n\t\t\t\t<\/div>\n\t\t\t\t\t<\/div>\n\t\t\t\t<\/div>\n\t\t<div class=\"elementor-element elementor-element-c20519e e-flex e-con-boxed e-con e-parent\" data-id=\"c20519e\" data-element_type=\"container\" data-e-type=\"container\">\n\t\t\t\t\t<div class=\"e-con-inner\">\n\t\t\t\t<div class=\"elementor-element elementor-element-4ad5ec2 elementor-align-center elementor-widget elementor-widget-button\" data-id=\"4ad5ec2\" data-element_type=\"widget\" data-e-type=\"widget\" data-widget_type=\"button.default\">\n\t\t\t\t<div class=\"elementor-widget-container\">\n\t\t\t\t\t\t\t\t\t<div class=\"elementor-button-wrapper\">\n\t\t\t\t\t<a class=\"elementor-button elementor-button-link elementor-size-sm\" href=\"https:\/\/dual-ethik.fr\/index.php\/contact\/\">\n\t\t\t\t\t\t<span class=\"elementor-button-content-wrapper\">\n\t\t\t\t\t\t\t\t\t<span class=\"elementor-button-text\">Contactez-moi<\/span>\n\t\t\t\t\t<\/span>\n\t\t\t\t\t<\/a>\n\t\t\t\t<\/div>\n\t\t\t\t\t\t\t\t<\/div>\n\t\t\t\t<\/div>\n\t\t\t\t\t<\/div>\n\t\t\t\t<\/div>\n\t\t\t\t<\/div>\n\t\t","protected":false},"excerpt":{"rendered":"<p>Dual&rsquo;Ethik, artisane savonni\u00e8re Qui est Dual&rsquo;Ethik ? \u00a0C\u2019est moi Virginie ! J\u2019habite en Bretagne, dans le Morbihan, \u00e0 Plo\u00ebrmel, pr\u00e8s de la mythique for\u00eat de Broc\u00e9liande. Passionn\u00e9e par la cosm\u00e9tique depuis toujours gr\u00e2ce \u00e0 mon premier m\u00e9tier d\u2019esth\u00e9ticienne, j\u2019ai rapidement d\u00e9velopp\u00e9 un int\u00e9r\u00eat pour la composition des produits que j\u2019utilisais, que ce soit pour nous, [&hellip;]<\/p>\n","protected":false},"author":31,"featured_media":0,"parent":0,"menu_order":0,"comment_status":"closed","ping_status":"closed","template":"","meta":{"footnotes":""},"class_list":["post-743","page","type-page","status-publish","hentry"],"yoast_head":"<!-- This site is optimized with the Yoast SEO plugin v27.5 - https:\/\/yoast.com\/product\/yoast-seo-wordpress\/ -->\n<title>Dual&#039;Ethik - artisane savonni\u00e8re<\/title>\n<meta name=\"description\" content=\"D\u00e9couvrez Dual&#039;Ethik, artisane savonni\u00e8re en Bretagne, cr\u00e9atrices de savons et cosm\u00e9tiques artisanaux \u00e0 partir de mati\u00e8re premi\u00e8re biologiques\" \/>\n<meta name=\"robots\" content=\"index, follow, max-snippet:-1, max-image-preview:large, max-video-preview:-1\" \/>\n<link rel=\"canonical\" href=\"https:\/\/dual-ethik.fr\/index.php\/a-propos\/\" \/>\n<meta property=\"og:locale\" content=\"fr_FR\" \/>\n<meta property=\"og:type\" content=\"article\" \/>\n<meta property=\"og:title\" content=\"Dual&#039;Ethik - artisane savonni\u00e8re\" \/>\n<meta property=\"og:description\" content=\"D\u00e9couvrez Dual&#039;Ethik, artisane savonni\u00e8re en Bretagne, cr\u00e9atrices de savons et cosm\u00e9tiques artisanaux \u00e0 partir de mati\u00e8re premi\u00e8re biologiques\" \/>\n<meta property=\"og:url\" content=\"https:\/\/dual-ethik.fr\/index.php\/a-propos\/\" \/>\n<meta property=\"og:site_name\" content=\"Dual&#039;Ethik\" \/>\n<meta property=\"article:modified_time\" content=\"2026-01-26T17:22:47+00:00\" \/>\n<meta property=\"og:image\" content=\"https:\/\/dual-ethik.fr\/wp-content\/uploads\/2022\/05\/9FA3F028-53A7-4403-9456-4AA66009DE9C.jpeg\" \/>\n\t<meta property=\"og:image:width\" content=\"891\" \/>\n\t<meta property=\"og:image:height\" content=\"1300\" \/>\n\t<meta property=\"og:image:type\" content=\"image\/jpeg\" \/>\n<meta name=\"twitter:card\" content=\"summary_large_image\" \/>\n<meta name=\"twitter:label1\" content=\"Dur\u00e9e de lecture estim\u00e9e\" \/>\n\t<meta name=\"twitter:data1\" content=\"2 minutes\" \/>\n<script type=\"application\/ld+json\" class=\"yoast-schema-graph\">{\"@context\":\"https:\\\/\\\/schema.org\",\"@graph\":[{\"@type\":\"WebPage\",\"@id\":\"https:\\\/\\\/dual-ethik.fr\\\/index.php\\\/a-propos\\\/\",\"url\":\"https:\\\/\\\/dual-ethik.fr\\\/index.php\\\/a-propos\\\/\",\"name\":\"Dual'Ethik - artisane savonni\u00e8re\",\"isPartOf\":{\"@id\":\"https:\\\/\\\/dual-ethik.fr\\\/#website\"},\"primaryImageOfPage\":{\"@id\":\"https:\\\/\\\/dual-ethik.fr\\\/index.php\\\/a-propos\\\/#primaryimage\"},\"image\":{\"@id\":\"https:\\\/\\\/dual-ethik.fr\\\/index.php\\\/a-propos\\\/#primaryimage\"},\"thumbnailUrl\":\"https:\\\/\\\/dual-ethik.fr\\\/wp-content\\\/uploads\\\/2022\\\/05\\\/9FA3F028-53A7-4403-9456-4AA66009DE9C-702x1024.jpeg\",\"datePublished\":\"2025-03-06T09:08:34+00:00\",\"dateModified\":\"2026-01-26T17:22:47+00:00\",\"description\":\"D\u00e9couvrez Dual'Ethik, artisane savonni\u00e8re en Bretagne, cr\u00e9atrices de savons et cosm\u00e9tiques artisanaux \u00e0 partir de mati\u00e8re premi\u00e8re biologiques\",\"breadcrumb\":{\"@id\":\"https:\\\/\\\/dual-ethik.fr\\\/index.php\\\/a-propos\\\/#breadcrumb\"},\"inLanguage\":\"fr-FR\",\"potentialAction\":[{\"@type\":\"ReadAction\",\"target\":[\"https:\\\/\\\/dual-ethik.fr\\\/index.php\\\/a-propos\\\/\"]}]},{\"@type\":\"ImageObject\",\"inLanguage\":\"fr-FR\",\"@id\":\"https:\\\/\\\/dual-ethik.fr\\\/index.php\\\/a-propos\\\/#primaryimage\",\"url\":\"https:\\\/\\\/dual-ethik.fr\\\/wp-content\\\/uploads\\\/2022\\\/05\\\/9FA3F028-53A7-4403-9456-4AA66009DE9C.jpeg\",\"contentUrl\":\"https:\\\/\\\/dual-ethik.fr\\\/wp-content\\\/uploads\\\/2022\\\/05\\\/9FA3F028-53A7-4403-9456-4AA66009DE9C.jpeg\",\"width\":891,\"height\":1300,\"caption\":\"Virginie la savonni\u00e8re\"},{\"@type\":\"BreadcrumbList\",\"@id\":\"https:\\\/\\\/dual-ethik.fr\\\/index.php\\\/a-propos\\\/#breadcrumb\",\"itemListElement\":[{\"@type\":\"ListItem\",\"position\":1,\"name\":\"Accueil\",\"item\":\"https:\\\/\\\/dual-ethik.fr\\\/\"},{\"@type\":\"ListItem\",\"position\":2,\"name\":\"Dual&rsquo;Ethik, artisane savonni\u00e8re\"}]},{\"@type\":\"WebSite\",\"@id\":\"https:\\\/\\\/dual-ethik.fr\\\/#website\",\"url\":\"https:\\\/\\\/dual-ethik.fr\\\/\",\"name\":\"Dual'Ethik\",\"description\":\"\",\"publisher\":{\"@id\":\"https:\\\/\\\/dual-ethik.fr\\\/#organization\"},\"potentialAction\":[{\"@type\":\"SearchAction\",\"target\":{\"@type\":\"EntryPoint\",\"urlTemplate\":\"https:\\\/\\\/dual-ethik.fr\\\/?s={search_term_string}\"},\"query-input\":{\"@type\":\"PropertyValueSpecification\",\"valueRequired\":true,\"valueName\":\"search_term_string\"}}],\"inLanguage\":\"fr-FR\"},{\"@type\":\"Organization\",\"@id\":\"https:\\\/\\\/dual-ethik.fr\\\/#organization\",\"name\":\"Dual'Ethik\",\"url\":\"https:\\\/\\\/dual-ethik.fr\\\/\",\"logo\":{\"@type\":\"ImageObject\",\"inLanguage\":\"fr-FR\",\"@id\":\"https:\\\/\\\/dual-ethik.fr\\\/#\\\/schema\\\/logo\\\/image\\\/\",\"url\":\"https:\\\/\\\/dual-ethik.fr\\\/wp-content\\\/uploads\\\/2025\\\/02\\\/logo-dual-ethik.png\",\"contentUrl\":\"https:\\\/\\\/dual-ethik.fr\\\/wp-content\\\/uploads\\\/2025\\\/02\\\/logo-dual-ethik.png\",\"width\":100,\"height\":80,\"caption\":\"Dual'Ethik\"},\"image\":{\"@id\":\"https:\\\/\\\/dual-ethik.fr\\\/#\\\/schema\\\/logo\\\/image\\\/\"}}]}<\/script>\n<!-- \/ Yoast SEO plugin. -->","yoast_head_json":{"title":"Dual'Ethik - artisane savonni\u00e8re","description":"D\u00e9couvrez Dual'Ethik, artisane savonni\u00e8re en Bretagne, cr\u00e9atrices de savons et cosm\u00e9tiques artisanaux \u00e0 partir de mati\u00e8re premi\u00e8re biologiques","robots":{"index":"index","follow":"follow","max-snippet":"max-snippet:-1","max-image-preview":"max-image-preview:large","max-video-preview":"max-video-preview:-1"},"canonical":"https:\/\/dual-ethik.fr\/index.php\/a-propos\/","og_locale":"fr_FR","og_type":"article","og_title":"Dual'Ethik - artisane savonni\u00e8re","og_description":"D\u00e9couvrez Dual'Ethik, artisane savonni\u00e8re en Bretagne, cr\u00e9atrices de savons et cosm\u00e9tiques artisanaux \u00e0 partir de mati\u00e8re premi\u00e8re biologiques","og_url":"https:\/\/dual-ethik.fr\/index.php\/a-propos\/","og_site_name":"Dual&#039;Ethik","article_modified_time":"2026-01-26T17:22:47+00:00","og_image":[{"width":891,"height":1300,"url":"https:\/\/dual-ethik.fr\/wp-content\/uploads\/2022\/05\/9FA3F028-53A7-4403-9456-4AA66009DE9C.jpeg","type":"image\/jpeg"}],"twitter_card":"summary_large_image","twitter_misc":{"Dur\u00e9e de lecture estim\u00e9e":"2 minutes"},"schema":{"@context":"https:\/\/schema.org","@graph":[{"@type":"WebPage","@id":"https:\/\/dual-ethik.fr\/index.php\/a-propos\/","url":"https:\/\/dual-ethik.fr\/index.php\/a-propos\/","name":"Dual'Ethik - artisane savonni\u00e8re","isPartOf":{"@id":"https:\/\/dual-ethik.fr\/#website"},"primaryImageOfPage":{"@id":"https:\/\/dual-ethik.fr\/index.php\/a-propos\/#primaryimage"},"image":{"@id":"https:\/\/dual-ethik.fr\/index.php\/a-propos\/#primaryimage"},"thumbnailUrl":"https:\/\/dual-ethik.fr\/wp-content\/uploads\/2022\/05\/9FA3F028-53A7-4403-9456-4AA66009DE9C-702x1024.jpeg","datePublished":"2025-03-06T09:08:34+00:00","dateModified":"2026-01-26T17:22:47+00:00","description":"D\u00e9couvrez Dual'Ethik, artisane savonni\u00e8re en Bretagne, cr\u00e9atrices de savons et cosm\u00e9tiques artisanaux \u00e0 partir de mati\u00e8re premi\u00e8re biologiques","breadcrumb":{"@id":"https:\/\/dual-ethik.fr\/index.php\/a-propos\/#breadcrumb"},"inLanguage":"fr-FR","potentialAction":[{"@type":"ReadAction","target":["https:\/\/dual-ethik.fr\/index.php\/a-propos\/"]}]},{"@type":"ImageObject","inLanguage":"fr-FR","@id":"https:\/\/dual-ethik.fr\/index.php\/a-propos\/#primaryimage","url":"https:\/\/dual-ethik.fr\/wp-content\/uploads\/2022\/05\/9FA3F028-53A7-4403-9456-4AA66009DE9C.jpeg","contentUrl":"https:\/\/dual-ethik.fr\/wp-content\/uploads\/2022\/05\/9FA3F028-53A7-4403-9456-4AA66009DE9C.jpeg","width":891,"height":1300,"caption":"Virginie la savonni\u00e8re"},{"@type":"BreadcrumbList","@id":"https:\/\/dual-ethik.fr\/index.php\/a-propos\/#breadcrumb","itemListElement":[{"@type":"ListItem","position":1,"name":"Accueil","item":"https:\/\/dual-ethik.fr\/"},{"@type":"ListItem","position":2,"name":"Dual&rsquo;Ethik, artisane savonni\u00e8re"}]},{"@type":"WebSite","@id":"https:\/\/dual-ethik.fr\/#website","url":"https:\/\/dual-ethik.fr\/","name":"Dual'Ethik","description":"","publisher":{"@id":"https:\/\/dual-ethik.fr\/#organization"},"potentialAction":[{"@type":"SearchAction","target":{"@type":"EntryPoint","urlTemplate":"https:\/\/dual-ethik.fr\/?s={search_term_string}"},"query-input":{"@type":"PropertyValueSpecification","valueRequired":true,"valueName":"search_term_string"}}],"inLanguage":"fr-FR"},{"@type":"Organization","@id":"https:\/\/dual-ethik.fr\/#organization","name":"Dual'Ethik","url":"https:\/\/dual-ethik.fr\/","logo":{"@type":"ImageObject","inLanguage":"fr-FR","@id":"https:\/\/dual-ethik.fr\/#\/schema\/logo\/image\/","url":"https:\/\/dual-ethik.fr\/wp-content\/uploads\/2025\/02\/logo-dual-ethik.png","contentUrl":"https:\/\/dual-ethik.fr\/wp-content\/uploads\/2025\/02\/logo-dual-ethik.png","width":100,"height":80,"caption":"Dual'Ethik"},"image":{"@id":"https:\/\/dual-ethik.fr\/#\/schema\/logo\/image\/"}}]}},"_links":{"self":[{"href":"https:\/\/dual-ethik.fr\/index.php\/wp-json\/wp\/v2\/pages\/743","targetHints":{"allow":["GET"]}}],"collection":[{"href":"https:\/\/dual-ethik.fr\/index.php\/wp-json\/wp\/v2\/pages"}],"about":[{"href":"https:\/\/dual-ethik.fr\/index.php\/wp-json\/wp\/v2\/types\/page"}],"author":[{"embeddable":true,"href":"https:\/\/dual-ethik.fr\/index.php\/wp-json\/wp\/v2\/users\/31"}],"replies":[{"embeddable":true,"href":"https:\/\/dual-ethik.fr\/index.php\/wp-json\/wp\/v2\/comments?post=743"}],"version-history":[{"count":38,"href":"https:\/\/dual-ethik.fr\/index.php\/wp-json\/wp\/v2\/pages\/743\/revisions"}],"predecessor-version":[{"id":3012,"href":"https:\/\/dual-ethik.fr\/index.php\/wp-json\/wp\/v2\/pages\/743\/revisions\/3012"}],"wp:attachment":[{"href":"https:\/\/dual-ethik.fr\/index.php\/wp-json\/wp\/v2\/media?parent=743"}],"curies":[{"name":"wp","href":"https:\/\/api.w.org\/{rel}","templated":true}]}}