{"id":2667,"date":"2025-11-04T14:25:27","date_gmt":"2025-11-04T13:25:27","guid":{"rendered":"https:\/\/dual-ethik.fr\/?page_id=2667"},"modified":"2025-11-09T16:35:16","modified_gmt":"2025-11-09T15:35:16","slug":"essai-page-de-noel","status":"publish","type":"page","link":"https:\/\/dual-ethik.fr\/index.php\/essai-page-de-noel\/","title":{"rendered":"essai page de noel"},"content":{"rendered":"\t\t<div data-elementor-type=\"wp-page\" data-elementor-id=\"2667\" class=\"elementor elementor-2667\" data-elementor-post-type=\"page\">\n\t\t\t\t<div class=\"elementor-element elementor-element-dfadc2c e-flex e-con-boxed e-con e-parent\" data-id=\"dfadc2c\" data-element_type=\"container\" data-e-type=\"container\">\n\t\t\t\t\t<div class=\"e-con-inner\">\n\t\t\t\t<div class=\"elementor-element elementor-element-0f8504c elementor-widget elementor-widget-image\" data-id=\"0f8504c\" data-element_type=\"widget\" data-e-type=\"widget\" data-widget_type=\"image.default\">\n\t\t\t\t<div class=\"elementor-widget-container\">\n\t\t\t\t\t\t\t\t\t\t\t\t\t\t\t\t<a href=\"https:\/\/dual-ethik.fr\/index.php\/coffrets-cadeaux\/\">\n\t\t\t\t\t\t\t<img decoding=\"async\" src=\"https:\/\/dual-ethik.fr\/wp-content\/uploads\/2025\/10\/banniere-noel.png\" title=\"banniere noel\" alt=\"Banni\u00e8re Le noel de dual&#039;ethik, Il y a un bonnet de No\u00ebl sur le D de Dual&#039;Ethik et un petit lutin qui se cache un peu derri\u00e8re une photo d&#039;un coffret\" loading=\"lazy\" \/>\t\t\t\t\t\t\t\t<\/a>\n\t\t\t\t\t\t\t\t\t\t\t\t\t\t\t<\/div>\n\t\t\t\t<\/div>\n\t\t\t\t\t<\/div>\n\t\t\t\t<\/div>\n\t\t<div class=\"elementor-element elementor-element-4d65760 e-flex e-con-boxed e-con e-parent\" data-id=\"4d65760\" data-element_type=\"container\" data-e-type=\"container\">\n\t\t\t\t\t<div class=\"e-con-inner\">\n\t\t\t\t<div class=\"elementor-element elementor-element-b2d8091 elementor-widget elementor-widget-spacer\" data-id=\"b2d8091\" data-element_type=\"widget\" data-e-type=\"widget\" data-widget_type=\"spacer.default\">\n\t\t\t\t<div class=\"elementor-widget-container\">\n\t\t\t\t\t\t\t<div class=\"elementor-spacer\">\n\t\t\t<div class=\"elementor-spacer-inner\"><\/div>\n\t\t<\/div>\n\t\t\t\t\t\t<\/div>\n\t\t\t\t<\/div>\n\t\t\t\t\t<\/div>\n\t\t\t\t<\/div>\n\t\t<div class=\"elementor-element elementor-element-0711f1b e-flex e-con-boxed e-con e-parent\" data-id=\"0711f1b\" data-element_type=\"container\" data-e-type=\"container\" data-settings=\"{&quot;background_background&quot;:&quot;classic&quot;}\">\n\t\t\t\t\t<div class=\"e-con-inner\">\n\t\t<div class=\"elementor-element elementor-element-1f41eb6 e-con-full e-flex e-con e-child\" data-id=\"1f41eb6\" data-element_type=\"container\" data-e-type=\"container\">\n\t\t\t\t<div class=\"elementor-element elementor-element-a14a5e6 elementor-widget elementor-widget-image\" data-id=\"a14a5e6\" data-element_type=\"widget\" data-e-type=\"widget\" data-widget_type=\"image.default\">\n\t\t\t\t<div class=\"elementor-widget-container\">\n\t\t\t\t\t\t\t\t\t\t\t\t\t\t\t<img fetchpriority=\"high\" decoding=\"async\" width=\"800\" height=\"535\" src=\"https:\/\/dual-ethik.fr\/wp-content\/uploads\/2024\/11\/image00009-1024x685.jpeg\" class=\"attachment-large size-large wp-image-641\" alt=\"Savon le grey, marbr\u00e9 noir et blanc\" srcset=\"https:\/\/dual-ethik.fr\/wp-content\/uploads\/2024\/11\/image00009-1024x685.jpeg 1024w, https:\/\/dual-ethik.fr\/wp-content\/uploads\/2024\/11\/image00009-600x401.jpeg 600w, https:\/\/dual-ethik.fr\/wp-content\/uploads\/2024\/11\/image00009-300x201.jpeg 300w, https:\/\/dual-ethik.fr\/wp-content\/uploads\/2024\/11\/image00009-768x513.jpeg 768w, https:\/\/dual-ethik.fr\/wp-content\/uploads\/2024\/11\/image00009.jpeg 1300w\" sizes=\"(max-width: 800px) 100vw, 800px\" \/>\t\t\t\t\t\t\t\t\t\t\t\t\t\t\t<\/div>\n\t\t\t\t<\/div>\n\t\t\t\t<\/div>\n\t\t<div class=\"elementor-element elementor-element-99bd3f0 e-con-full e-flex e-con e-child\" data-id=\"99bd3f0\" data-element_type=\"container\" data-e-type=\"container\">\n\t\t\t\t<div class=\"elementor-element elementor-element-af9b19f elementor-widget elementor-widget-heading\" data-id=\"af9b19f\" data-element_type=\"widget\" data-e-type=\"widget\" data-widget_type=\"heading.default\">\n\t\t\t\t<div class=\"elementor-widget-container\">\n\t\t\t\t\t<h2 class=\"elementor-heading-title elementor-size-default\">Savonnerie Artisanale Dual'Ethik<\/h2>\t\t\t\t<\/div>\n\t\t\t\t<\/div>\n\t\t\t\t<div class=\"elementor-element elementor-element-e5f16fd elementor-widget elementor-widget-text-editor\" data-id=\"e5f16fd\" data-element_type=\"widget\" data-e-type=\"widget\" data-widget_type=\"text-editor.default\">\n\t\t\t\t<div class=\"elementor-widget-container\">\n\t\t\t\t\t\t\t\t\t<p>Savons et cosm\u00e9tiques fabriqu\u00e9s en Bretagne.<\/p><p>Dans mon atelier \u00e0 Plo\u00ebrmel, je con\u00e7ois, formule et fabrique \u00e0 la main chaque savon et cosm\u00e9tique. Pour la fabrication de mes savons, j\u2019ai choisi la m\u00e9thode de saponification \u00e0 froid.<\/p><p>Mes mati\u00e8res premi\u00e8res sont issues de l\u2019agriculture biologique, locales et fran\u00e7aises d\u00e8s que c\u2019est possible. Le beurre de karit\u00e9 et l\u2019huile de coco sont \u00e9quitables. De plus, j\u2019ai fait le choix de ne pas utiliser de mati\u00e8res premi\u00e8res d\u2019origine animale.<\/p>\t\t\t\t\t\t\t\t<\/div>\n\t\t\t\t<\/div>\n\t\t\t\t<\/div>\n\t\t\t\t\t<\/div>\n\t\t\t\t<\/div>\n\t\t<div class=\"elementor-element elementor-element-4096019 e-flex e-con-boxed e-con e-parent\" data-id=\"4096019\" data-element_type=\"container\" data-e-type=\"container\">\n\t\t\t\t\t<div class=\"e-con-inner\">\n\t\t\t\t<div class=\"elementor-element elementor-element-aa9b6a4 elementor-widget elementor-widget-spacer\" data-id=\"aa9b6a4\" data-element_type=\"widget\" data-e-type=\"widget\" data-widget_type=\"spacer.default\">\n\t\t\t\t<div class=\"elementor-widget-container\">\n\t\t\t\t\t\t\t<div class=\"elementor-spacer\">\n\t\t\t<div class=\"elementor-spacer-inner\"><\/div>\n\t\t<\/div>\n\t\t\t\t\t\t<\/div>\n\t\t\t\t<\/div>\n\t\t\t\t\t<\/div>\n\t\t\t\t<\/div>\n\t\t<div class=\"elementor-element elementor-element-cae184a e-flex e-con-boxed e-con e-parent\" data-id=\"cae184a\" data-element_type=\"container\" data-e-type=\"container\">\n\t\t\t\t\t<div class=\"e-con-inner\">\n\t\t\t\t<div class=\"elementor-element elementor-element-b99dd82 elementor-widget elementor-widget-heading\" data-id=\"b99dd82\" data-element_type=\"widget\" data-e-type=\"widget\" data-widget_type=\"heading.default\">\n\t\t\t\t<div class=\"elementor-widget-container\">\n\t\t\t\t\t<h2 class=\"elementor-heading-title elementor-size-default\">Les chouchous<\/h2>\t\t\t\t<\/div>\n\t\t\t\t<\/div>\n\t\t\t\t\t<\/div>\n\t\t\t\t<\/div>\n\t\t<div class=\"elementor-element elementor-element-e72eeab e-flex e-con-boxed e-con e-parent\" data-id=\"e72eeab\" data-element_type=\"container\" data-e-type=\"container\">\n\t\t\t\t\t<div class=\"e-con-inner\">\n\t\t\t\t<div class=\"elementor-element elementor-element-a3853f5 elementor-grid-4 elementor-grid-tablet-3 elementor-grid-mobile-2 elementor-products-grid elementor-wc-products elementor-widget elementor-widget-woocommerce-products\" data-id=\"a3853f5\" data-element_type=\"widget\" data-e-type=\"widget\" data-widget_type=\"woocommerce-products.default\">\n\t\t\t\t<div class=\"elementor-widget-container\">\n\t\t\t\t\t<div class=\"woocommerce columns-4 \"><ul class=\"products elementor-grid columns-4\">\n<li class=\"product type-product post-63 status-publish first instock product_cat-savons has-post-thumbnail shipping-taxable purchasable product-type-variable\">\n\t<a href=\"https:\/\/dual-ethik.fr\/index.php\/produit\/savon-dore\/\" class=\"woocommerce-LoopProduct-link woocommerce-loop-product__link\"><img decoding=\"async\" width=\"300\" height=\"300\" src=\"https:\/\/dual-ethik.fr\/wp-content\/uploads\/2025\/02\/Savon-dore-300x300.jpeg\" class=\"attachment-woocommerce_thumbnail size-woocommerce_thumbnail\" alt=\"Le Savon Le Dor\u00e9\" srcset=\"https:\/\/dual-ethik.fr\/wp-content\/uploads\/2025\/02\/Savon-dore-300x300.jpeg 300w, https:\/\/dual-ethik.fr\/wp-content\/uploads\/2025\/02\/Savon-dore-100x100.jpeg 100w, https:\/\/dual-ethik.fr\/wp-content\/uploads\/2025\/02\/Savon-dore-150x150.jpeg 150w, https:\/\/dual-ethik.fr\/wp-content\/uploads\/2025\/02\/Savon-dore-456x456.jpeg 456w, https:\/\/dual-ethik.fr\/wp-content\/uploads\/2025\/02\/Savon-dore-600x600.jpeg 600w\" sizes=\"(max-width: 300px) 100vw, 300px\" \/><h2 class=\"woocommerce-loop-product__title\">Savon Le Dor\u00e9<\/h2>\n\t<span class=\"price\"><span class=\"woocommerce-Price-amount amount\" aria-hidden=\"true\"><bdi>5,90&nbsp;<span class=\"woocommerce-Price-currencySymbol\">&euro;<\/span><\/bdi><\/span> <span aria-hidden=\"true\">\u00a0\u2013\u00a0<\/span> <span class=\"woocommerce-Price-amount amount\" aria-hidden=\"true\"><bdi>6,30&nbsp;<span class=\"woocommerce-Price-currencySymbol\">&euro;<\/span><\/bdi><\/span><span class=\"screen-reader-text\">Plage de prix\u00a0: 5,90&nbsp;&euro; \u00e0 6,30&nbsp;&euro;<\/span><\/span>\n<\/a><a href=\"https:\/\/dual-ethik.fr\/index.php\/produit\/savon-dore\/\" aria-describedby=\"woocommerce_loop_add_to_cart_link_describedby_63\" data-quantity=\"1\" class=\"button product_type_variable add_to_cart_button\" data-product_id=\"63\" data-product_sku=\"Savon Dor\u00e9\" aria-label=\"S\u00e9lectionner les options pour &ldquo;Savon Le Dor\u00e9&rdquo;\" rel=\"nofollow\">Choix des options<\/a>\t<span id=\"woocommerce_loop_add_to_cart_link_describedby_63\" class=\"screen-reader-text\">\n\t\tCe produit a plusieurs variations. Les options peuvent \u00eatre choisies sur la page du produit\t<\/span>\n<\/li>\n<li class=\"product type-product post-66 status-publish instock product_cat-savons has-post-thumbnail shipping-taxable purchasable product-type-variable has-default-attributes\">\n\t<a href=\"https:\/\/dual-ethik.fr\/index.php\/produit\/savon-cuivre\/\" class=\"woocommerce-LoopProduct-link woocommerce-loop-product__link\"><img decoding=\"async\" width=\"300\" height=\"300\" src=\"https:\/\/dual-ethik.fr\/wp-content\/uploads\/2025\/03\/le-savon-cuivre-300x300.jpeg\" class=\"attachment-woocommerce_thumbnail size-woocommerce_thumbnail\" alt=\"Le savon cuivr\u00e9\" srcset=\"https:\/\/dual-ethik.fr\/wp-content\/uploads\/2025\/03\/le-savon-cuivre-300x300.jpeg 300w, https:\/\/dual-ethik.fr\/wp-content\/uploads\/2025\/03\/le-savon-cuivre-150x150.jpeg 150w, https:\/\/dual-ethik.fr\/wp-content\/uploads\/2025\/03\/le-savon-cuivre-100x100.jpeg 100w\" sizes=\"(max-width: 300px) 100vw, 300px\" \/><h2 class=\"woocommerce-loop-product__title\">Savon Le Cuivr\u00e9<\/h2>\n\t<span class=\"price\"><span class=\"woocommerce-Price-amount amount\" aria-hidden=\"true\"><bdi>5,90&nbsp;<span class=\"woocommerce-Price-currencySymbol\">&euro;<\/span><\/bdi><\/span> <span aria-hidden=\"true\">\u00a0\u2013\u00a0<\/span> <span class=\"woocommerce-Price-amount amount\" aria-hidden=\"true\"><bdi>6,30&nbsp;<span class=\"woocommerce-Price-currencySymbol\">&euro;<\/span><\/bdi><\/span><span class=\"screen-reader-text\">Plage de prix\u00a0: 5,90&nbsp;&euro; \u00e0 6,30&nbsp;&euro;<\/span><\/span>\n<\/a><a href=\"https:\/\/dual-ethik.fr\/index.php\/produit\/savon-cuivre\/\" aria-describedby=\"woocommerce_loop_add_to_cart_link_describedby_66\" data-quantity=\"1\" class=\"button product_type_variable add_to_cart_button\" data-product_id=\"66\" data-product_sku=\"Savon Cuivr\u00e9\" aria-label=\"S\u00e9lectionner les options pour &ldquo;Savon Le Cuivr\u00e9&rdquo;\" rel=\"nofollow\">Choix des options<\/a>\t<span id=\"woocommerce_loop_add_to_cart_link_describedby_66\" class=\"screen-reader-text\">\n\t\tCe produit a plusieurs variations. Les options peuvent \u00eatre choisies sur la page du produit\t<\/span>\n<\/li>\n<li class=\"product type-product post-75 status-publish instock product_cat-cosmetiques has-post-thumbnail shipping-taxable purchasable product-type-variable\">\n\t<a href=\"https:\/\/dual-ethik.fr\/index.php\/produit\/baume-2\/\" class=\"woocommerce-LoopProduct-link woocommerce-loop-product__link\"><img loading=\"lazy\" decoding=\"async\" width=\"300\" height=\"300\" src=\"https:\/\/dual-ethik.fr\/wp-content\/uploads\/2025\/03\/baume-2-ouvert-300x300.jpeg\" class=\"attachment-woocommerce_thumbnail size-woocommerce_thumbnail\" alt=\"Un pot de baume n\u00b02 ouvert\" srcset=\"https:\/\/dual-ethik.fr\/wp-content\/uploads\/2025\/03\/baume-2-ouvert-300x300.jpeg 300w, https:\/\/dual-ethik.fr\/wp-content\/uploads\/2025\/03\/baume-2-ouvert-150x150.jpeg 150w, https:\/\/dual-ethik.fr\/wp-content\/uploads\/2025\/03\/baume-2-ouvert-100x100.jpeg 100w\" sizes=\"(max-width: 300px) 100vw, 300px\" \/><h2 class=\"woocommerce-loop-product__title\">Le baume n\u00b02<\/h2>\n\t<span class=\"price\"><span class=\"woocommerce-Price-amount amount\" aria-hidden=\"true\"><bdi>11,90&nbsp;<span class=\"woocommerce-Price-currencySymbol\">&euro;<\/span><\/bdi><\/span> <span aria-hidden=\"true\">\u00a0\u2013\u00a0<\/span> <span class=\"woocommerce-Price-amount amount\" aria-hidden=\"true\"><bdi>19,90&nbsp;<span class=\"woocommerce-Price-currencySymbol\">&euro;<\/span><\/bdi><\/span><span class=\"screen-reader-text\">Plage de prix\u00a0: 11,90&nbsp;&euro; \u00e0 19,90&nbsp;&euro;<\/span><\/span>\n<\/a><a href=\"https:\/\/dual-ethik.fr\/index.php\/produit\/baume-2\/\" aria-describedby=\"woocommerce_loop_add_to_cart_link_describedby_75\" data-quantity=\"1\" class=\"button product_type_variable add_to_cart_button\" data-product_id=\"75\" data-product_sku=\"Baume 2\" aria-label=\"S\u00e9lectionner les options pour &ldquo;Le baume n\u00b02&rdquo;\" rel=\"nofollow\">Choix des options<\/a>\t<span id=\"woocommerce_loop_add_to_cart_link_describedby_75\" class=\"screen-reader-text\">\n\t\tCe produit a plusieurs variations. Les options peuvent \u00eatre choisies sur la page du produit\t<\/span>\n<\/li>\n<li class=\"product type-product post-609 status-publish last instock product_cat-coffrets has-post-thumbnail shipping-taxable purchasable product-type-variable\">\n\t<a href=\"https:\/\/dual-ethik.fr\/index.php\/produit\/coffret-2-savons\/\" class=\"woocommerce-LoopProduct-link woocommerce-loop-product__link\"><img loading=\"lazy\" decoding=\"async\" width=\"300\" height=\"300\" src=\"https:\/\/dual-ethik.fr\/wp-content\/uploads\/2024\/11\/image00006-300x300.jpeg\" class=\"attachment-woocommerce_thumbnail size-woocommerce_thumbnail\" alt=\"Coffret cadeau 2 savons et accessoire\" srcset=\"https:\/\/dual-ethik.fr\/wp-content\/uploads\/2024\/11\/image00006-300x300.jpeg 300w, https:\/\/dual-ethik.fr\/wp-content\/uploads\/2024\/11\/image00006-100x100.jpeg 100w, https:\/\/dual-ethik.fr\/wp-content\/uploads\/2024\/11\/image00006-150x150.jpeg 150w, https:\/\/dual-ethik.fr\/wp-content\/uploads\/2024\/11\/image00006-600x600.jpeg 600w, https:\/\/dual-ethik.fr\/wp-content\/uploads\/2024\/11\/image00006-668x668.jpeg 668w, https:\/\/dual-ethik.fr\/wp-content\/uploads\/2024\/11\/image00006-334x334.jpeg 334w\" sizes=\"(max-width: 300px) 100vw, 300px\" \/><h2 class=\"woocommerce-loop-product__title\">Coffret 2 savons<\/h2>\n\t<span class=\"price\"><span class=\"woocommerce-Price-amount amount\" aria-hidden=\"true\"><bdi>12,50&nbsp;<span class=\"woocommerce-Price-currencySymbol\">&euro;<\/span><\/bdi><\/span> <span aria-hidden=\"true\">\u00a0\u2013\u00a0<\/span> <span class=\"woocommerce-Price-amount amount\" aria-hidden=\"true\"><bdi>26,00&nbsp;<span class=\"woocommerce-Price-currencySymbol\">&euro;<\/span><\/bdi><\/span><span class=\"screen-reader-text\">Plage de prix\u00a0: 12,50&nbsp;&euro; \u00e0 26,00&nbsp;&euro;<\/span><\/span>\n<\/a><a href=\"https:\/\/dual-ethik.fr\/index.php\/produit\/coffret-2-savons\/\" aria-describedby=\"woocommerce_loop_add_to_cart_link_describedby_609\" data-quantity=\"1\" class=\"button product_type_variable add_to_cart_button\" data-product_id=\"609\" data-product_sku=\"Coffret 2\" aria-label=\"S\u00e9lectionner les options pour &ldquo;Coffret 2 savons&rdquo;\" rel=\"nofollow\">Choix des options<\/a>\t<span id=\"woocommerce_loop_add_to_cart_link_describedby_609\" class=\"screen-reader-text\">\n\t\tCe produit a plusieurs variations. Les options peuvent \u00eatre choisies sur la page du produit\t<\/span>\n<\/li>\n<\/ul>\n<\/div>\t\t\t\t<\/div>\n\t\t\t\t<\/div>\n\t\t\t\t\t<\/div>\n\t\t\t\t<\/div>\n\t\t<div class=\"elementor-element elementor-element-aec094e e-flex e-con-boxed e-con e-parent\" data-id=\"aec094e\" data-element_type=\"container\" data-e-type=\"container\">\n\t\t\t\t\t<div class=\"e-con-inner\">\n\t\t\t\t\t<\/div>\n\t\t\t\t<\/div>\n\t\t\t\t<\/div>\n\t\t","protected":false},"excerpt":{"rendered":"<p>Savonnerie Artisanale Dual&rsquo;Ethik Savons et cosm\u00e9tiques fabriqu\u00e9s en Bretagne. Dans mon atelier \u00e0 Plo\u00ebrmel, je con\u00e7ois, formule et fabrique \u00e0 la main chaque savon et cosm\u00e9tique. Pour la fabrication de mes savons, j\u2019ai choisi la m\u00e9thode de saponification \u00e0 froid. Mes mati\u00e8res premi\u00e8res sont issues de l\u2019agriculture biologique, locales et fran\u00e7aises d\u00e8s que c\u2019est possible. [&hellip;]<\/p>\n","protected":false},"author":1,"featured_media":0,"parent":0,"menu_order":0,"comment_status":"closed","ping_status":"closed","template":"","meta":{"footnotes":""},"class_list":["post-2667","page","type-page","status-publish","hentry"],"yoast_head":"<!-- This site is optimized with the Yoast SEO plugin v27.5 - https:\/\/yoast.com\/product\/yoast-seo-wordpress\/ -->\n<title>essai page de noel - Dual&#039;Ethik<\/title>\n<meta name=\"robots\" content=\"index, follow, max-snippet:-1, max-image-preview:large, max-video-preview:-1\" \/>\n<link rel=\"canonical\" href=\"https:\/\/dual-ethik.fr\/index.php\/essai-page-de-noel\/\" \/>\n<meta property=\"og:locale\" content=\"fr_FR\" \/>\n<meta property=\"og:type\" content=\"article\" \/>\n<meta property=\"og:title\" content=\"essai page de noel - Dual&#039;Ethik\" \/>\n<meta property=\"og:description\" content=\"Savonnerie Artisanale Dual&rsquo;Ethik Savons et cosm\u00e9tiques fabriqu\u00e9s en Bretagne. Dans mon atelier \u00e0 Plo\u00ebrmel, je con\u00e7ois, formule et fabrique \u00e0 la main chaque savon et cosm\u00e9tique. Pour la fabrication de mes savons, j\u2019ai choisi la m\u00e9thode de saponification \u00e0 froid. Mes mati\u00e8res premi\u00e8res sont issues de l\u2019agriculture biologique, locales et fran\u00e7aises d\u00e8s que c\u2019est possible. [&hellip;]\" \/>\n<meta property=\"og:url\" content=\"https:\/\/dual-ethik.fr\/index.php\/essai-page-de-noel\/\" \/>\n<meta property=\"og:site_name\" content=\"Dual&#039;Ethik\" \/>\n<meta property=\"article:modified_time\" content=\"2025-11-09T15:35:16+00:00\" \/>\n<meta property=\"og:image\" content=\"https:\/\/dual-ethik.fr\/wp-content\/uploads\/2025\/10\/banniere-noel.png\" \/>\n<meta name=\"twitter:card\" content=\"summary_large_image\" \/>\n<script type=\"application\/ld+json\" class=\"yoast-schema-graph\">{\"@context\":\"https:\\\/\\\/schema.org\",\"@graph\":[{\"@type\":\"WebPage\",\"@id\":\"https:\\\/\\\/dual-ethik.fr\\\/index.php\\\/essai-page-de-noel\\\/\",\"url\":\"https:\\\/\\\/dual-ethik.fr\\\/index.php\\\/essai-page-de-noel\\\/\",\"name\":\"essai page de noel - Dual&#039;Ethik\",\"isPartOf\":{\"@id\":\"https:\\\/\\\/dual-ethik.fr\\\/#website\"},\"primaryImageOfPage\":{\"@id\":\"https:\\\/\\\/dual-ethik.fr\\\/index.php\\\/essai-page-de-noel\\\/#primaryimage\"},\"image\":{\"@id\":\"https:\\\/\\\/dual-ethik.fr\\\/index.php\\\/essai-page-de-noel\\\/#primaryimage\"},\"thumbnailUrl\":\"https:\\\/\\\/dual-ethik.fr\\\/wp-content\\\/uploads\\\/2025\\\/10\\\/banniere-noel.png\",\"datePublished\":\"2025-11-04T13:25:27+00:00\",\"dateModified\":\"2025-11-09T15:35:16+00:00\",\"breadcrumb\":{\"@id\":\"https:\\\/\\\/dual-ethik.fr\\\/index.php\\\/essai-page-de-noel\\\/#breadcrumb\"},\"inLanguage\":\"fr-FR\",\"potentialAction\":[{\"@type\":\"ReadAction\",\"target\":[\"https:\\\/\\\/dual-ethik.fr\\\/index.php\\\/essai-page-de-noel\\\/\"]}]},{\"@type\":\"ImageObject\",\"inLanguage\":\"fr-FR\",\"@id\":\"https:\\\/\\\/dual-ethik.fr\\\/index.php\\\/essai-page-de-noel\\\/#primaryimage\",\"url\":\"https:\\\/\\\/dual-ethik.fr\\\/wp-content\\\/uploads\\\/2025\\\/10\\\/banniere-noel.png\",\"contentUrl\":\"https:\\\/\\\/dual-ethik.fr\\\/wp-content\\\/uploads\\\/2025\\\/10\\\/banniere-noel.png\",\"width\":1300,\"height\":542,\"caption\":\"Banni\u00e8re Le noel de dual'ethik, Il y a un bonnet de No\u00ebl sur le D de Dual'Ethik et un petit lutin qui se cache un peu derri\u00e8re une photo d'un coffret\"},{\"@type\":\"BreadcrumbList\",\"@id\":\"https:\\\/\\\/dual-ethik.fr\\\/index.php\\\/essai-page-de-noel\\\/#breadcrumb\",\"itemListElement\":[{\"@type\":\"ListItem\",\"position\":1,\"name\":\"Accueil\",\"item\":\"https:\\\/\\\/dual-ethik.fr\\\/\"},{\"@type\":\"ListItem\",\"position\":2,\"name\":\"essai page de noel\"}]},{\"@type\":\"WebSite\",\"@id\":\"https:\\\/\\\/dual-ethik.fr\\\/#website\",\"url\":\"https:\\\/\\\/dual-ethik.fr\\\/\",\"name\":\"Dual'Ethik\",\"description\":\"\",\"publisher\":{\"@id\":\"https:\\\/\\\/dual-ethik.fr\\\/#organization\"},\"potentialAction\":[{\"@type\":\"SearchAction\",\"target\":{\"@type\":\"EntryPoint\",\"urlTemplate\":\"https:\\\/\\\/dual-ethik.fr\\\/?s={search_term_string}\"},\"query-input\":{\"@type\":\"PropertyValueSpecification\",\"valueRequired\":true,\"valueName\":\"search_term_string\"}}],\"inLanguage\":\"fr-FR\"},{\"@type\":\"Organization\",\"@id\":\"https:\\\/\\\/dual-ethik.fr\\\/#organization\",\"name\":\"Dual'Ethik\",\"url\":\"https:\\\/\\\/dual-ethik.fr\\\/\",\"logo\":{\"@type\":\"ImageObject\",\"inLanguage\":\"fr-FR\",\"@id\":\"https:\\\/\\\/dual-ethik.fr\\\/#\\\/schema\\\/logo\\\/image\\\/\",\"url\":\"https:\\\/\\\/dual-ethik.fr\\\/wp-content\\\/uploads\\\/2025\\\/02\\\/logo-dual-ethik.png\",\"contentUrl\":\"https:\\\/\\\/dual-ethik.fr\\\/wp-content\\\/uploads\\\/2025\\\/02\\\/logo-dual-ethik.png\",\"width\":100,\"height\":80,\"caption\":\"Dual'Ethik\"},\"image\":{\"@id\":\"https:\\\/\\\/dual-ethik.fr\\\/#\\\/schema\\\/logo\\\/image\\\/\"}}]}<\/script>\n<!-- \/ Yoast SEO plugin. -->","yoast_head_json":{"title":"essai page de noel - Dual&#039;Ethik","robots":{"index":"index","follow":"follow","max-snippet":"max-snippet:-1","max-image-preview":"max-image-preview:large","max-video-preview":"max-video-preview:-1"},"canonical":"https:\/\/dual-ethik.fr\/index.php\/essai-page-de-noel\/","og_locale":"fr_FR","og_type":"article","og_title":"essai page de noel - Dual&#039;Ethik","og_description":"Savonnerie Artisanale Dual&rsquo;Ethik Savons et cosm\u00e9tiques fabriqu\u00e9s en Bretagne. Dans mon atelier \u00e0 Plo\u00ebrmel, je con\u00e7ois, formule et fabrique \u00e0 la main chaque savon et cosm\u00e9tique. Pour la fabrication de mes savons, j\u2019ai choisi la m\u00e9thode de saponification \u00e0 froid. Mes mati\u00e8res premi\u00e8res sont issues de l\u2019agriculture biologique, locales et fran\u00e7aises d\u00e8s que c\u2019est possible. [&hellip;]","og_url":"https:\/\/dual-ethik.fr\/index.php\/essai-page-de-noel\/","og_site_name":"Dual&#039;Ethik","article_modified_time":"2025-11-09T15:35:16+00:00","og_image":[{"url":"https:\/\/dual-ethik.fr\/wp-content\/uploads\/2025\/10\/banniere-noel.png","type":"","width":"","height":""}],"twitter_card":"summary_large_image","schema":{"@context":"https:\/\/schema.org","@graph":[{"@type":"WebPage","@id":"https:\/\/dual-ethik.fr\/index.php\/essai-page-de-noel\/","url":"https:\/\/dual-ethik.fr\/index.php\/essai-page-de-noel\/","name":"essai page de noel - Dual&#039;Ethik","isPartOf":{"@id":"https:\/\/dual-ethik.fr\/#website"},"primaryImageOfPage":{"@id":"https:\/\/dual-ethik.fr\/index.php\/essai-page-de-noel\/#primaryimage"},"image":{"@id":"https:\/\/dual-ethik.fr\/index.php\/essai-page-de-noel\/#primaryimage"},"thumbnailUrl":"https:\/\/dual-ethik.fr\/wp-content\/uploads\/2025\/10\/banniere-noel.png","datePublished":"2025-11-04T13:25:27+00:00","dateModified":"2025-11-09T15:35:16+00:00","breadcrumb":{"@id":"https:\/\/dual-ethik.fr\/index.php\/essai-page-de-noel\/#breadcrumb"},"inLanguage":"fr-FR","potentialAction":[{"@type":"ReadAction","target":["https:\/\/dual-ethik.fr\/index.php\/essai-page-de-noel\/"]}]},{"@type":"ImageObject","inLanguage":"fr-FR","@id":"https:\/\/dual-ethik.fr\/index.php\/essai-page-de-noel\/#primaryimage","url":"https:\/\/dual-ethik.fr\/wp-content\/uploads\/2025\/10\/banniere-noel.png","contentUrl":"https:\/\/dual-ethik.fr\/wp-content\/uploads\/2025\/10\/banniere-noel.png","width":1300,"height":542,"caption":"Banni\u00e8re Le noel de dual'ethik, Il y a un bonnet de No\u00ebl sur le D de Dual'Ethik et un petit lutin qui se cache un peu derri\u00e8re une photo d'un coffret"},{"@type":"BreadcrumbList","@id":"https:\/\/dual-ethik.fr\/index.php\/essai-page-de-noel\/#breadcrumb","itemListElement":[{"@type":"ListItem","position":1,"name":"Accueil","item":"https:\/\/dual-ethik.fr\/"},{"@type":"ListItem","position":2,"name":"essai page de noel"}]},{"@type":"WebSite","@id":"https:\/\/dual-ethik.fr\/#website","url":"https:\/\/dual-ethik.fr\/","name":"Dual'Ethik","description":"","publisher":{"@id":"https:\/\/dual-ethik.fr\/#organization"},"potentialAction":[{"@type":"SearchAction","target":{"@type":"EntryPoint","urlTemplate":"https:\/\/dual-ethik.fr\/?s={search_term_string}"},"query-input":{"@type":"PropertyValueSpecification","valueRequired":true,"valueName":"search_term_string"}}],"inLanguage":"fr-FR"},{"@type":"Organization","@id":"https:\/\/dual-ethik.fr\/#organization","name":"Dual'Ethik","url":"https:\/\/dual-ethik.fr\/","logo":{"@type":"ImageObject","inLanguage":"fr-FR","@id":"https:\/\/dual-ethik.fr\/#\/schema\/logo\/image\/","url":"https:\/\/dual-ethik.fr\/wp-content\/uploads\/2025\/02\/logo-dual-ethik.png","contentUrl":"https:\/\/dual-ethik.fr\/wp-content\/uploads\/2025\/02\/logo-dual-ethik.png","width":100,"height":80,"caption":"Dual'Ethik"},"image":{"@id":"https:\/\/dual-ethik.fr\/#\/schema\/logo\/image\/"}}]}},"_links":{"self":[{"href":"https:\/\/dual-ethik.fr\/index.php\/wp-json\/wp\/v2\/pages\/2667","targetHints":{"allow":["GET"]}}],"collection":[{"href":"https:\/\/dual-ethik.fr\/index.php\/wp-json\/wp\/v2\/pages"}],"about":[{"href":"https:\/\/dual-ethik.fr\/index.php\/wp-json\/wp\/v2\/types\/page"}],"author":[{"embeddable":true,"href":"https:\/\/dual-ethik.fr\/index.php\/wp-json\/wp\/v2\/users\/1"}],"replies":[{"embeddable":true,"href":"https:\/\/dual-ethik.fr\/index.php\/wp-json\/wp\/v2\/comments?post=2667"}],"version-history":[{"count":47,"href":"https:\/\/dual-ethik.fr\/index.php\/wp-json\/wp\/v2\/pages\/2667\/revisions"}],"predecessor-version":[{"id":2787,"href":"https:\/\/dual-ethik.fr\/index.php\/wp-json\/wp\/v2\/pages\/2667\/revisions\/2787"}],"wp:attachment":[{"href":"https:\/\/dual-ethik.fr\/index.php\/wp-json\/wp\/v2\/media?parent=2667"}],"curies":[{"name":"wp","href":"https:\/\/api.w.org\/{rel}","templated":true}]}}