{"id":2332,"date":"2025-05-27T11:51:55","date_gmt":"2025-05-27T09:51:55","guid":{"rendered":"https:\/\/dual-ethik.fr\/?page_id=2332"},"modified":"2026-03-27T14:45:19","modified_gmt":"2026-03-27T13:45:19","slug":"cartes-cadeaux","status":"publish","type":"page","link":"https:\/\/dual-ethik.fr\/index.php\/cartes-cadeaux\/","title":{"rendered":"Cartes Cadeaux"},"content":{"rendered":"\t\t<div data-elementor-type=\"wp-page\" data-elementor-id=\"2332\" class=\"elementor elementor-2332\" data-elementor-post-type=\"page\">\n\t\t\t\t<div class=\"elementor-element elementor-element-688f83d e-flex e-con-boxed e-con e-parent\" data-id=\"688f83d\" data-element_type=\"container\" data-e-type=\"container\">\n\t\t\t\t\t<div class=\"e-con-inner\">\n\t\t\t\t<div class=\"elementor-element elementor-element-52d6323 elementor-widget elementor-widget-heading\" data-id=\"52d6323\" data-element_type=\"widget\" data-e-type=\"widget\" data-widget_type=\"heading.default\">\n\t\t\t\t<div class=\"elementor-widget-container\">\n\t\t\t\t\t<h2 class=\"elementor-heading-title elementor-size-default\">Carte Cadeau, offrez la libert\u00e9 de choisir !<\/h2>\t\t\t\t<\/div>\n\t\t\t\t<\/div>\n\t\t\t\t\t<\/div>\n\t\t\t\t<\/div>\n\t\t<div class=\"elementor-element elementor-element-df4be5c e-flex e-con-boxed e-con e-parent\" data-id=\"df4be5c\" data-element_type=\"container\" data-e-type=\"container\">\n\t\t\t\t\t<div class=\"e-con-inner\">\n\t\t\t\t<div class=\"elementor-element elementor-element-dc5e4cd elementor-widget elementor-widget-text-editor\" data-id=\"dc5e4cd\" data-element_type=\"widget\" data-e-type=\"widget\" data-widget_type=\"text-editor.default\">\n\t\t\t\t<div class=\"elementor-widget-container\">\n\t\t\t\t\t\t\t\t\t<p>Elles sont utilisables sur la boutique en ligne. Elles ont une validit\u00e9 d&rsquo;un an.<\/p>\t\t\t\t\t\t\t\t<\/div>\n\t\t\t\t<\/div>\n\t\t\t\t<div class=\"elementor-element elementor-element-ff0560c elementor-grid-3 elementor-product-loop-item--align-center elementor-grid-tablet-3 elementor-grid-mobile-2 elementor-products-grid elementor-wc-products elementor-widget elementor-widget-woocommerce-products\" data-id=\"ff0560c\" data-element_type=\"widget\" data-e-type=\"widget\" data-widget_type=\"woocommerce-products.default\">\n\t\t\t\t<div class=\"elementor-widget-container\">\n\t\t\t\t\t<div class=\"woocommerce columns-3 \"><ul class=\"products elementor-grid columns-3\">\n<li class=\"product type-product post-2821 status-publish first instock product_cat-wps_wgm_giftcard has-post-thumbnail shipping-taxable purchasable product-type-wgm_gift_card\">\n\t<a href=\"https:\/\/dual-ethik.fr\/index.php\/produit\/carte-cadeau-joyeuses-fetes\/\" class=\"woocommerce-LoopProduct-link woocommerce-loop-product__link\"><img fetchpriority=\"high\" decoding=\"async\" width=\"300\" height=\"300\" src=\"https:\/\/dual-ethik.fr\/wp-content\/uploads\/2025\/11\/carte-noel-dual-ethik-300x300.jpeg\" class=\"attachment-woocommerce_thumbnail size-woocommerce_thumbnail\" alt=\"Une carte Joyeux no\u00ebl que l&#039;on vient de sortir de son enveloppe\" srcset=\"https:\/\/dual-ethik.fr\/wp-content\/uploads\/2025\/11\/carte-noel-dual-ethik-300x300.jpeg 300w, https:\/\/dual-ethik.fr\/wp-content\/uploads\/2025\/11\/carte-noel-dual-ethik-150x150.jpeg 150w, https:\/\/dual-ethik.fr\/wp-content\/uploads\/2025\/11\/carte-noel-dual-ethik-100x100.jpeg 100w\" sizes=\"(max-width: 300px) 100vw, 300px\" \/><h2 class=\"woocommerce-loop-product__title\">Carte cadeau \u00ab\u00a0Joyeuses f\u00eates\u00a0\u00bb<\/h2>\n<\/a><a rel=\"nofollow\" href=\"https:\/\/dual-ethik.fr\/index.php\/produit\/carte-cadeau-joyeuses-fetes\/\" class=\"button wps_gc_button\">VOIR LA CARTE<\/a>\t<span id=\"woocommerce_loop_add_to_cart_link_describedby_2821\" class=\"screen-reader-text\">\n\t\t\t<\/span>\n<\/li>\n<li class=\"product type-product post-2815 status-publish instock product_cat-wps_wgm_giftcard has-post-thumbnail shipping-taxable purchasable product-type-wgm_gift_card\">\n\t<a href=\"https:\/\/dual-ethik.fr\/index.php\/produit\/carte-cadeau-joyeux-noel\/\" class=\"woocommerce-LoopProduct-link woocommerce-loop-product__link\"><img decoding=\"async\" width=\"300\" height=\"300\" src=\"https:\/\/dual-ethik.fr\/wp-content\/uploads\/2025\/11\/carte-noel-sapin-300x300.jpeg\" class=\"attachment-woocommerce_thumbnail size-woocommerce_thumbnail\" alt=\"Carte cadeau joyeux Noel dans le sapin\" srcset=\"https:\/\/dual-ethik.fr\/wp-content\/uploads\/2025\/11\/carte-noel-sapin-300x300.jpeg 300w, https:\/\/dual-ethik.fr\/wp-content\/uploads\/2025\/11\/carte-noel-sapin-150x150.jpeg 150w, https:\/\/dual-ethik.fr\/wp-content\/uploads\/2025\/11\/carte-noel-sapin-100x100.jpeg 100w\" sizes=\"(max-width: 300px) 100vw, 300px\" \/><h2 class=\"woocommerce-loop-product__title\">Carte cadeau \u00ab\u00a0Joyeux No\u00ebl\u00a0\u00bb<\/h2>\n<\/a><a rel=\"nofollow\" href=\"https:\/\/dual-ethik.fr\/index.php\/produit\/carte-cadeau-joyeux-noel\/\" class=\"button wps_gc_button\">VOIR LA CARTE<\/a>\t<span id=\"woocommerce_loop_add_to_cart_link_describedby_2815\" class=\"screen-reader-text\">\n\t\t\t<\/span>\n<\/li>\n<li class=\"product type-product post-2323 status-publish last instock product_cat-wps_wgm_giftcard has-post-thumbnail shipping-taxable purchasable product-type-wgm_gift_card\">\n\t<a href=\"https:\/\/dual-ethik.fr\/index.php\/produit\/carte-cadeau-savons-et-cosmetiques-artisanaux\/\" class=\"woocommerce-LoopProduct-link woocommerce-loop-product__link\"><img decoding=\"async\" width=\"300\" height=\"300\" src=\"https:\/\/dual-ethik.fr\/wp-content\/uploads\/2025\/05\/carte-cadeau-300x300.png\" class=\"attachment-woocommerce_thumbnail size-woocommerce_thumbnail\" alt=\"Carte cadeau\" srcset=\"https:\/\/dual-ethik.fr\/wp-content\/uploads\/2025\/05\/carte-cadeau-300x300.png 300w, https:\/\/dual-ethik.fr\/wp-content\/uploads\/2025\/05\/carte-cadeau-150x150.png 150w, https:\/\/dual-ethik.fr\/wp-content\/uploads\/2025\/05\/carte-cadeau-100x100.png 100w\" sizes=\"(max-width: 300px) 100vw, 300px\" \/><h2 class=\"woocommerce-loop-product__title\">Carte-Cadeau<\/h2>\n<\/a><a rel=\"nofollow\" href=\"https:\/\/dual-ethik.fr\/index.php\/produit\/carte-cadeau-savons-et-cosmetiques-artisanaux\/\" class=\"button wps_gc_button\">VOIR LA CARTE<\/a>\t<span id=\"woocommerce_loop_add_to_cart_link_describedby_2323\" class=\"screen-reader-text\">\n\t\t\t<\/span>\n<\/li>\n<\/ul>\n<\/div>\t\t\t\t<\/div>\n\t\t\t\t<\/div>\n\t\t\t\t\t<\/div>\n\t\t\t\t<\/div>\n\t\t\t\t<\/div>\n\t\t","protected":false},"excerpt":{"rendered":"<p>Carte Cadeau, offrez la libert\u00e9 de choisir ! Elles sont utilisables sur la boutique en ligne. Elles ont une validit\u00e9 d&rsquo;un an.<\/p>\n","protected":false},"author":1,"featured_media":0,"parent":0,"menu_order":0,"comment_status":"closed","ping_status":"closed","template":"","meta":{"footnotes":""},"class_list":["post-2332","page","type-page","status-publish","hentry"],"yoast_head":"<!-- This site is optimized with the Yoast SEO plugin v27.5 - https:\/\/yoast.com\/product\/yoast-seo-wordpress\/ -->\n<title>Cartes cadeaux<\/title>\n<meta name=\"description\" content=\"Choisissez votre carte cadeau pour chaque occasion. Elles permettent \u00e0 vos proches de d\u00e9couvrir mes savons et cosm\u00e9tiques artisanaux\" \/>\n<meta name=\"robots\" content=\"index, follow, max-snippet:-1, max-image-preview:large, max-video-preview:-1\" \/>\n<link rel=\"canonical\" href=\"https:\/\/dual-ethik.fr\/index.php\/cartes-cadeaux\/\" \/>\n<meta property=\"og:locale\" content=\"fr_FR\" \/>\n<meta property=\"og:type\" content=\"article\" \/>\n<meta property=\"og:title\" content=\"Cartes cadeaux\" \/>\n<meta property=\"og:description\" content=\"Choisissez votre carte cadeau pour chaque occasion. Elles permettent \u00e0 vos proches de d\u00e9couvrir mes savons et cosm\u00e9tiques artisanaux\" \/>\n<meta property=\"og:url\" content=\"https:\/\/dual-ethik.fr\/index.php\/cartes-cadeaux\/\" \/>\n<meta property=\"og:site_name\" content=\"Dual&#039;Ethik\" \/>\n<meta property=\"article:modified_time\" content=\"2026-03-27T13:45:19+00:00\" \/>\n<meta name=\"twitter:card\" content=\"summary_large_image\" \/>\n<script type=\"application\/ld+json\" class=\"yoast-schema-graph\">{\"@context\":\"https:\\\/\\\/schema.org\",\"@graph\":[{\"@type\":\"WebPage\",\"@id\":\"https:\\\/\\\/dual-ethik.fr\\\/index.php\\\/cartes-cadeaux\\\/\",\"url\":\"https:\\\/\\\/dual-ethik.fr\\\/index.php\\\/cartes-cadeaux\\\/\",\"name\":\"Cartes cadeaux\",\"isPartOf\":{\"@id\":\"https:\\\/\\\/dual-ethik.fr\\\/#website\"},\"datePublished\":\"2025-05-27T09:51:55+00:00\",\"dateModified\":\"2026-03-27T13:45:19+00:00\",\"description\":\"Choisissez votre carte cadeau pour chaque occasion. Elles permettent \u00e0 vos proches de d\u00e9couvrir mes savons et cosm\u00e9tiques artisanaux\",\"breadcrumb\":{\"@id\":\"https:\\\/\\\/dual-ethik.fr\\\/index.php\\\/cartes-cadeaux\\\/#breadcrumb\"},\"inLanguage\":\"fr-FR\",\"potentialAction\":[{\"@type\":\"ReadAction\",\"target\":[\"https:\\\/\\\/dual-ethik.fr\\\/index.php\\\/cartes-cadeaux\\\/\"]}]},{\"@type\":\"BreadcrumbList\",\"@id\":\"https:\\\/\\\/dual-ethik.fr\\\/index.php\\\/cartes-cadeaux\\\/#breadcrumb\",\"itemListElement\":[{\"@type\":\"ListItem\",\"position\":1,\"name\":\"Accueil\",\"item\":\"https:\\\/\\\/dual-ethik.fr\\\/\"},{\"@type\":\"ListItem\",\"position\":2,\"name\":\"Cartes Cadeaux\"}]},{\"@type\":\"WebSite\",\"@id\":\"https:\\\/\\\/dual-ethik.fr\\\/#website\",\"url\":\"https:\\\/\\\/dual-ethik.fr\\\/\",\"name\":\"Dual'Ethik\",\"description\":\"\",\"publisher\":{\"@id\":\"https:\\\/\\\/dual-ethik.fr\\\/#organization\"},\"potentialAction\":[{\"@type\":\"SearchAction\",\"target\":{\"@type\":\"EntryPoint\",\"urlTemplate\":\"https:\\\/\\\/dual-ethik.fr\\\/?s={search_term_string}\"},\"query-input\":{\"@type\":\"PropertyValueSpecification\",\"valueRequired\":true,\"valueName\":\"search_term_string\"}}],\"inLanguage\":\"fr-FR\"},{\"@type\":\"Organization\",\"@id\":\"https:\\\/\\\/dual-ethik.fr\\\/#organization\",\"name\":\"Dual'Ethik\",\"url\":\"https:\\\/\\\/dual-ethik.fr\\\/\",\"logo\":{\"@type\":\"ImageObject\",\"inLanguage\":\"fr-FR\",\"@id\":\"https:\\\/\\\/dual-ethik.fr\\\/#\\\/schema\\\/logo\\\/image\\\/\",\"url\":\"https:\\\/\\\/dual-ethik.fr\\\/wp-content\\\/uploads\\\/2025\\\/02\\\/logo-dual-ethik.png\",\"contentUrl\":\"https:\\\/\\\/dual-ethik.fr\\\/wp-content\\\/uploads\\\/2025\\\/02\\\/logo-dual-ethik.png\",\"width\":100,\"height\":80,\"caption\":\"Dual'Ethik\"},\"image\":{\"@id\":\"https:\\\/\\\/dual-ethik.fr\\\/#\\\/schema\\\/logo\\\/image\\\/\"}}]}<\/script>\n<!-- \/ Yoast SEO plugin. -->","yoast_head_json":{"title":"Cartes cadeaux","description":"Choisissez votre carte cadeau pour chaque occasion. Elles permettent \u00e0 vos proches de d\u00e9couvrir mes savons et cosm\u00e9tiques artisanaux","robots":{"index":"index","follow":"follow","max-snippet":"max-snippet:-1","max-image-preview":"max-image-preview:large","max-video-preview":"max-video-preview:-1"},"canonical":"https:\/\/dual-ethik.fr\/index.php\/cartes-cadeaux\/","og_locale":"fr_FR","og_type":"article","og_title":"Cartes cadeaux","og_description":"Choisissez votre carte cadeau pour chaque occasion. Elles permettent \u00e0 vos proches de d\u00e9couvrir mes savons et cosm\u00e9tiques artisanaux","og_url":"https:\/\/dual-ethik.fr\/index.php\/cartes-cadeaux\/","og_site_name":"Dual&#039;Ethik","article_modified_time":"2026-03-27T13:45:19+00:00","twitter_card":"summary_large_image","schema":{"@context":"https:\/\/schema.org","@graph":[{"@type":"WebPage","@id":"https:\/\/dual-ethik.fr\/index.php\/cartes-cadeaux\/","url":"https:\/\/dual-ethik.fr\/index.php\/cartes-cadeaux\/","name":"Cartes cadeaux","isPartOf":{"@id":"https:\/\/dual-ethik.fr\/#website"},"datePublished":"2025-05-27T09:51:55+00:00","dateModified":"2026-03-27T13:45:19+00:00","description":"Choisissez votre carte cadeau pour chaque occasion. Elles permettent \u00e0 vos proches de d\u00e9couvrir mes savons et cosm\u00e9tiques artisanaux","breadcrumb":{"@id":"https:\/\/dual-ethik.fr\/index.php\/cartes-cadeaux\/#breadcrumb"},"inLanguage":"fr-FR","potentialAction":[{"@type":"ReadAction","target":["https:\/\/dual-ethik.fr\/index.php\/cartes-cadeaux\/"]}]},{"@type":"BreadcrumbList","@id":"https:\/\/dual-ethik.fr\/index.php\/cartes-cadeaux\/#breadcrumb","itemListElement":[{"@type":"ListItem","position":1,"name":"Accueil","item":"https:\/\/dual-ethik.fr\/"},{"@type":"ListItem","position":2,"name":"Cartes Cadeaux"}]},{"@type":"WebSite","@id":"https:\/\/dual-ethik.fr\/#website","url":"https:\/\/dual-ethik.fr\/","name":"Dual'Ethik","description":"","publisher":{"@id":"https:\/\/dual-ethik.fr\/#organization"},"potentialAction":[{"@type":"SearchAction","target":{"@type":"EntryPoint","urlTemplate":"https:\/\/dual-ethik.fr\/?s={search_term_string}"},"query-input":{"@type":"PropertyValueSpecification","valueRequired":true,"valueName":"search_term_string"}}],"inLanguage":"fr-FR"},{"@type":"Organization","@id":"https:\/\/dual-ethik.fr\/#organization","name":"Dual'Ethik","url":"https:\/\/dual-ethik.fr\/","logo":{"@type":"ImageObject","inLanguage":"fr-FR","@id":"https:\/\/dual-ethik.fr\/#\/schema\/logo\/image\/","url":"https:\/\/dual-ethik.fr\/wp-content\/uploads\/2025\/02\/logo-dual-ethik.png","contentUrl":"https:\/\/dual-ethik.fr\/wp-content\/uploads\/2025\/02\/logo-dual-ethik.png","width":100,"height":80,"caption":"Dual'Ethik"},"image":{"@id":"https:\/\/dual-ethik.fr\/#\/schema\/logo\/image\/"}}]}},"_links":{"self":[{"href":"https:\/\/dual-ethik.fr\/index.php\/wp-json\/wp\/v2\/pages\/2332","targetHints":{"allow":["GET"]}}],"collection":[{"href":"https:\/\/dual-ethik.fr\/index.php\/wp-json\/wp\/v2\/pages"}],"about":[{"href":"https:\/\/dual-ethik.fr\/index.php\/wp-json\/wp\/v2\/types\/page"}],"author":[{"embeddable":true,"href":"https:\/\/dual-ethik.fr\/index.php\/wp-json\/wp\/v2\/users\/1"}],"replies":[{"embeddable":true,"href":"https:\/\/dual-ethik.fr\/index.php\/wp-json\/wp\/v2\/comments?post=2332"}],"version-history":[{"count":14,"href":"https:\/\/dual-ethik.fr\/index.php\/wp-json\/wp\/v2\/pages\/2332\/revisions"}],"predecessor-version":[{"id":3133,"href":"https:\/\/dual-ethik.fr\/index.php\/wp-json\/wp\/v2\/pages\/2332\/revisions\/3133"}],"wp:attachment":[{"href":"https:\/\/dual-ethik.fr\/index.php\/wp-json\/wp\/v2\/media?parent=2332"}],"curies":[{"name":"wp","href":"https:\/\/api.w.org\/{rel}","templated":true}]}}