{"id":10,"date":"2022-04-27T21:56:07","date_gmt":"2022-04-27T19:56:07","guid":{"rendered":"https:\/\/dual-ethik.fr\/?page_id=10"},"modified":"2025-05-15T18:28:04","modified_gmt":"2025-05-15T16:28:04","slug":"contact","status":"publish","type":"page","link":"https:\/\/dual-ethik.fr\/index.php\/contact\/","title":{"rendered":"Contact"},"content":{"rendered":"\t\t<div data-elementor-type=\"wp-page\" data-elementor-id=\"10\" class=\"elementor elementor-10\" data-elementor-post-type=\"page\">\n\t\t\t\t<div class=\"elementor-element elementor-element-208e6d6b e-flex e-con-boxed e-con e-parent\" data-id=\"208e6d6b\" data-element_type=\"container\" data-e-type=\"container\">\n\t\t\t\t\t<div class=\"e-con-inner\">\n\t\t\t\t<div class=\"elementor-element elementor-element-6571b53c elementor-widget elementor-widget-text-editor\" data-id=\"6571b53c\" data-element_type=\"widget\" data-e-type=\"widget\" data-widget_type=\"text-editor.default\">\n\t\t\t\t<div class=\"elementor-widget-container\">\n\t\t\t\t\t\t\t\t\t\n<p>Vous pouvez remplir le formulaire ci-dessous et je reviendrai vers vous rapidement par email pour y r\u00e9pondre.<\/p>\n\n<figure class=\"wp-block-table\">\n<table class=\"has-border-color has-ast-global-color-0-border-color has-fixed-layout\" style=\"border-width: 1px;\">\n<tbody>\n<tr>\n<td><noscript class=\"ninja-forms-noscript-message\">\n\tRemarque\u00a0: JavaScript est requis pour ce contenu.<\/noscript>\n<div id=\"nf-form-2-cont\" class=\"nf-form-cont\" aria-live=\"polite\" aria-labelledby=\"nf-form-title-2\" aria-describedby=\"nf-form-errors-2\" role=\"form\">\n\n    <div class=\"nf-loading-spinner\"><\/div>\n\n<\/div>\n        <!-- That data is being printed as a workaround to page builders reordering the order of the scripts loaded-->\n        <script>var formDisplay=1;var nfForms=nfForms||[];var form=[];form.id='2';form.settings={\"objectType\":\"Form Setting\",\"editActive\":true,\"title\":\"Contact\",\"show_title\":0,\"allow_public_link\":0,\"embed_form\":\"\",\"clear_complete\":1,\"hide_complete\":1,\"default_label_pos\":\"above\",\"wrapper_class\":\"\",\"element_class\":\"\",\"form_title_heading_level\":\"3\",\"key\":\"\",\"add_submit\":0,\"changeEmailErrorMsg\":\"Veuillez saisir une adresse de messagerie valide. Ex\\u00a0: jean.dupont@gmail.com\",\"changeDateErrorMsg\":\"Veuillez saisir une date valide\\u00a0!\",\"confirmFieldErrorMsg\":\"Ces champs doivent correspondre\\u00a0!\",\"fieldNumberNumMinError\":\"Erreur de nombre min.\",\"fieldNumberNumMaxError\":\"Erreur de nombre max.\",\"fieldNumberIncrementBy\":\"Veuillez incr\\u00e9menter par \",\"formErrorsCorrectErrors\":\"Veuillez corriger les erreurs avant d\\u2019envoyer ce formulaire.\",\"validateRequiredField\":\"Ce champ est obligatoire.\",\"honeypotHoneypotError\":\"Erreur Honeypot\",\"fieldsMarkedRequired\":\"Les champs marqu\\u00e9s d\\u2019un <span class=\\\"ninja-forms-req-symbol\\\">*<\\\/span> sont obligatoires\",\"currency\":\"\",\"unique_field_error\":\"Un formulaire avec cette valeur a d\\u00e9j\\u00e0 \\u00e9t\\u00e9 envoy\\u00e9.\",\"logged_in\":false,\"not_logged_in_msg\":\"\",\"sub_limit_msg\":\"Le formulaire a atteint sa limite d\\u2019entr\\u00e9es.\",\"calculations\":[],\"formContentData\":[\"firstname_1741029378489\",\"lastname_1741029389789\",\"email_1741033543879\",\"quel_savon_1743424986490\",\"votre_message_1741033629472\",\"envoyer_ma_demande_1741033928405\"],\"objectDomain\":\"display\",\"drawerDisabled\":false,\"ninjaForms\":\"Ninja Forms\",\"fieldTextareaRTEInsertLink\":\"Ins\\u00e9rer un lien\",\"fieldTextareaRTEInsertMedia\":\"Ins\\u00e9rer un m\\u00e9dia\",\"fieldTextareaRTESelectAFile\":\"S\\u00e9lectionnez un fichier\",\"tableInsertRowAbove\":\"Insert Row Above\",\"tableInsertRowBelow\":\"Insert Row Below\",\"tableInsertColumnLeft\":\"Insert Column Left\",\"tableInsertColumnRight\":\"Insert Column Right\",\"tableDeleteRow\":\"Delete Row\",\"tableDeleteColumn\":\"Delete Column\",\"tableDeleteTable\":\"Delete Table\",\"tableLegacyNotice\":\"This content has tables in the old editor format. Custom styles are preserved until converted. Editing will update to the new format.\",\"tableLegacyConvert\":\"Convert Now\",\"tableInsertTable\":\"Insert Table\",\"dismiss\":\"Ignorer\",\"insertLink\":\"Ins\\u00e9rer un lien\",\"formHoneypot\":\"Si vous \\u00eates un \\u00eatre humain et que vous voyez ce champ, veuillez le laisser vide.\",\"fileUploadOldCodeFileUploadInProgress\":\"T\\u00e9l\\u00e9versement du fichier en cours.\",\"fileUploadOldCodeFileUpload\":\"T\\u00c9L\\u00c9VERSEMENT DE FICHIER\",\"currencySymbol\":\"&#36;\",\"thousands_sep\":\"\\u00a0\",\"decimal_point\":\",\",\"siteLocale\":\"fr_FR\",\"dateFormat\":\"m\\\/d\\\/Y\",\"startOfWeek\":\"1\",\"of\":\"sur\",\"previousMonth\":\"Mois pr\\u00e9c\\u00e9dent\",\"nextMonth\":\"Mois suivant\",\"months\":[\"Janvier\",\"F\\u00e9vrier\",\"Mars\",\"Avril\",\"Mai\",\"Juin\",\"Juillet\",\"Ao\\u00fbt\",\"Septembre\",\"Octobre\",\"Novembre\",\"D\\u00e9cembre\"],\"monthsShort\":[\"Jan\",\"F\\u00e9v\",\"Mar\",\"Avr\",\"Mai\",\"Juin\",\"Juil\",\"Ao\\u00fb\",\"Sep\",\"Oct\",\"Nov\",\"D\\u00e9c\"],\"weekdays\":[\"Dimanche\",\"Lundi\",\"Mardi\",\"Mercredi\",\"Jeudi\",\"Vendredi\",\"Samedi\"],\"weekdaysShort\":[\"Dim\",\"Lun\",\"Mar\",\"Mer\",\"Jeu\",\"Ven\",\"Sam\"],\"weekdaysMin\":[\"Di\",\"Lu\",\"Ma\",\"Me\",\"Je\",\"Ve\",\"Sa\"],\"recaptchaConsentMissing\":\"reCaptcha validation couldn&#039;t load.\",\"recaptchaMissingCookie\":\"reCaptcha v3 validation couldn&#039;t load the cookie needed to submit the form.\",\"recaptchaConsentEvent\":\"Accept reCaptcha cookies before sending the form.\",\"currency_symbol\":\"\",\"beforeForm\":\"\",\"beforeFields\":\"\",\"afterFields\":\"\",\"afterForm\":\"\"};form.fields=[{\"objectType\":\"Field\",\"objectDomain\":\"fields\",\"editActive\":false,\"order\":1,\"idAttribute\":\"id\",\"label\":\"Pr\\u00e9nom\",\"type\":\"firstname\",\"key\":\"firstname_1741029378489\",\"label_pos\":\"above\",\"required\":1,\"default\":\"\",\"placeholder\":\"\",\"container_class\":\"\",\"element_class\":\"\",\"admin_label\":\"\",\"help_text\":\"\",\"custom_name_attribute\":\"fname\",\"personally_identifiable\":1,\"value\":\"\",\"id\":5,\"beforeField\":\"\",\"afterField\":\"\",\"parentType\":\"firstname\",\"element_templates\":[\"firstname\",\"input\"],\"old_classname\":\"\",\"wrap_template\":\"wrap\"},{\"objectType\":\"Field\",\"objectDomain\":\"fields\",\"editActive\":false,\"order\":2,\"idAttribute\":\"id\",\"label\":\"Nom\",\"type\":\"lastname\",\"key\":\"lastname_1741029389789\",\"label_pos\":\"above\",\"required\":1,\"default\":\"\",\"placeholder\":\"\",\"container_class\":\"\",\"element_class\":\"\",\"admin_label\":\"\",\"help_text\":\"\",\"custom_name_attribute\":\"lname\",\"personally_identifiable\":1,\"value\":\"\",\"drawerDisabled\":false,\"id\":6,\"beforeField\":\"\",\"afterField\":\"\",\"parentType\":\"lastname\",\"element_templates\":[\"lastname\",\"input\"],\"old_classname\":\"\",\"wrap_template\":\"wrap\"},{\"objectType\":\"Field\",\"objectDomain\":\"fields\",\"editActive\":false,\"order\":3,\"idAttribute\":\"id\",\"type\":\"email\",\"label\":\"E-mail\",\"key\":\"email_1741033543879\",\"label_pos\":\"above\",\"required\":1,\"default\":\"\",\"placeholder\":\"\",\"container_class\":\"\",\"element_class\":\"\",\"admin_label\":\"\",\"help_text\":\"\",\"custom_name_attribute\":\"email\",\"personally_identifiable\":1,\"value\":\"\",\"id\":7,\"beforeField\":\"\",\"afterField\":\"\",\"parentType\":\"email\",\"element_templates\":[\"email\",\"input\"],\"old_classname\":\"\",\"wrap_template\":\"wrap\"},{\"objectType\":\"Field\",\"objectDomain\":\"fields\",\"editActive\":false,\"order\":4,\"idAttribute\":\"id\",\"type\":\"hidden\",\"label\":\"Quel savon ?\",\"key\":\"quel_savon_1743424986490\",\"default\":\"\",\"admin_label\":\"\",\"drawerDisabled\":false,\"id\":19,\"beforeField\":\"\",\"afterField\":\"\",\"value\":\"\",\"label_pos\":\"above\",\"parentType\":\"hidden\",\"element_templates\":[\"hidden\",\"input\"],\"old_classname\":\"\",\"wrap_template\":\"wrap-no-label\"},{\"objectType\":\"Field\",\"objectDomain\":\"fields\",\"editActive\":false,\"order\":5,\"idAttribute\":\"id\",\"type\":\"textarea\",\"label\":\"Votre message\",\"key\":\"votre_message_1741033629472\",\"label_pos\":\"above\",\"required\":1,\"default\":\"\",\"placeholder\":\"\",\"container_class\":\"\",\"element_class\":\"\",\"input_limit\":\"\",\"input_limit_type\":\"characters\",\"input_limit_msg\":\"Caract\\u00e8re(s) restant(s)\",\"manual_key\":false,\"admin_label\":\"\",\"help_text\":\"\",\"textarea_rte\":\"\",\"disable_rte_mobile\":\"\",\"textarea_media\":\"\",\"value\":\"\",\"drawerDisabled\":false,\"id\":8,\"beforeField\":\"\",\"afterField\":\"\",\"parentType\":\"textarea\",\"element_templates\":[\"textarea\",\"input\"],\"old_classname\":\"\",\"wrap_template\":\"wrap\"},{\"objectType\":\"Field\",\"objectDomain\":\"fields\",\"editActive\":false,\"order\":7,\"idAttribute\":\"id\",\"type\":\"submit\",\"label\":\"Envoyer ma demande\",\"processing_label\":\"Traitement en cours\",\"container_class\":\"\",\"element_class\":\"\",\"key\":\"envoyer_ma_demande_1741033928405\",\"admin_label\":\"\",\"drawerDisabled\":false,\"id\":10,\"beforeField\":\"\",\"afterField\":\"\",\"value\":\"\",\"label_pos\":\"above\",\"parentType\":\"textbox\",\"element_templates\":[\"submit\",\"button\",\"input\"],\"old_classname\":\"\",\"wrap_template\":\"wrap-no-label\"}];nfForms.push(form);<\/script>\n        <\/td>\n<\/tr>\n<\/tbody>\n<\/table>\n<\/figure>\n\n<p class=\"has-ast-global-color-6-color has-ast-global-color-4-background-color has-text-color has-background has-link-color wp-elements-0a462d13a18bb933da6ffd8b35757f5d\">\u00a0<\/p>\n\t\t\t\t\t\t\t\t<\/div>\n\t\t\t\t<\/div>\n\t\t\t\t\t<\/div>\n\t\t\t\t<\/div>\n\t\t<div class=\"elementor-element elementor-element-257d569 e-flex e-con-boxed e-con e-parent\" data-id=\"257d569\" data-element_type=\"container\" data-e-type=\"container\">\n\t\t\t\t\t<div class=\"e-con-inner\">\n\t\t\t\t<div class=\"elementor-element elementor-element-dfe719d elementor-widget elementor-widget-text-editor\" data-id=\"dfe719d\" data-element_type=\"widget\" data-e-type=\"widget\" data-widget_type=\"text-editor.default\">\n\t\t\t\t<div class=\"elementor-widget-container\">\n\t\t\t\t\t\t\t\t\t<p>En remplissant ce formulaire, vous consentez que Dual&rsquo;Ethik collecte vos donn\u00e9es afin de r\u00e9pondre \u00e0 votre message. Pour faire valoir votre droit d&rsquo;acc\u00e8s ou d&rsquo;effacement, <a href=\"https:\/\/dual-ethik.fr\/index.php\/politique-de-confidentialite\/\">consultez notre politique de confidentialit\u00e9<\/a><\/p>\t\t\t\t\t\t\t\t<\/div>\n\t\t\t\t<\/div>\n\t\t\t\t\t<\/div>\n\t\t\t\t<\/div>\n\t\t\t\t<\/div>\n\t\t","protected":false},"excerpt":{"rendered":"<p>Vous pouvez remplir le formulaire ci-dessous et je reviendrai vers vous rapidement par email pour y r\u00e9pondre. \u00a0 En remplissant ce formulaire, vous consentez que Dual&rsquo;Ethik collecte vos donn\u00e9es afin de r\u00e9pondre \u00e0 votre message. Pour faire valoir votre droit d&rsquo;acc\u00e8s ou d&rsquo;effacement, consultez notre politique de confidentialit\u00e9<\/p>\n","protected":false},"author":1,"featured_media":0,"parent":0,"menu_order":0,"comment_status":"closed","ping_status":"closed","template":"","meta":{"footnotes":""},"class_list":["post-10","page","type-page","status-publish","hentry"],"yoast_head":"<!-- This site is optimized with the Yoast SEO plugin v27.5 - https:\/\/yoast.com\/product\/yoast-seo-wordpress\/ -->\n<title>Contact - Dual&#039;Ethik<\/title>\n<meta name=\"description\" content=\"Vous souhaitez nous poser une question, ou nous laisser un message ? Remplissez ce formulaire de contact, nous vous r\u00e9pondrons au plus vite.\" \/>\n<meta name=\"robots\" content=\"index, follow, max-snippet:-1, max-image-preview:large, max-video-preview:-1\" \/>\n<link rel=\"canonical\" href=\"https:\/\/dual-ethik.fr\/index.php\/contact\/\" \/>\n<meta property=\"og:locale\" content=\"fr_FR\" \/>\n<meta property=\"og:type\" content=\"article\" \/>\n<meta property=\"og:title\" content=\"Contact - Dual&#039;Ethik\" \/>\n<meta property=\"og:description\" content=\"Vous souhaitez nous poser une question, ou nous laisser un message ? Remplissez ce formulaire de contact, nous vous r\u00e9pondrons au plus vite.\" \/>\n<meta property=\"og:url\" content=\"https:\/\/dual-ethik.fr\/index.php\/contact\/\" \/>\n<meta property=\"og:site_name\" content=\"Dual&#039;Ethik\" \/>\n<meta property=\"article:modified_time\" content=\"2025-05-15T16:28:04+00:00\" \/>\n<meta name=\"twitter:card\" content=\"summary_large_image\" \/>\n<meta name=\"twitter:label1\" content=\"Dur\u00e9e de lecture estim\u00e9e\" \/>\n\t<meta name=\"twitter:data1\" content=\"1 minute\" \/>\n<script type=\"application\/ld+json\" class=\"yoast-schema-graph\">{\"@context\":\"https:\\\/\\\/schema.org\",\"@graph\":[{\"@type\":\"WebPage\",\"@id\":\"https:\\\/\\\/dual-ethik.fr\\\/index.php\\\/contact\\\/\",\"url\":\"https:\\\/\\\/dual-ethik.fr\\\/index.php\\\/contact\\\/\",\"name\":\"Contact - Dual'Ethik\",\"isPartOf\":{\"@id\":\"https:\\\/\\\/dual-ethik.fr\\\/#website\"},\"datePublished\":\"2022-04-27T19:56:07+00:00\",\"dateModified\":\"2025-05-15T16:28:04+00:00\",\"description\":\"Vous souhaitez nous poser une question, ou nous laisser un message ? Remplissez ce formulaire de contact, nous vous r\u00e9pondrons au plus vite.\",\"breadcrumb\":{\"@id\":\"https:\\\/\\\/dual-ethik.fr\\\/index.php\\\/contact\\\/#breadcrumb\"},\"inLanguage\":\"fr-FR\",\"potentialAction\":[{\"@type\":\"ReadAction\",\"target\":[\"https:\\\/\\\/dual-ethik.fr\\\/index.php\\\/contact\\\/\"]}]},{\"@type\":\"BreadcrumbList\",\"@id\":\"https:\\\/\\\/dual-ethik.fr\\\/index.php\\\/contact\\\/#breadcrumb\",\"itemListElement\":[{\"@type\":\"ListItem\",\"position\":1,\"name\":\"Accueil\",\"item\":\"https:\\\/\\\/dual-ethik.fr\\\/\"},{\"@type\":\"ListItem\",\"position\":2,\"name\":\"Contact\"}]},{\"@type\":\"WebSite\",\"@id\":\"https:\\\/\\\/dual-ethik.fr\\\/#website\",\"url\":\"https:\\\/\\\/dual-ethik.fr\\\/\",\"name\":\"Dual'Ethik\",\"description\":\"\",\"publisher\":{\"@id\":\"https:\\\/\\\/dual-ethik.fr\\\/#organization\"},\"potentialAction\":[{\"@type\":\"SearchAction\",\"target\":{\"@type\":\"EntryPoint\",\"urlTemplate\":\"https:\\\/\\\/dual-ethik.fr\\\/?s={search_term_string}\"},\"query-input\":{\"@type\":\"PropertyValueSpecification\",\"valueRequired\":true,\"valueName\":\"search_term_string\"}}],\"inLanguage\":\"fr-FR\"},{\"@type\":\"Organization\",\"@id\":\"https:\\\/\\\/dual-ethik.fr\\\/#organization\",\"name\":\"Dual'Ethik\",\"url\":\"https:\\\/\\\/dual-ethik.fr\\\/\",\"logo\":{\"@type\":\"ImageObject\",\"inLanguage\":\"fr-FR\",\"@id\":\"https:\\\/\\\/dual-ethik.fr\\\/#\\\/schema\\\/logo\\\/image\\\/\",\"url\":\"https:\\\/\\\/dual-ethik.fr\\\/wp-content\\\/uploads\\\/2025\\\/02\\\/logo-dual-ethik.png\",\"contentUrl\":\"https:\\\/\\\/dual-ethik.fr\\\/wp-content\\\/uploads\\\/2025\\\/02\\\/logo-dual-ethik.png\",\"width\":100,\"height\":80,\"caption\":\"Dual'Ethik\"},\"image\":{\"@id\":\"https:\\\/\\\/dual-ethik.fr\\\/#\\\/schema\\\/logo\\\/image\\\/\"}}]}<\/script>\n<!-- \/ Yoast SEO plugin. -->","yoast_head_json":{"title":"Contact - Dual'Ethik","description":"Vous souhaitez nous poser une question, ou nous laisser un message ? Remplissez ce formulaire de contact, nous vous r\u00e9pondrons au plus vite.","robots":{"index":"index","follow":"follow","max-snippet":"max-snippet:-1","max-image-preview":"max-image-preview:large","max-video-preview":"max-video-preview:-1"},"canonical":"https:\/\/dual-ethik.fr\/index.php\/contact\/","og_locale":"fr_FR","og_type":"article","og_title":"Contact - Dual'Ethik","og_description":"Vous souhaitez nous poser une question, ou nous laisser un message ? Remplissez ce formulaire de contact, nous vous r\u00e9pondrons au plus vite.","og_url":"https:\/\/dual-ethik.fr\/index.php\/contact\/","og_site_name":"Dual&#039;Ethik","article_modified_time":"2025-05-15T16:28:04+00:00","twitter_card":"summary_large_image","twitter_misc":{"Dur\u00e9e de lecture estim\u00e9e":"1 minute"},"schema":{"@context":"https:\/\/schema.org","@graph":[{"@type":"WebPage","@id":"https:\/\/dual-ethik.fr\/index.php\/contact\/","url":"https:\/\/dual-ethik.fr\/index.php\/contact\/","name":"Contact - Dual'Ethik","isPartOf":{"@id":"https:\/\/dual-ethik.fr\/#website"},"datePublished":"2022-04-27T19:56:07+00:00","dateModified":"2025-05-15T16:28:04+00:00","description":"Vous souhaitez nous poser une question, ou nous laisser un message ? Remplissez ce formulaire de contact, nous vous r\u00e9pondrons au plus vite.","breadcrumb":{"@id":"https:\/\/dual-ethik.fr\/index.php\/contact\/#breadcrumb"},"inLanguage":"fr-FR","potentialAction":[{"@type":"ReadAction","target":["https:\/\/dual-ethik.fr\/index.php\/contact\/"]}]},{"@type":"BreadcrumbList","@id":"https:\/\/dual-ethik.fr\/index.php\/contact\/#breadcrumb","itemListElement":[{"@type":"ListItem","position":1,"name":"Accueil","item":"https:\/\/dual-ethik.fr\/"},{"@type":"ListItem","position":2,"name":"Contact"}]},{"@type":"WebSite","@id":"https:\/\/dual-ethik.fr\/#website","url":"https:\/\/dual-ethik.fr\/","name":"Dual'Ethik","description":"","publisher":{"@id":"https:\/\/dual-ethik.fr\/#organization"},"potentialAction":[{"@type":"SearchAction","target":{"@type":"EntryPoint","urlTemplate":"https:\/\/dual-ethik.fr\/?s={search_term_string}"},"query-input":{"@type":"PropertyValueSpecification","valueRequired":true,"valueName":"search_term_string"}}],"inLanguage":"fr-FR"},{"@type":"Organization","@id":"https:\/\/dual-ethik.fr\/#organization","name":"Dual'Ethik","url":"https:\/\/dual-ethik.fr\/","logo":{"@type":"ImageObject","inLanguage":"fr-FR","@id":"https:\/\/dual-ethik.fr\/#\/schema\/logo\/image\/","url":"https:\/\/dual-ethik.fr\/wp-content\/uploads\/2025\/02\/logo-dual-ethik.png","contentUrl":"https:\/\/dual-ethik.fr\/wp-content\/uploads\/2025\/02\/logo-dual-ethik.png","width":100,"height":80,"caption":"Dual'Ethik"},"image":{"@id":"https:\/\/dual-ethik.fr\/#\/schema\/logo\/image\/"}}]}},"_links":{"self":[{"href":"https:\/\/dual-ethik.fr\/index.php\/wp-json\/wp\/v2\/pages\/10","targetHints":{"allow":["GET"]}}],"collection":[{"href":"https:\/\/dual-ethik.fr\/index.php\/wp-json\/wp\/v2\/pages"}],"about":[{"href":"https:\/\/dual-ethik.fr\/index.php\/wp-json\/wp\/v2\/types\/page"}],"author":[{"embeddable":true,"href":"https:\/\/dual-ethik.fr\/index.php\/wp-json\/wp\/v2\/users\/1"}],"replies":[{"embeddable":true,"href":"https:\/\/dual-ethik.fr\/index.php\/wp-json\/wp\/v2\/comments?post=10"}],"version-history":[{"count":14,"href":"https:\/\/dual-ethik.fr\/index.php\/wp-json\/wp\/v2\/pages\/10\/revisions"}],"predecessor-version":[{"id":2235,"href":"https:\/\/dual-ethik.fr\/index.php\/wp-json\/wp\/v2\/pages\/10\/revisions\/2235"}],"wp:attachment":[{"href":"https:\/\/dual-ethik.fr\/index.php\/wp-json\/wp\/v2\/media?parent=10"}],"curies":[{"name":"wp","href":"https:\/\/api.w.org\/{rel}","templated":true}]}}